{"id":2715,"date":"2024-07-13T11:38:03","date_gmt":"2024-07-13T09:38:03","guid":{"rendered":"https:\/\/www.sauerlaender-verlag.com\/?post_type=product&#038;p=2715"},"modified":"2025-02-09T13:36:18","modified_gmt":"2025-02-09T11:36:18","slug":"waldliebe-als-geschaeftsmodell","status":"publish","type":"product","link":"https:\/\/www.sauerlaender-verlag.com\/en\/produkt\/waldliebe-als-geschaeftsmodell\/","title":{"rendered":"WALDLIEBE ALS GESCH\u00c4FTSMODELL"},"content":{"rendered":"<p style=\"text-align: center;\"><strong>Waldliebe als Gesch\u00e4ftsmodell<\/strong><\/p>\n<p style=\"text-align: center;\"><strong>Gel\u00fcftet: Das Geheimnis von Wohllebens Baumgeheimnis<\/strong><\/p>\n<p style=\"text-align: center;\"><strong>von Wilhelm Bode<\/strong><\/p>\n<p style=\"text-align: center;\">36 Seiten mit 11 Abbildungen. ISBN 978-3-7939-0920-0. Kartoniert \u20ac 9,80<\/p>\n<p style=\"text-align: center;\">Mit einem Vorwort von Dr. Christof Bartsch,<br \/>\nPr\u00e4sident des Europ\u00e4ischen Kommunalen Waldbesitzerverbands FECOF<\/p>\n<p>Wilhelm Bode setzt sich in diesem Werk kritisch und nachhaltig ablehnend mit dem Ansatz und dem daraus entwickelten Gesch\u00e4ftsmodell Peter Wohllebens auseinander. Sein Essay stellt eine sachlich und fachlich fundierte Auseinandersetzung mit den Thesen Wohllebens, die dieser in seinem Bestseller <em>Das geheime Leben der B\u00e4ume<\/em> vorstellt, dar. Es geht dabei einerseits um die fragw\u00fcrdige Herleitung von dessen Thesen sowie andererseits um die Folgeprodukte seines Schaffens, wie zum Beispiel seine Waldakademie und deren, zumindest f\u00fcr den Initiator, \u00fcberaus eintr\u00e4glichen Waldschutz-Produkte.<\/p>\n<p>Dabei stellt sich die Frage, ob f\u00fcr den fachlich unbeschwerten Leser der attraktive Inhalt des Bestsellers Ursache seines Erfolges war und ist oder ist das ganze aus nachtr\u00e4glicher Sicht als strategisch geplanter Coup erkennbar sei, auf dessen fachlichen Inhalt es kaum ankommt? Dieser \u00dcberlegung geht der Forstakademiker und Jurist Wilhelm Bode in seinem Essay nach und kommt auch zu eben diesem Ergebnis. Er stellt Wohlleben auf eine Stufe mit Erich von D\u00e4niken, der ebenfalls dank seiner Geheimniserforschung vor sechs Jahrzehnten mit einem \u00e4hnlich strukturierten Coup erst den belebten Kosmos und dann den deutschen Buchmarkt aufmischte.<\/p>\n<p>Das Ergebnis der Untersuchung von Wohllebens Wirken als Autor und Gesch\u00e4ftsmann durch Wilhelm Bode ist ern\u00fcchternd: Mithilfe der \u00f6ffentlichen Medien gelingt es hier, einen in der Sache bedenklichen Hype zu entfachen, wobei der Protagonist den Markt bedient und dann von ihm profitiert unter dem Vorwand der Aufkl\u00e4rung angeblicher Geheimnisse, die aber einer sachlichen Pr\u00fcfung sp\u00e4ter nicht im Geringsten standhalten.<\/p>\n<p>\u201eAn die Stelle von naiver Waldliebe, Urwaldphantasien und Bedienung von Gef\u00fchligkeit muss Waldentwicklung mit Herz, Verstand und Verantwortung f\u00fcr nachfolgende Generationen treten\u201c, so fordert Dr. Christof Bartsch in seinem Vorwort zu diesem Essay.<\/p>\n<p>&nbsp;<\/p>\n<p>&nbsp;<\/p>\n<p style=\"text-align: center;\"><strong>J. D. SAUERL\u00c4NDER\u2019S VERLAG \u2022 BAD ORB<\/strong><\/p>\n","protected":false},"excerpt":{"rendered":"<p><strong>Gel\u00fcftet: Das Geheimnis von Wohllebens Baumgeheimnis<\/strong><\/p>\n<p><strong>von Wilhelm Bode<\/strong><\/p>\n<p>36 Seiten mit 11 Abbildungen. ISBN 978-3-7939-0920-0. Kartoniert \u20ac 9,80<\/p>\n<p>Mit einem Vorwort von Dr. Christof Bartsch,<\/p>\n<p>Pr\u00e4sident des Europ\u00e4ischen Kommunalen Waldbesitzerverbands FECOF <a href=\"https:\/\/www.sauerlaender-verlag.com\/en\/produkt\/waldliebe-als-geschaeftsmodell\/\">Continue reading <span class=\"meta-nav\">&rarr;<\/span><\/a><\/p>\n","protected":false},"featured_media":3467,"template":"","meta":[],"product_brand":[],"product_cat":[247],"product_tag":[],"class_list":{"0":"post-2715","1":"product","2":"type-product","3":"status-publish","4":"has-post-thumbnail","6":"product_cat-neuerscheinung","8":"first","9":"instock","10":"taxable","11":"shipping-taxable","12":"purchasable","13":"product-type-simple"},"translation":{"provider":"WPGlobus","version":"3.0.0","language":"en","enabled_languages":["de","en"],"languages":{"de":{"title":true,"content":true,"excerpt":true},"en":{"title":false,"content":false,"excerpt":false}}},"_links":{"self":[{"href":"https:\/\/www.sauerlaender-verlag.com\/en\/wp-json\/wp\/v2\/product\/2715","targetHints":{"allow":["GET"]}}],"collection":[{"href":"https:\/\/www.sauerlaender-verlag.com\/en\/wp-json\/wp\/v2\/product"}],"about":[{"href":"https:\/\/www.sauerlaender-verlag.com\/en\/wp-json\/wp\/v2\/types\/product"}],"wp:featuredmedia":[{"embeddable":true,"href":"https:\/\/www.sauerlaender-verlag.com\/en\/wp-json\/wp\/v2\/media\/3467"}],"wp:attachment":[{"href":"https:\/\/www.sauerlaender-verlag.com\/en\/wp-json\/wp\/v2\/media?parent=2715"}],"wp:term":[{"taxonomy":"product_brand","embeddable":true,"href":"https:\/\/www.sauerlaender-verlag.com\/en\/wp-json\/wp\/v2\/product_brand?post=2715"},{"taxonomy":"product_cat","embeddable":true,"href":"https:\/\/www.sauerlaender-verlag.com\/en\/wp-json\/wp\/v2\/product_cat?post=2715"},{"taxonomy":"product_tag","embeddable":true,"href":"https:\/\/www.sauerlaender-verlag.com\/en\/wp-json\/wp\/v2\/product_tag?post=2715"}],"curies":[{"name":"wp","href":"https:\/\/api.w.org\/{rel}","templated":true}]}}