{"id":2535,"date":"2022-12-17T01:28:54","date_gmt":"2022-12-16T23:28:54","guid":{"rendered":"https:\/\/www.sauerlaender-verlag.com\/?post_type=product&#038;p=2535"},"modified":"2022-12-17T01:28:55","modified_gmt":"2022-12-16T23:28:55","slug":"band-011-der-erholungswert-des-waldes-monetaere-bewertung-der-erholungsleistung-ausgewaehlter-waelder-in-deutschland","status":"publish","type":"product","link":"https:\/\/www.sauerlaender-verlag.com\/en\/produkt\/band-011-der-erholungswert-des-waldes-monetaere-bewertung-der-erholungsleistung-ausgewaehlter-waelder-in-deutschland\/","title":{"rendered":"Band 011: Der Erholungswert des Waldes: Monet\u00e4re Bewertung der Erholungsleistung ausgew\u00e4hlter W\u00e4lder in Deutschland"},"content":{"rendered":"","protected":false},"excerpt":{"rendered":"","protected":false},"featured_media":0,"template":"","meta":[],"product_brand":[],"product_cat":[138],"product_tag":[],"class_list":{"0":"post-2535","1":"product","2":"type-product","3":"status-publish","5":"product_cat-schriften-zur-forst-und-umweltoekonomie","7":"first","8":"instock","9":"taxable","10":"shipping-taxable","11":"purchasable","12":"product-type-simple"},"translation":{"provider":"WPGlobus","version":"3.0.0","language":"en","enabled_languages":["de","en"],"languages":{"de":{"title":true,"content":false,"excerpt":false},"en":{"title":false,"content":false,"excerpt":false}}},"_links":{"self":[{"href":"https:\/\/www.sauerlaender-verlag.com\/en\/wp-json\/wp\/v2\/product\/2535","targetHints":{"allow":["GET"]}}],"collection":[{"href":"https:\/\/www.sauerlaender-verlag.com\/en\/wp-json\/wp\/v2\/product"}],"about":[{"href":"https:\/\/www.sauerlaender-verlag.com\/en\/wp-json\/wp\/v2\/types\/product"}],"wp:attachment":[{"href":"https:\/\/www.sauerlaender-verlag.com\/en\/wp-json\/wp\/v2\/media?parent=2535"}],"wp:term":[{"taxonomy":"product_brand","embeddable":true,"href":"https:\/\/www.sauerlaender-verlag.com\/en\/wp-json\/wp\/v2\/product_brand?post=2535"},{"taxonomy":"product_cat","embeddable":true,"href":"https:\/\/www.sauerlaender-verlag.com\/en\/wp-json\/wp\/v2\/product_cat?post=2535"},{"taxonomy":"product_tag","embeddable":true,"href":"https:\/\/www.sauerlaender-verlag.com\/en\/wp-json\/wp\/v2\/product_tag?post=2535"}],"curies":[{"name":"wp","href":"https:\/\/api.w.org\/{rel}","templated":true}]}}