{"id":2533,"date":"2022-12-17T01:26:45","date_gmt":"2022-12-16T23:26:45","guid":{"rendered":"https:\/\/www.sauerlaender-verlag.com\/?post_type=product&#038;p=2533"},"modified":"2022-12-17T01:26:45","modified_gmt":"2022-12-16T23:26:45","slug":"band-009-bestimmungsgruende-des-aussenhandels-mit-stammholz-ein-modell-und-dessen-empirische-ueberpruefung-am-beispiel-des-nadelstammholzmarktes-der-brd","status":"publish","type":"product","link":"https:\/\/www.sauerlaender-verlag.com\/en\/produkt\/band-009-bestimmungsgruende-des-aussenhandels-mit-stammholz-ein-modell-und-dessen-empirische-ueberpruefung-am-beispiel-des-nadelstammholzmarktes-der-brd\/","title":{"rendered":"Band 009: Bestimmungsgr\u00fcnde des Au\u00dfenhandels mit Stammholz: Ein Modell und dessen Empirische \u00dcberpr\u00fcfung am Beispiel des Nadelstammholzmarktes der BRD"},"content":{"rendered":"","protected":false},"excerpt":{"rendered":"","protected":false},"featured_media":0,"template":"","meta":[],"product_brand":[],"product_cat":[138],"product_tag":[],"class_list":{"0":"post-2533","1":"product","2":"type-product","3":"status-publish","5":"product_cat-schriften-zur-forst-und-umweltoekonomie","7":"first","8":"instock","9":"taxable","10":"shipping-taxable","11":"purchasable","12":"product-type-simple"},"translation":{"provider":"WPGlobus","version":"3.0.0","language":"en","enabled_languages":["de","en"],"languages":{"de":{"title":true,"content":false,"excerpt":false},"en":{"title":false,"content":false,"excerpt":false}}},"_links":{"self":[{"href":"https:\/\/www.sauerlaender-verlag.com\/en\/wp-json\/wp\/v2\/product\/2533","targetHints":{"allow":["GET"]}}],"collection":[{"href":"https:\/\/www.sauerlaender-verlag.com\/en\/wp-json\/wp\/v2\/product"}],"about":[{"href":"https:\/\/www.sauerlaender-verlag.com\/en\/wp-json\/wp\/v2\/types\/product"}],"wp:attachment":[{"href":"https:\/\/www.sauerlaender-verlag.com\/en\/wp-json\/wp\/v2\/media?parent=2533"}],"wp:term":[{"taxonomy":"product_brand","embeddable":true,"href":"https:\/\/www.sauerlaender-verlag.com\/en\/wp-json\/wp\/v2\/product_brand?post=2533"},{"taxonomy":"product_cat","embeddable":true,"href":"https:\/\/www.sauerlaender-verlag.com\/en\/wp-json\/wp\/v2\/product_cat?post=2533"},{"taxonomy":"product_tag","embeddable":true,"href":"https:\/\/www.sauerlaender-verlag.com\/en\/wp-json\/wp\/v2\/product_tag?post=2533"}],"curies":[{"name":"wp","href":"https:\/\/api.w.org\/{rel}","templated":true}]}}