{"id":1738,"date":"2019-02-09T21:24:34","date_gmt":"2019-02-09T19:24:34","guid":{"rendered":"https:\/\/www.sauerlaender-verlag.com\/?post_type=product&#038;p=1738"},"modified":"2019-02-09T22:23:58","modified_gmt":"2019-02-09T20:23:58","slug":"band-129-oekologische-untersuchungen-zur-initialphase-der-naturverjuengung-in-eschen-buchen-mischbestaenden","status":"publish","type":"product","link":"https:\/\/www.sauerlaender-verlag.com\/en\/produkt\/band-129-oekologische-untersuchungen-zur-initialphase-der-naturverjuengung-in-eschen-buchen-mischbestaenden\/","title":{"rendered":"Band 129: \u00d6kologische Untersuchungen zur Initialphase der Naturverj\u00fcngung in Eschen-Buchen-Mischbest\u00e4nden"},"content":{"rendered":"","protected":false},"excerpt":{"rendered":"<p>Von S. Wagner. 265 Seiten mit 122 Abb. und 47 Tab. Kart. <a href=\"https:\/\/www.sauerlaender-verlag.com\/en\/produkt\/band-129-oekologische-untersuchungen-zur-initialphase-der-naturverjuengung-in-eschen-buchen-mischbestaenden\/\">Continue reading <span class=\"meta-nav\">&rarr;<\/span><\/a><\/p>\n","protected":false},"featured_media":0,"template":"","meta":[],"product_brand":[],"product_cat":[153,140],"product_tag":[],"class_list":{"0":"post-1738","1":"product","2":"type-product","3":"status-publish","5":"product_cat-ertragskunde","6":"product_cat-schriften-der-forstl-fakultaet-goettingen","8":"first","9":"instock","10":"taxable","11":"shipping-taxable","12":"purchasable","13":"product-type-simple"},"translation":{"provider":"WPGlobus","version":"3.0.0","language":"en","enabled_languages":["de","en"],"languages":{"de":{"title":true,"content":false,"excerpt":true},"en":{"title":false,"content":false,"excerpt":false}}},"_links":{"self":[{"href":"https:\/\/www.sauerlaender-verlag.com\/en\/wp-json\/wp\/v2\/product\/1738","targetHints":{"allow":["GET"]}}],"collection":[{"href":"https:\/\/www.sauerlaender-verlag.com\/en\/wp-json\/wp\/v2\/product"}],"about":[{"href":"https:\/\/www.sauerlaender-verlag.com\/en\/wp-json\/wp\/v2\/types\/product"}],"wp:attachment":[{"href":"https:\/\/www.sauerlaender-verlag.com\/en\/wp-json\/wp\/v2\/media?parent=1738"}],"wp:term":[{"taxonomy":"product_brand","embeddable":true,"href":"https:\/\/www.sauerlaender-verlag.com\/en\/wp-json\/wp\/v2\/product_brand?post=1738"},{"taxonomy":"product_cat","embeddable":true,"href":"https:\/\/www.sauerlaender-verlag.com\/en\/wp-json\/wp\/v2\/product_cat?post=1738"},{"taxonomy":"product_tag","embeddable":true,"href":"https:\/\/www.sauerlaender-verlag.com\/en\/wp-json\/wp\/v2\/product_tag?post=1738"}],"curies":[{"name":"wp","href":"https:\/\/api.w.org\/{rel}","templated":true}]}}