{"id":1709,"date":"2019-02-09T21:02:37","date_gmt":"2019-02-09T19:02:37","guid":{"rendered":"https:\/\/www.sauerlaender-verlag.com\/?post_type=product&#038;p=1709"},"modified":"2019-02-09T22:01:40","modified_gmt":"2019-02-09T20:01:40","slug":"band-066-untersuchungen-ueber-die-widerstandsfaehigkeit-der-fichte-picea-abies-karst-gegenueber-dem-wurzelschwamm-fomes-annosus-fr-cooke","status":"publish","type":"product","link":"https:\/\/www.sauerlaender-verlag.com\/en\/produkt\/band-066-untersuchungen-ueber-die-widerstandsfaehigkeit-der-fichte-picea-abies-karst-gegenueber-dem-wurzelschwamm-fomes-annosus-fr-cooke\/","title":{"rendered":"Band 066: Untersuchungen \u00fcber die Widerstandsf\u00e4higkeit der Fichte (Picea abies Karst.) gegen\u00fcber dem Wurzelschwamm Fomes annosus (Fr.) Cooke"},"content":{"rendered":"","protected":false},"excerpt":{"rendered":"<p>Von L. Dimitri. 126 Seiten mit 31 Abb. und 14 Tab. Kart. <a href=\"https:\/\/www.sauerlaender-verlag.com\/en\/produkt\/band-066-untersuchungen-ueber-die-widerstandsfaehigkeit-der-fichte-picea-abies-karst-gegenueber-dem-wurzelschwamm-fomes-annosus-fr-cooke\/\">Continue reading <span class=\"meta-nav\">&rarr;<\/span><\/a><\/p>\n","protected":false},"featured_media":0,"template":"","meta":[],"product_brand":[],"product_cat":[149,140],"product_tag":[],"class_list":{"0":"post-1709","1":"product","2":"type-product","3":"status-publish","5":"product_cat-forstschutz","6":"product_cat-schriften-der-forstl-fakultaet-goettingen","8":"first","9":"instock","10":"taxable","11":"shipping-taxable","12":"purchasable","13":"product-type-simple"},"translation":{"provider":"WPGlobus","version":"3.0.0","language":"en","enabled_languages":["de","en"],"languages":{"de":{"title":true,"content":false,"excerpt":true},"en":{"title":false,"content":false,"excerpt":false}}},"_links":{"self":[{"href":"https:\/\/www.sauerlaender-verlag.com\/en\/wp-json\/wp\/v2\/product\/1709","targetHints":{"allow":["GET"]}}],"collection":[{"href":"https:\/\/www.sauerlaender-verlag.com\/en\/wp-json\/wp\/v2\/product"}],"about":[{"href":"https:\/\/www.sauerlaender-verlag.com\/en\/wp-json\/wp\/v2\/types\/product"}],"wp:attachment":[{"href":"https:\/\/www.sauerlaender-verlag.com\/en\/wp-json\/wp\/v2\/media?parent=1709"}],"wp:term":[{"taxonomy":"product_brand","embeddable":true,"href":"https:\/\/www.sauerlaender-verlag.com\/en\/wp-json\/wp\/v2\/product_brand?post=1709"},{"taxonomy":"product_cat","embeddable":true,"href":"https:\/\/www.sauerlaender-verlag.com\/en\/wp-json\/wp\/v2\/product_cat?post=1709"},{"taxonomy":"product_tag","embeddable":true,"href":"https:\/\/www.sauerlaender-verlag.com\/en\/wp-json\/wp\/v2\/product_tag?post=1709"}],"curies":[{"name":"wp","href":"https:\/\/api.w.org\/{rel}","templated":true}]}}