{"id":1697,"date":"2019-02-09T20:55:48","date_gmt":"2019-02-09T18:55:48","guid":{"rendered":"https:\/\/www.sauerlaender-verlag.com\/?post_type=product&#038;p=1697"},"modified":"2019-02-09T22:20:51","modified_gmt":"2019-02-09T20:20:51","slug":"band-045-ueber-hoehenwuchsleistung-und-wachstumsoptimum-der-schwarzerle-auf-vergleichbaren-standorten-in-nord-mittel-und-suedeuropa","status":"publish","type":"product","link":"https:\/\/www.sauerlaender-verlag.com\/en\/produkt\/band-045-ueber-hoehenwuchsleistung-und-wachstumsoptimum-der-schwarzerle-auf-vergleichbaren-standorten-in-nord-mittel-und-suedeuropa\/","title":{"rendered":"Band 045: \u00dcber H\u00f6henwuchsleistung und Wachstumsoptimum der Schwarzerle auf vergleichbaren Standorten in Nord-, Mittel- und S\u00fcdeuropa"},"content":{"rendered":"","protected":false},"excerpt":{"rendered":"<p>Von V. Glavac. 64 Seiten mit 27 Abb. und 17 Tab. Kart. <a href=\"https:\/\/www.sauerlaender-verlag.com\/en\/produkt\/band-045-ueber-hoehenwuchsleistung-und-wachstumsoptimum-der-schwarzerle-auf-vergleichbaren-standorten-in-nord-mittel-und-suedeuropa\/\">Continue reading <span class=\"meta-nav\">&rarr;<\/span><\/a><\/p>\n","protected":false},"featured_media":0,"template":"","meta":[],"product_brand":[],"product_cat":[153,140],"product_tag":[],"class_list":{"0":"post-1697","1":"product","2":"type-product","3":"status-publish","5":"product_cat-ertragskunde","6":"product_cat-schriften-der-forstl-fakultaet-goettingen","8":"first","9":"instock","10":"taxable","11":"shipping-taxable","12":"purchasable","13":"product-type-simple"},"translation":{"provider":"WPGlobus","version":"3.0.0","language":"en","enabled_languages":["de","en"],"languages":{"de":{"title":true,"content":false,"excerpt":true},"en":{"title":false,"content":false,"excerpt":false}}},"_links":{"self":[{"href":"https:\/\/www.sauerlaender-verlag.com\/en\/wp-json\/wp\/v2\/product\/1697","targetHints":{"allow":["GET"]}}],"collection":[{"href":"https:\/\/www.sauerlaender-verlag.com\/en\/wp-json\/wp\/v2\/product"}],"about":[{"href":"https:\/\/www.sauerlaender-verlag.com\/en\/wp-json\/wp\/v2\/types\/product"}],"wp:attachment":[{"href":"https:\/\/www.sauerlaender-verlag.com\/en\/wp-json\/wp\/v2\/media?parent=1697"}],"wp:term":[{"taxonomy":"product_brand","embeddable":true,"href":"https:\/\/www.sauerlaender-verlag.com\/en\/wp-json\/wp\/v2\/product_brand?post=1697"},{"taxonomy":"product_cat","embeddable":true,"href":"https:\/\/www.sauerlaender-verlag.com\/en\/wp-json\/wp\/v2\/product_cat?post=1697"},{"taxonomy":"product_tag","embeddable":true,"href":"https:\/\/www.sauerlaender-verlag.com\/en\/wp-json\/wp\/v2\/product_tag?post=1697"}],"curies":[{"name":"wp","href":"https:\/\/api.w.org\/{rel}","templated":true}]}}