{"id":1694,"date":"2019-02-09T20:54:04","date_gmt":"2019-02-09T18:54:04","guid":{"rendered":"https:\/\/www.sauerlaender-verlag.com\/?post_type=product&#038;p=1694"},"modified":"2019-02-09T22:01:19","modified_gmt":"2019-02-09T20:01:19","slug":"band-039-untersuchungen-ueber-die-rotfaeule-der-fichten","status":"publish","type":"product","link":"https:\/\/www.sauerlaender-verlag.com\/en\/produkt\/band-039-untersuchungen-ueber-die-rotfaeule-der-fichten\/","title":{"rendered":"Band 039: Untersuchungen \u00fcber die Rotf\u00e4ule der Fichten"},"content":{"rendered":"","protected":false},"excerpt":{"rendered":"<p>Von H. Zycha und E. Kat\u00f3. 120 Seiten mit 38 Abb. und 24 Tab. Kart. <a href=\"https:\/\/www.sauerlaender-verlag.com\/en\/produkt\/band-039-untersuchungen-ueber-die-rotfaeule-der-fichten\/\">Continue reading <span class=\"meta-nav\">&rarr;<\/span><\/a><\/p>\n","protected":false},"featured_media":0,"template":"","meta":[],"product_brand":[],"product_cat":[149,140],"product_tag":[],"class_list":{"0":"post-1694","1":"product","2":"type-product","3":"status-publish","5":"product_cat-forstschutz","6":"product_cat-schriften-der-forstl-fakultaet-goettingen","8":"first","9":"instock","10":"taxable","11":"shipping-taxable","12":"purchasable","13":"product-type-simple"},"translation":{"provider":"WPGlobus","version":"3.0.0","language":"en","enabled_languages":["de","en"],"languages":{"de":{"title":true,"content":false,"excerpt":true},"en":{"title":false,"content":false,"excerpt":false}}},"_links":{"self":[{"href":"https:\/\/www.sauerlaender-verlag.com\/en\/wp-json\/wp\/v2\/product\/1694","targetHints":{"allow":["GET"]}}],"collection":[{"href":"https:\/\/www.sauerlaender-verlag.com\/en\/wp-json\/wp\/v2\/product"}],"about":[{"href":"https:\/\/www.sauerlaender-verlag.com\/en\/wp-json\/wp\/v2\/types\/product"}],"wp:attachment":[{"href":"https:\/\/www.sauerlaender-verlag.com\/en\/wp-json\/wp\/v2\/media?parent=1694"}],"wp:term":[{"taxonomy":"product_brand","embeddable":true,"href":"https:\/\/www.sauerlaender-verlag.com\/en\/wp-json\/wp\/v2\/product_brand?post=1694"},{"taxonomy":"product_cat","embeddable":true,"href":"https:\/\/www.sauerlaender-verlag.com\/en\/wp-json\/wp\/v2\/product_cat?post=1694"},{"taxonomy":"product_tag","embeddable":true,"href":"https:\/\/www.sauerlaender-verlag.com\/en\/wp-json\/wp\/v2\/product_tag?post=1694"}],"curies":[{"name":"wp","href":"https:\/\/api.w.org\/{rel}","templated":true}]}}