{"id":1686,"date":"2019-02-09T19:58:35","date_gmt":"2019-02-09T17:58:35","guid":{"rendered":"https:\/\/www.sauerlaender-verlag.com\/?post_type=product&#038;p=1686"},"modified":"2019-02-09T22:16:12","modified_gmt":"2019-02-09T20:16:12","slug":"band-029-ueber-die-zusammenhaenge-zwischen-baumgestalt-und-guete-des-schnittholzes-bei-der-buche","status":"publish","type":"product","link":"https:\/\/www.sauerlaender-verlag.com\/en\/produkt\/band-029-ueber-die-zusammenhaenge-zwischen-baumgestalt-und-guete-des-schnittholzes-bei-der-buche\/","title":{"rendered":"Band 029: \u00dcber die Zusammenh\u00e4nge zwischen Baumgestalt und G\u00fcte des Schnittholzes bei der Buche"},"content":{"rendered":"","protected":false},"excerpt":{"rendered":"<p>Von H. Schulz. 96 Seiten mit 2 Fototafeln, 20 Abb. und 16 Tab. Kart. <a href=\"https:\/\/www.sauerlaender-verlag.com\/en\/produkt\/band-029-ueber-die-zusammenhaenge-zwischen-baumgestalt-und-guete-des-schnittholzes-bei-der-buche\/\">Continue reading <span class=\"meta-nav\">&rarr;<\/span><\/a><\/p>\n","protected":false},"featured_media":0,"template":"","meta":[],"product_brand":[],"product_cat":[152,140],"product_tag":[],"class_list":{"0":"post-1686","1":"product","2":"type-product","3":"status-publish","5":"product_cat-forstbenutzung","6":"product_cat-schriften-der-forstl-fakultaet-goettingen","8":"first","9":"instock","10":"taxable","11":"shipping-taxable","12":"purchasable","13":"product-type-simple"},"translation":{"provider":"WPGlobus","version":"3.0.0","language":"en","enabled_languages":["de","en"],"languages":{"de":{"title":true,"content":false,"excerpt":true},"en":{"title":false,"content":false,"excerpt":false}}},"_links":{"self":[{"href":"https:\/\/www.sauerlaender-verlag.com\/en\/wp-json\/wp\/v2\/product\/1686","targetHints":{"allow":["GET"]}}],"collection":[{"href":"https:\/\/www.sauerlaender-verlag.com\/en\/wp-json\/wp\/v2\/product"}],"about":[{"href":"https:\/\/www.sauerlaender-verlag.com\/en\/wp-json\/wp\/v2\/types\/product"}],"wp:attachment":[{"href":"https:\/\/www.sauerlaender-verlag.com\/en\/wp-json\/wp\/v2\/media?parent=1686"}],"wp:term":[{"taxonomy":"product_brand","embeddable":true,"href":"https:\/\/www.sauerlaender-verlag.com\/en\/wp-json\/wp\/v2\/product_brand?post=1686"},{"taxonomy":"product_cat","embeddable":true,"href":"https:\/\/www.sauerlaender-verlag.com\/en\/wp-json\/wp\/v2\/product_cat?post=1686"},{"taxonomy":"product_tag","embeddable":true,"href":"https:\/\/www.sauerlaender-verlag.com\/en\/wp-json\/wp\/v2\/product_tag?post=1686"}],"curies":[{"name":"wp","href":"https:\/\/api.w.org\/{rel}","templated":true}]}}