{"id":1674,"date":"2019-02-09T19:51:11","date_gmt":"2019-02-09T17:51:11","guid":{"rendered":"https:\/\/www.sauerlaender-verlag.com\/?post_type=product&#038;p=1674"},"modified":"2019-02-09T22:30:55","modified_gmt":"2019-02-09T20:30:55","slug":"band-005-die-schaeden-des-laerchenblasenfusses-thaeniothrips-laricivorus-krat-und-ihre-verbreitung","status":"publish","type":"product","link":"https:\/\/www.sauerlaender-verlag.com\/en\/produkt\/band-005-die-schaeden-des-laerchenblasenfusses-thaeniothrips-laricivorus-krat-und-ihre-verbreitung\/","title":{"rendered":"Band 005: Die Sch\u00e4den des L\u00e4rchenblasenfu\u00dfes (Thaeniothrips laricivorus KRAT.) und ihre Verbreitung"},"content":{"rendered":"","protected":false},"excerpt":{"rendered":"<p>Von J. P. Vit\u00e9. 65 Seiten mit 34 Abb. und 3 Tab. Kart. <a href=\"https:\/\/www.sauerlaender-verlag.com\/en\/produkt\/band-005-die-schaeden-des-laerchenblasenfusses-thaeniothrips-laricivorus-krat-und-ihre-verbreitung\/\">Continue reading <span class=\"meta-nav\">&rarr;<\/span><\/a><\/p>\n","protected":false},"featured_media":0,"template":"","meta":[],"product_brand":[],"product_cat":[140,156],"product_tag":[],"class_list":{"0":"post-1674","1":"product","2":"type-product","3":"status-publish","5":"product_cat-schriften-der-forstl-fakultaet-goettingen","6":"product_cat-sonstiges","8":"first","9":"instock","10":"taxable","11":"shipping-taxable","12":"purchasable","13":"product-type-simple"},"translation":{"provider":"WPGlobus","version":"3.0.0","language":"en","enabled_languages":["de","en"],"languages":{"de":{"title":true,"content":false,"excerpt":true},"en":{"title":false,"content":false,"excerpt":false}}},"_links":{"self":[{"href":"https:\/\/www.sauerlaender-verlag.com\/en\/wp-json\/wp\/v2\/product\/1674","targetHints":{"allow":["GET"]}}],"collection":[{"href":"https:\/\/www.sauerlaender-verlag.com\/en\/wp-json\/wp\/v2\/product"}],"about":[{"href":"https:\/\/www.sauerlaender-verlag.com\/en\/wp-json\/wp\/v2\/types\/product"}],"wp:attachment":[{"href":"https:\/\/www.sauerlaender-verlag.com\/en\/wp-json\/wp\/v2\/media?parent=1674"}],"wp:term":[{"taxonomy":"product_brand","embeddable":true,"href":"https:\/\/www.sauerlaender-verlag.com\/en\/wp-json\/wp\/v2\/product_brand?post=1674"},{"taxonomy":"product_cat","embeddable":true,"href":"https:\/\/www.sauerlaender-verlag.com\/en\/wp-json\/wp\/v2\/product_cat?post=1674"},{"taxonomy":"product_tag","embeddable":true,"href":"https:\/\/www.sauerlaender-verlag.com\/en\/wp-json\/wp\/v2\/product_tag?post=1674"}],"curies":[{"name":"wp","href":"https:\/\/api.w.org\/{rel}","templated":true}]}}