{"id":1662,"date":"2019-02-09T19:36:55","date_gmt":"2019-02-09T17:36:55","guid":{"rendered":"https:\/\/www.sauerlaender-verlag.com\/?post_type=product&#038;p=1662"},"modified":"2019-02-09T22:54:35","modified_gmt":"2019-02-09T20:54:35","slug":"zuechterische-moeglichkeiten-zur-verbesserung-quantitativer-und-qualitativer-eigenschaften-bei-europaeischer-laerche","status":"publish","type":"product","link":"https:\/\/www.sauerlaender-verlag.com\/en\/produkt\/zuechterische-moeglichkeiten-zur-verbesserung-quantitativer-und-qualitativer-eigenschaften-bei-europaeischer-laerche\/","title":{"rendered":"Z\u00fcchterische M\u00f6glichkeiten zur Verbesserung quantitativer und qualitativer Eigenschaften bei europ\u00e4ischer L\u00e4rche"},"content":{"rendered":"","protected":false},"excerpt":{"rendered":"<p>Von W. Dietze. 109 Seiten mit 37 Abb. und 14 Tab. Kart. <a href=\"https:\/\/www.sauerlaender-verlag.com\/en\/produkt\/zuechterische-moeglichkeiten-zur-verbesserung-quantitativer-und-qualitativer-eigenschaften-bei-europaeischer-laerche\/\">Continue reading <span class=\"meta-nav\">&rarr;<\/span><\/a><\/p>\n","protected":false},"featured_media":904,"template":"","meta":[],"product_brand":[],"product_cat":[139,154],"product_tag":[],"class_list":{"0":"post-1662","1":"product","2":"type-product","3":"status-publish","4":"has-post-thumbnail","6":"product_cat-mitteilungen-der-hessischen-landesforstverwaltung","7":"product_cat-waldbau","9":"first","10":"instock","11":"taxable","12":"shipping-taxable","13":"purchasable","14":"product-type-simple"},"translation":{"provider":"WPGlobus","version":"3.0.0","language":"en","enabled_languages":["de","en"],"languages":{"de":{"title":true,"content":false,"excerpt":true},"en":{"title":false,"content":false,"excerpt":false}}},"_links":{"self":[{"href":"https:\/\/www.sauerlaender-verlag.com\/en\/wp-json\/wp\/v2\/product\/1662","targetHints":{"allow":["GET"]}}],"collection":[{"href":"https:\/\/www.sauerlaender-verlag.com\/en\/wp-json\/wp\/v2\/product"}],"about":[{"href":"https:\/\/www.sauerlaender-verlag.com\/en\/wp-json\/wp\/v2\/types\/product"}],"wp:featuredmedia":[{"embeddable":true,"href":"https:\/\/www.sauerlaender-verlag.com\/en\/wp-json\/wp\/v2\/media\/904"}],"wp:attachment":[{"href":"https:\/\/www.sauerlaender-verlag.com\/en\/wp-json\/wp\/v2\/media?parent=1662"}],"wp:term":[{"taxonomy":"product_brand","embeddable":true,"href":"https:\/\/www.sauerlaender-verlag.com\/en\/wp-json\/wp\/v2\/product_brand?post=1662"},{"taxonomy":"product_cat","embeddable":true,"href":"https:\/\/www.sauerlaender-verlag.com\/en\/wp-json\/wp\/v2\/product_cat?post=1662"},{"taxonomy":"product_tag","embeddable":true,"href":"https:\/\/www.sauerlaender-verlag.com\/en\/wp-json\/wp\/v2\/product_tag?post=1662"}],"curies":[{"name":"wp","href":"https:\/\/api.w.org\/{rel}","templated":true}]}}