{"id":1650,"date":"2019-02-09T19:30:37","date_gmt":"2019-02-09T17:30:37","guid":{"rendered":"https:\/\/www.sauerlaender-verlag.com\/?post_type=product&#038;p=1650"},"modified":"2019-02-09T23:34:22","modified_gmt":"2019-02-09T21:34:22","slug":"gefaehrdung-der-waelder-im-rhein-main-gebiet","status":"publish","type":"product","link":"https:\/\/www.sauerlaender-verlag.com\/en\/produkt\/gefaehrdung-der-waelder-im-rhein-main-gebiet\/","title":{"rendered":"Gef\u00e4hrdung der W\u00e4lder im Rhein-Main-Gebiet"},"content":{"rendered":"","protected":false},"excerpt":{"rendered":"<p>Von L. Pries, N. Altst\u00e4dt und K. Velbecker. 243 Seiten mit 79 Abb. u. 35 Tab. Kart. <a href=\"https:\/\/www.sauerlaender-verlag.com\/en\/produkt\/gefaehrdung-der-waelder-im-rhein-main-gebiet\/\">Continue reading <span class=\"meta-nav\">&rarr;<\/span><\/a><\/p>\n","protected":false},"featured_media":904,"template":"","meta":[],"product_brand":[],"product_cat":[149,139],"product_tag":[],"class_list":{"0":"post-1650","1":"product","2":"type-product","3":"status-publish","4":"has-post-thumbnail","6":"product_cat-forstschutz","7":"product_cat-mitteilungen-der-hessischen-landesforstverwaltung","9":"first","10":"instock","11":"taxable","12":"shipping-taxable","13":"purchasable","14":"product-type-simple"},"translation":{"provider":"WPGlobus","version":"3.0.0","language":"en","enabled_languages":["de","en"],"languages":{"de":{"title":true,"content":false,"excerpt":true},"en":{"title":false,"content":false,"excerpt":false}}},"_links":{"self":[{"href":"https:\/\/www.sauerlaender-verlag.com\/en\/wp-json\/wp\/v2\/product\/1650","targetHints":{"allow":["GET"]}}],"collection":[{"href":"https:\/\/www.sauerlaender-verlag.com\/en\/wp-json\/wp\/v2\/product"}],"about":[{"href":"https:\/\/www.sauerlaender-verlag.com\/en\/wp-json\/wp\/v2\/types\/product"}],"wp:featuredmedia":[{"embeddable":true,"href":"https:\/\/www.sauerlaender-verlag.com\/en\/wp-json\/wp\/v2\/media\/904"}],"wp:attachment":[{"href":"https:\/\/www.sauerlaender-verlag.com\/en\/wp-json\/wp\/v2\/media?parent=1650"}],"wp:term":[{"taxonomy":"product_brand","embeddable":true,"href":"https:\/\/www.sauerlaender-verlag.com\/en\/wp-json\/wp\/v2\/product_brand?post=1650"},{"taxonomy":"product_cat","embeddable":true,"href":"https:\/\/www.sauerlaender-verlag.com\/en\/wp-json\/wp\/v2\/product_cat?post=1650"},{"taxonomy":"product_tag","embeddable":true,"href":"https:\/\/www.sauerlaender-verlag.com\/en\/wp-json\/wp\/v2\/product_tag?post=1650"}],"curies":[{"name":"wp","href":"https:\/\/api.w.org\/{rel}","templated":true}]}}