{"id":1624,"date":"2019-02-09T19:05:20","date_gmt":"2019-02-09T17:05:20","guid":{"rendered":"https:\/\/www.sauerlaender-verlag.com\/?post_type=product&#038;p=1624"},"modified":"2022-12-17T00:15:35","modified_gmt":"2022-12-16T22:15:35","slug":"band-032-bewertungskonzept-fuer-forstliche-nutzungsbeschraenkunge","status":"publish","type":"product","link":"https:\/\/www.sauerlaender-verlag.com\/en\/produkt\/band-032-bewertungskonzept-fuer-forstliche-nutzungsbeschraenkunge\/","title":{"rendered":"Band 032: Bewertungskonzept f\u00fcr forstliche Nutzungsbeschr\u00e4nkunge"},"content":{"rendered":"","protected":false},"excerpt":{"rendered":"<p>Von B. M\u00f6hring und U. R\u00fcping. 48 Seiten mit 19 Abb. und 8 Tabellen. Kart. <a href=\"https:\/\/www.sauerlaender-verlag.com\/en\/produkt\/band-032-bewertungskonzept-fuer-forstliche-nutzungsbeschraenkunge\/\">Continue reading <span class=\"meta-nav\">&rarr;<\/span><\/a><\/p>\n","protected":false},"featured_media":2517,"template":"","meta":[],"product_brand":[],"product_cat":[146,138],"product_tag":[],"class_list":{"0":"post-1624","1":"product","2":"type-product","3":"status-publish","4":"has-post-thumbnail","6":"product_cat-forstliche-bwl-6-forsteinrichtung","7":"product_cat-schriften-zur-forst-und-umweltoekonomie","9":"first","10":"instock","11":"taxable","12":"shipping-taxable","13":"purchasable","14":"product-type-simple"},"translation":{"provider":"WPGlobus","version":"3.0.0","language":"en","enabled_languages":["de","en"],"languages":{"de":{"title":true,"content":false,"excerpt":true},"en":{"title":false,"content":false,"excerpt":false}}},"_links":{"self":[{"href":"https:\/\/www.sauerlaender-verlag.com\/en\/wp-json\/wp\/v2\/product\/1624","targetHints":{"allow":["GET"]}}],"collection":[{"href":"https:\/\/www.sauerlaender-verlag.com\/en\/wp-json\/wp\/v2\/product"}],"about":[{"href":"https:\/\/www.sauerlaender-verlag.com\/en\/wp-json\/wp\/v2\/types\/product"}],"wp:featuredmedia":[{"embeddable":true,"href":"https:\/\/www.sauerlaender-verlag.com\/en\/wp-json\/wp\/v2\/media\/2517"}],"wp:attachment":[{"href":"https:\/\/www.sauerlaender-verlag.com\/en\/wp-json\/wp\/v2\/media?parent=1624"}],"wp:term":[{"taxonomy":"product_brand","embeddable":true,"href":"https:\/\/www.sauerlaender-verlag.com\/en\/wp-json\/wp\/v2\/product_brand?post=1624"},{"taxonomy":"product_cat","embeddable":true,"href":"https:\/\/www.sauerlaender-verlag.com\/en\/wp-json\/wp\/v2\/product_cat?post=1624"},{"taxonomy":"product_tag","embeddable":true,"href":"https:\/\/www.sauerlaender-verlag.com\/en\/wp-json\/wp\/v2\/product_tag?post=1624"}],"curies":[{"name":"wp","href":"https:\/\/api.w.org\/{rel}","templated":true}]}}