{"id":680,"date":"2016-07-28T08:58:50","date_gmt":"2016-07-28T06:58:50","guid":{"rendered":"http:\/\/www.sauerlaender-verlag.com\/wordpress\/?page_id=680"},"modified":"2016-07-28T08:58:50","modified_gmt":"2016-07-28T06:58:50","slug":"link-zur-os-platform","status":"publish","type":"page","link":"https:\/\/www.sauerlaender-verlag.com\/en\/link-zur-os-platform\/","title":{"rendered":"Link zur OS-Platform"},"content":{"rendered":"<div id=\"c2739\" class=\"csc-default\">\n<p class=\"bodytext\">Online-Streitbeilegung gem\u00e4\u00df Art. 14 Abs. 1 ODR-Verordnung:<\/p>\n<p class=\"bodytext\">\nDie Europ\u00e4ische Kommission stellt eine Platform zur Online-Streitbeilegung bereit, die Sie unter <a class=\"ox-4348f08fed-moz-txt-link-freetext\" href=\"http:\/\/ec.europa.eu\/consumers\/odr\/\" target=\"_blank\">http:\/\/ec.europa.eu\/consumers\/odr\/<\/a> finden.<\/p>\n<p class=\"bodytext\">\nUnsere E-Mail-Adresse lautet: <a class=\"ox-4348f08fed-moz-txt-link-abbreviated\" title=\"mailto-link\" href=\"mailto:aulbach@sauerlaender-verlag.com\">aulbach@sauerlaender-verlag.com<\/a>.<\/p>\n<\/div>\n","protected":false},"excerpt":{"rendered":"<p>Online-Streitbeilegung gem\u00e4\u00df Art. 14 Abs. 1 ODR-Verordnung: Die Europ\u00e4ische Kommission stellt eine Platform zur Online-Streitbeilegung bereit, die Sie unter http:\/\/ec.europa.eu\/consumers\/odr\/ finden. Unsere E-Mail-Adresse lautet: aulbach@sauerlaender-verlag.com.<\/p>\n","protected":false},"author":1,"featured_media":0,"parent":0,"menu_order":0,"comment_status":"closed","ping_status":"closed","template":"","meta":{"footnotes":""},"class_list":["post-680","page","type-page","status-publish","hentry"],"translation":{"provider":"WPGlobus","version":"3.0.0","language":"en","enabled_languages":["de","en"],"languages":{"de":{"title":true,"content":true,"excerpt":false},"en":{"title":false,"content":false,"excerpt":false}}},"_links":{"self":[{"href":"https:\/\/www.sauerlaender-verlag.com\/en\/wp-json\/wp\/v2\/pages\/680","targetHints":{"allow":["GET"]}}],"collection":[{"href":"https:\/\/www.sauerlaender-verlag.com\/en\/wp-json\/wp\/v2\/pages"}],"about":[{"href":"https:\/\/www.sauerlaender-verlag.com\/en\/wp-json\/wp\/v2\/types\/page"}],"author":[{"embeddable":true,"href":"https:\/\/www.sauerlaender-verlag.com\/en\/wp-json\/wp\/v2\/users\/1"}],"replies":[{"embeddable":true,"href":"https:\/\/www.sauerlaender-verlag.com\/en\/wp-json\/wp\/v2\/comments?post=680"}],"version-history":[{"count":1,"href":"https:\/\/www.sauerlaender-verlag.com\/en\/wp-json\/wp\/v2\/pages\/680\/revisions"}],"predecessor-version":[{"id":681,"href":"https:\/\/www.sauerlaender-verlag.com\/en\/wp-json\/wp\/v2\/pages\/680\/revisions\/681"}],"wp:attachment":[{"href":"https:\/\/www.sauerlaender-verlag.com\/en\/wp-json\/wp\/v2\/media?parent=680"}],"curies":[{"name":"wp","href":"https:\/\/api.w.org\/{rel}","templated":true}]}}