{"id":678,"date":"2016-07-28T08:57:20","date_gmt":"2016-07-28T06:57:20","guid":{"rendered":"http:\/\/www.sauerlaender-verlag.com\/wordpress\/?page_id=678"},"modified":"2018-12-15T14:36:03","modified_gmt":"2018-12-15T12:36:03","slug":"agb","status":"publish","type":"page","link":"https:\/\/www.sauerlaender-verlag.com\/en\/agb\/","title":{"rendered":"Allgemeine Gesch\u00e4ftsbedingungen"},"content":{"rendered":"<div id=\"c243\" class=\"csc-default\">\n<div class=\"csc-header csc-header-n1\">\n<h2 class=\"csc-firstHeader\">\u00a7 1 Geltungsbereich<\/h2>\n<\/div>\n<p>F\u00fcr die Gesch\u00e4ftsbeziehung zwischen dem J. D. Sauerl\u00e4nder&#8217;s Verlag und dem Besteller gelten die nachfolgenden Allgemeinen Gesch\u00e4ftsbedingungen.<\/p>\n<\/div>\n<div id=\"c245\" class=\"csc-default\">\n<div class=\"csc-header csc-header-n2\">\n<h2>\u00a7 2 Vertragsschluss<\/h2>\n<\/div>\n<p class=\"bodytext\">Bei einer Bestellung schlie\u00dfen Sie einen Vertrag mit:<\/p>\n<p>J. D. Sauerl\u00e4nder\u2019s Verlag<br \/>\nInhaber: S. J. Aulbach-Stankovic<br \/>\nBerliner Stra\u00dfe 46<br \/>\n63619 Bad Orb<br \/>\nTel. 06052 3094667<br \/>\nFax 06052 3094668<\/p>\n<p>E-Mail: <a href=\"mailto:aulbach@sauerlaender-verlag.com\">aulbach@sauerlaender-verlag.com<\/a><\/p>\n<p>Sie werden \u00fcber den Eingang Ihrer Bestellung umgehend mit einer als \u201eBestellbest\u00e4tigung\u201c bezeichneten E-Mail informiert. Die Auftragsbest\u00e4tigung erfolgt automatisch und stellt noch keine Vertragsannahme dar. Der Kaufvertrag kommt dadurch zustande, dass wir das in Ihrer Bestellung liegende Angebot zum Abschluss eines Kaufvertrags durch Lieferung der Ware annehmen. Ihre Bestellung wird von uns gespeichert und wird Ihnen auf Wunsch zusammen mit unseren Allgemeinen Gesch\u00e4ftsbedingungen zugesandt. Die f\u00fcr den Vertragsschluss zur Verf\u00fcgung stehende Sprache ist Deutsch.<\/p>\n<p>Sie haben die M\u00f6glichkeit, unser Angebot in aller Ruhe zu durchst\u00f6bern. Wenn Sie etwas Interessantes entdeckt haben, legen Sie das Produkt in Ihren virtuellen Warenkorb. Dazu klicken Sie auf das kleine Warenkorbsymbol, dass wir neben dem Produkt eingeblendet haben. Selbstverst\u00e4ndlich haben Sie die M\u00f6glichkeit, Produkte jederzeit wieder aus Ihrem Warenkorb herauszunehmen.<\/p>\n<p>Den Bestellvorgang leiten Sie ein, in dem Sie das Schaltfeld \u201eIn den Warenkorb\u201c anklicken. Sie werden im ersten Schritt gebeten, sich mit Ihren Nutzerdaten anzumelden bzw. als Neukunde ein Nutzerkonto einzurichten. Sind Sie im System angemeldet, werden Ihnen die Produkte angezeigt, die Sie in den Warenkorb gelegt haben. Sie haben hier die M\u00f6glichkeit, Produkte wieder aus dem Warenkorb zu entfernen. Um im Bestellvorgang weiter fortzufahren, bet\u00e4tigen Sie das Schaltfeld \u201eZur Kasse\u201c. Sie erhalten hier eine \u00dcbersicht \u00fcber s\u00e4mtliche Produkte, die Sie in den Warenkorb gelegt haben. Vor dem Absenden Ihrer Bestellung haben Sie in jeder Stufe des Bestellprozesses die M\u00f6glichkeit, Ihre Angaben durch Klicken der Schaltfl\u00e4chen \u201e\u00c4nderungen\u201c bzw. \u201eL\u00f6schen\u201c zu korrigieren. Mit der Bestellung erkl\u00e4ren Sie verbindlich, die Ware erwerben zu wollen. Sie werden \u00fcber den Eingang Ihrer Bestellung umgehend per E-Mail informiert. Die Zugangsbest\u00e4tigung erfolgt automatisch und stellt noch keine Annahmeerkl\u00e4rung dar.<\/p>\n<\/div>\n<div id=\"c246\" class=\"csc-default\">\n<div class=\"csc-header csc-header-n3\">\n<h2>\u00a7 3 Widerrufsrecht<\/h2>\n<\/div>\n<p class=\"bodytext\"><b>Widerrufsbelehrung bei der Bestellung von gedruckten B\u00fcchern und anderen k\u00f6rperlichen Waren<\/b><\/p>\n<p>Verbrauchern steht ein gesetzliches Widerrufsrecht zu. Verbraucher ist jede nat\u00fcrliche Person, die ein Rechtsgesch\u00e4ft zu Zwecken abschlie\u00dft, die \u00fcberwiegend weder ihrer gewerblichen noch ihrer selbst\u00e4ndigen beruflichen T\u00e4tigkeit zugerechnet werden k\u00f6nnen (\u00a7 13 BGB)<\/p>\n<p class=\"bodytext\"><b>WIDERRUFSBELEHRUNG <\/b><\/p>\n<p>Wenn Sie diesen Vertrag widerrufen, haben wir Ihnen alle Zahlungen, die wir von Ihnen erhalten haben, einschlie\u00dflich der Lieferkosten (mit Ausnahme der zus\u00e4tzlichen Kosten, die sich daraus ergeben, dass Sie eine andere Art der Lieferung als die von uns angebotene, g\u00fcnstigste Standardlieferung gew\u00e4hlt haben), unverz\u00fcglich und sp\u00e4testens binnen vierzehn Tagen ab dem Tag zur\u00fcckzuzahlen, an dem die Mitteilung \u00fcber Ihren Widerruf dieses Vertrags bei uns eingegangen ist. F\u00fcr diese R\u00fcckzahlung verwenden wir dasselbe Zahlungsmittel, das Sie bei der urspr\u00fcnglichen Transaktion eingesetzt haben, es sei denn, mit Ihnen wurde ausdr\u00fccklich etwas anderes vereinbart; in keinem Fall werden Ihnen wegen dieser R\u00fcckzahlung Entgelte berechnet.<\/p>\n<p>Wir k\u00f6nnen die R\u00fcckzahlung verweigern, bis wir die Waren wieder unversehrt zur\u00fcckerhalten haben oder bis Sie den Nachweis erbracht haben, dass Sie die Waren zur\u00fcckgesandt haben, je nachdem, welches der fr\u00fchere Zeitpunkt ist.<\/p>\n<p>Sie haben die Waren unverz\u00fcglich und in jedem Fall sp\u00e4testens binnen vierzehn Tagen ab dem Tag, an dem Sie uns \u00fcber den Widerruf dieses Vertrags unterrichten, an uns zur\u00fcckzusenden oder zu \u00fcbergeben. Die Frist ist gewahrt, wenn Sie die Waren vor Ablauf der Frist von vierzehn Tagen absenden.<\/p>\n<p>Sie m\u00fcssen f\u00fcr einen etwaigen Wertverlust der Waren nur aufkommen, wenn dieser Wertverlust auf einen zur Pr\u00fcfung der Beschaffenheit, Eigenschaften und Funktionsweise der Waren nicht notwendigen Umgang mit ihnen zur\u00fcckzuf\u00fchren ist.<\/p>\n<p class=\"bodytext\"><b>Ausschluss bzw. vorzeitiges Erl\u00f6schen des Widerrufsrechts:<\/b><\/p>\n<p>Ein Widerrufsrecht besteht ferner nicht bei Waren, die nicht vorgefertigt sind und f\u00fcr deren Herstellung eine individuelle Auswahl oder Bestimmung durch den Verbraucher ma\u00dfgeblich ist oder die eindeutig auf die pers\u00f6nlichen Bed\u00fcrfnisse des Verbrauchers zugeschnitten sind.<\/p>\n<div>\n<p class=\"bodytext\"><b>Muster-Widerrufsformular <\/b><\/p>\n<p class=\"bodytext\">(Wenn Sie den Vertrag widerrufen wollen, dann f\u00fcllen Sie bitte dieses Formular aus und senden Sie es zur\u00fcck.)<\/p>\n<p class=\"bodytext\">\u2013 An J. D. Sauerl\u00e4nder\u2019s Verlag<\/p>\n<p class=\"bodytext\">Berliner Strasse 46<\/p>\n<p class=\"bodytext\"><span lang=\"EN-US\">63619 Bad Orb <\/span><\/p>\n<p class=\"bodytext\"><span lang=\"EN-US\">Fax 06052 3094668<\/span><\/p>\n<p class=\"bodytext\"><span lang=\"EN-US\">Email aulbach@sauerlaender-verlag.com<\/span><\/p>\n<p class=\"bodytext\">\u2013 Hiermit widerrufe(n) ich\/wir (*) den von mir\/uns (*) abgeschlossenen Vertrag \u00fcber den Kauf der folgenden Waren (*)\/ die Erbringung der folgenden Dienstleistung (*)<\/p>\n<p class=\"bodytext\">\u2013 Bestellt am (*) \/ erhalten am (*)<\/p>\n<p class=\"bodytext\">\u2013 Name des\/der Verbraucher(s)<\/p>\n<p class=\"bodytext\">\u2013 Anschrift des\/der Verbraucher(s)<\/p>\n<p class=\"bodytext\">\u2013 Unterschrift des\/der Verbraucher(s) (nur bei Mitteilung auf Papier)<\/p>\n<p class=\"bodytext\">\u2013 Datum<\/p>\n<p class=\"bodytext\">______________________<\/p>\n<p class=\"bodytext\">(*) Unzutreffendes streichen.<\/p>\n<\/div>\n<\/div>\n<div id=\"c247\" class=\"csc-default\">\n<div class=\"csc-header csc-header-n4\">\n<h2>\u00a7 4 Vorbehalt der Nichtverf\u00fcgbarkeit<\/h2>\n<\/div>\n<p>Wir behalten uns vor, von einer Ausf\u00fchrung Ihrer Bestellung abzusehen, wenn wir den bestellten Titel nicht vorr\u00e4tig haben, der nicht vorr\u00e4tige Titel beim Verlag vergriffen und die bestellte Ware infolgedessen nicht verf\u00fcgbar ist. In diesem Fall werden wir Sie unverz\u00fcglich \u00fcber die Nichtverf\u00fcgbarkeit informieren und einen gegebenenfalls von Ihnen bereits gezahlten Kaufpreis unverz\u00fcglich r\u00fcckerstatten.<\/p>\n<\/div>\n<div id=\"c248\" class=\"csc-default\">\n<div class=\"csc-header csc-header-n5\">\n<h2>\u00a7 5 Preise und Versandkosten<\/h2>\n<\/div>\n<p>Unsere Preise sind Endpreise in Euro. Sie enthalten die gesetzliche Mehrwertsteuer.<\/p>\n<p>Ab einem Bestellwert von einem Euro liefern wir innerhalb Deutschlands an private Endkunden versandkostenfrei.<\/p>\n<p>Beim Auslandsversand erfragen Sie eventuell anfallende Kosten f\u00fcr Lieferungen innerhalb der Europ\u00e4ischen Union wie auch au\u00dferhalb der Europ\u00e4ischen Union bitte <strong>vorab<\/strong> an.<\/p>\n<\/div>\n<div id=\"c249\" class=\"csc-default\">\n<div class=\"csc-header csc-header-n6\">\n<h2>\u00a7 6 R\u00fccksendekosten<\/h2>\n<\/div>\n<p>Im Falle eines Widerrufs (\u00a7 3) haben Sie die regelm\u00e4\u00dfigen Kosten der R\u00fccksendung zu tragen, wenn die gelieferte Ware der bestellten entspricht und wenn der Preis der zur\u00fcckzusendenden Ware einen Betrag von 40 Euro nicht \u00fcbersteigt oder wenn Sie bei einem h\u00f6heren Preis der Ware zum Zeitpunkt des Widerrufs noch nicht die Gegenleistung oder eine vertraglich vereinbarte Teilzahlung erbracht haben.<\/p>\n<\/div>\n<div id=\"c250\" class=\"csc-default\">\n<div class=\"csc-header csc-header-n7\">\n<h2>\u00a7 7 Zahlungs- und Lieferbedingungen<\/h2>\n<\/div>\n<p>Sofern nicht anders vereinbart, erfolgt die Lieferung ab Lager an die vom Besteller angegebene Lieferadresse.<\/p>\n<p>Der Kaufpreis ist bei Lieferung gegen Rechnung innerhalb von 14 Tagen nach Rechnungsstellung f\u00e4llig. Der Besteller kann den Kaufpreis mittels \u00dcberweisung zahlen.<\/p>\n<p>F\u00fcr Neukunden besteht eine H\u00f6chstgrenze von 40,- EUR, bis zu welcher der Kauf auf Rechnung m\u00f6glich ist. Zahlung auf Rechnung ist nur f\u00fcr Verbraucher ab 18 Jahren m\u00f6glich. Die Lieferadresse, die Hausanschrift und die Rechnungsadresse m\u00fcssen identisch sein und innerhalb Deutschlands liegen.<\/p>\n<\/div>\n<div id=\"c252\" class=\"csc-default\">\n<div class=\"csc-header csc-header-n9\">\n<h2>\u00a7 8 Eigentumsvorbehalt<\/h2>\n<\/div>\n<p>Bis zur vollst\u00e4ndigen Erf\u00fcllung der Kaufpreisforderung durch den Besteller verbleibt die gelieferte Ware im Eigentum des Verk\u00e4ufers.<\/p>\n<\/div>\n<div id=\"c253\" class=\"csc-default\">\n<div class=\"csc-header csc-header-n10\">\n<h2>\u00a7 9 Gew\u00e4hrleistung<\/h2>\n<\/div>\n<p>Liegt ein Mangel der Kaufsache vor, gelten die gesetzlichen Gew\u00e4hrleistungsvorschriften der \u00a7\u00a7 434 ff. BGB.<\/p>\n<\/div>\n<div id=\"c1895\" class=\"csc-default\">\n<div class=\"csc-header csc-header-n11\">\n<h2>\u00a7 10 Datenschutz<\/h2>\n<\/div>\n<p>Wir nutzen Ihre personenbezogenen Daten ausschlie\u00dflich f\u00fcr Zwecke rund um Ihre Bestellung, so z.B. f\u00fcr die Information zu Ihrem Bestellstatus und\/oder Lieferstatus und f\u00fcr interne Kundenanalysen. Pers\u00f6nliche Daten werden selbstverst\u00e4ndlich vertraulich behandelt und nicht an Dritte weitergegeben. Bitte sehen Sie auch unsere Datenschutzerkl\u00e4rung.<\/p>\n<p>Der Besteller stimmt der Erhebung, Verarbeitung und Nutzung der im Zusammenhang mit der Gesch\u00e4ftsbeziehung erhaltenen Daten ausdr\u00fccklich zu.<\/p>\n<p>Der Besteller hat ein Recht auf Auskunft sowie ein Recht auf Berichtigung, Sperrung und L\u00f6schung seiner gespeicherten Daten.<\/p>\n<\/div>\n<div id=\"c1896\" class=\"csc-default\">\n<div class=\"csc-header csc-header-n12\">\n<h2>\u00a7 11 Gerichtsstand<\/h2>\n<\/div>\n<p>Ist der Kunde Kaufmann oder juristische Person des \u00f6ffentlichen Rechts, ist ausschlie\u00dflicher Gerichtsstand f\u00fcr alle Streitigkeiten aus dem Vertragsverh\u00e4ltnis das f\u00fcr unseren Firmensitz [Bad Orb] zust\u00e4ndige Gericht.<\/p>\n<p>(Stand: 01. Dezember 2018)<\/p>\n<\/div>\n","protected":false},"excerpt":{"rendered":"<p>\u00a7 1 Geltungsbereich F\u00fcr die Gesch\u00e4ftsbeziehung zwischen dem J. D. Sauerl\u00e4nder&#8217;s Verlag und dem Besteller gelten die nachfolgenden Allgemeinen Gesch\u00e4ftsbedingungen. \u00a7 2 Vertragsschluss Bei einer Bestellung schlie\u00dfen Sie einen Vertrag mit: J. D. Sauerl\u00e4nder\u2019s Verlag Inhaber: S. J. Aulbach-Stankovic Berliner &hellip; <a href=\"https:\/\/www.sauerlaender-verlag.com\/en\/agb\/\">Continue reading <span class=\"meta-nav\">&rarr;<\/span><\/a><\/p>\n","protected":false},"author":1,"featured_media":0,"parent":0,"menu_order":0,"comment_status":"closed","ping_status":"closed","template":"","meta":{"footnotes":""},"class_list":["post-678","page","type-page","status-publish","hentry"],"translation":{"provider":"WPGlobus","version":"3.0.0","language":"en","enabled_languages":["de","en"],"languages":{"de":{"title":true,"content":true,"excerpt":false},"en":{"title":false,"content":false,"excerpt":false}}},"_links":{"self":[{"href":"https:\/\/www.sauerlaender-verlag.com\/en\/wp-json\/wp\/v2\/pages\/678","targetHints":{"allow":["GET"]}}],"collection":[{"href":"https:\/\/www.sauerlaender-verlag.com\/en\/wp-json\/wp\/v2\/pages"}],"about":[{"href":"https:\/\/www.sauerlaender-verlag.com\/en\/wp-json\/wp\/v2\/types\/page"}],"author":[{"embeddable":true,"href":"https:\/\/www.sauerlaender-verlag.com\/en\/wp-json\/wp\/v2\/users\/1"}],"replies":[{"embeddable":true,"href":"https:\/\/www.sauerlaender-verlag.com\/en\/wp-json\/wp\/v2\/comments?post=678"}],"version-history":[{"count":7,"href":"https:\/\/www.sauerlaender-verlag.com\/en\/wp-json\/wp\/v2\/pages\/678\/revisions"}],"predecessor-version":[{"id":1573,"href":"https:\/\/www.sauerlaender-verlag.com\/en\/wp-json\/wp\/v2\/pages\/678\/revisions\/1573"}],"wp:attachment":[{"href":"https:\/\/www.sauerlaender-verlag.com\/en\/wp-json\/wp\/v2\/media?parent=678"}],"curies":[{"name":"wp","href":"https:\/\/api.w.org\/{rel}","templated":true}]}}