{"id":676,"date":"2016-07-28T08:52:27","date_gmt":"2016-07-28T06:52:27","guid":{"rendered":"http:\/\/www.sauerlaender-verlag.com\/wordpress\/?page_id=676"},"modified":"2018-03-29T10:53:11","modified_gmt":"2018-03-29T08:53:11","slug":"kontaktimpressum","status":"publish","type":"page","link":"https:\/\/www.sauerlaender-verlag.com\/en\/kontaktimpressum\/","title":{"rendered":"Impressum"},"content":{"rendered":"<div id=\"c517\" class=\"csc-default\">\n<p class=\"bodytext\">Stephanie Aulbach-Stankovic<br \/>\n<strong>J. D. Sauerl\u00e4nders Verlag<\/strong><br \/>\nBerliner Strasse 46<br \/>\n63619 Bad Orb<br \/>\nDeutschland<\/p>\n<p>Fon 06052\/3094667<br \/>\nFax 06052\/3094668<br \/>\nE-Mail: <a href=\"mailto:aulbach@sauerlaender-verlag.com%20\">aulbach@sauerlaender-verlag.com <\/a><\/p>\n<p class=\"bodytext\">Handelsregister-Nr. HRA 12263<br \/>\nUSt.-Id.-Nr.: DE 227192191<br \/>\nVerkehrs-Nr. 15 550<br \/>\nErf\u00fcllungsort und Gerichtsstand : Frankfurt am Main<\/p>\n<h4>Umsatzsteueridentifikationsnummer gem\u00e4\u00df \u00a7\u00a027\u00a0a:<\/h4>\n<p class=\"bodytext\">UstSt.-Nr.: 019 87100 594<\/p>\n<h4>Inhaltlich verantwortlich f\u00fcr diese Webseite gem \u00a7 55 Abs. 2 RStV:<\/h4>\n<p class=\"bodytext\">Stephanie Aulbach-Stankovic<br \/>\nBerliner Strasse 46<br \/>\n63619 Bad Orb<br \/>\nE-Mail: <a href=\"mailto:aulbach@sauerlaender-verlag.com\">aulbach@sauerlaender-verlag.com<\/a><\/p>\n<\/div>\n<div id=\"c521\" class=\"csc-default\">\n<div class=\"csc-header csc-header-n2\">\n<p><strong>Haftung f\u00fcr Inhalte<\/strong><br \/>\nDie Inhalte dieser Website werden mit gr\u00f6\u00dftm\u00f6glicher Sorgfalt erstellt. Der Anbieter \u00fcbernimmt jedoch keine Gew\u00e4hr f\u00fcr die Richtigkeit, Vollst\u00e4ndigkeit und Aktualit\u00e4t der bereitgestellten Inhalte. Die Nutzung der Inhalte der Website erfolgt auf eigene Gefahr des Nutzers. Mit der reinen Nutzung der Website des Anbieters kommt keinerlei Vertragsverh\u00e4ltnis zwischen dem Nutzer und dem Anbieter zustande.<\/p>\n<p><strong>Externe Links<\/strong><br \/>\nDiese Website enth\u00e4lt Verkn\u00fcpfungen zu Websites Dritter (\u201eexterne Links\u201c). Diese Websites unterliegen der Haftung der jeweiligen Betreiber. Der Anbieter hat bei der erstmaligen Verkn\u00fcpfung der externen Links die fremden Inhalte daraufhin \u00fcberpr\u00fcft, ob etwaige Rechtsverst\u00f6\u00dfe bestehen. Zu dem Zeitpunkt waren keine Rechtsverst\u00f6\u00dfe ersichtlich. Der Anbieter hat keinerlei Einfluss auf die aktuelle und zuk\u00fcnftige Gestaltung und auf die Inhalte der verkn\u00fcpften Seiten. Das Setzen von externen Links bedeutet nicht, dass sich der Anbieter die hinter dem Verweis oder Link liegenden Inhalte zu Eigen macht. Eine st\u00e4ndige Kontrolle der externen Links ist f\u00fcr den Anbieter ohne konkrete Hinweise auf Rechtsverst\u00f6\u00dfe nicht zumutbar. Bei Kenntnis von Rechtsverst\u00f6\u00dfen werden jedoch derartige externe Links unverz\u00fcglich gel\u00f6scht.<\/p>\n<p><strong>Urheber- und Leistungsschutzrechte<\/strong><br \/>\nDie auf dieser Website ver\u00f6ffentlichten Inhalte unterliegen dem deutschen Urheber- und Leistungsschutzrecht. Jede vom deutschen Urheber- und Leistungsschutzrecht nicht zugelassene Verwertung bedarf der vorherigen schriftlichen Zustimmung des Anbieters oder jeweiligen Rechteinhabers. Dies gilt insbesondere f\u00fcr Vervielf\u00e4ltigung, Bearbeitung, \u00dcbersetzung, Einspeicherung, Verarbeitung bzw. Wiedergabe von Inhalten in Datenbanken oder anderen elektronischen Medien und Systemen. Inhalte und Rechte Dritter sind dabei als solche gekennzeichnet. Die unerlaubte Vervielf\u00e4ltigung oder Weitergabe einzelner Inhalte oder kompletter Seiten ist nicht gestattet und strafbar. Lediglich die Herstellung von Kopien und Downloads f\u00fcr den pers\u00f6nlichen, privaten und nicht kommerziellen Gebrauch ist erlaubt. Die Darstellung dieser Website in fremden Frames ist nur mit schriftlicher Erlaubnis zul\u00e4ssig.<\/p>\n<h3><strong>Bildnachweis<\/strong><\/h3>\n<\/div>\n<h4>Headermotiv:<\/h4>\n<p class=\"bodytext\"><a href=\"http:\/\/www.aboutpixel.de\" target=\"_blank\" rel=\"noopener noreferrer\">aboutpixel.de<\/a> \/ <a href=\"http:\/\/www.aboutpixel.de\/index.php4?toppage=imagedetails&amp;image_id=31122\" target=\"_blank\" rel=\"noopener noreferrer\">Hoch hinaus<\/a> \u00a9 <a href=\"http:\/\/www.aboutpixel.de\/index.php4?toppage=imagebank&amp;subpage=member&amp;user_id=9545\" target=\"_blank\" rel=\"noopener noreferrer\">Peter Ehmann<\/a><\/p>\n<\/div>\n","protected":false},"excerpt":{"rendered":"<p>Stephanie Aulbach-Stankovic J. D. Sauerl\u00e4nders Verlag Berliner Strasse 46 63619 Bad Orb Deutschland Fon 06052\/3094667 Fax 06052\/3094668 E-Mail: aulbach@sauerlaender-verlag.com Handelsregister-Nr. HRA 12263 USt.-Id.-Nr.: DE 227192191 Verkehrs-Nr. 15 550 Erf\u00fcllungsort und Gerichtsstand : Frankfurt am Main Umsatzsteueridentifikationsnummer gem\u00e4\u00df \u00a7\u00a027\u00a0a: UstSt.-Nr.: 019 &hellip; <a href=\"https:\/\/www.sauerlaender-verlag.com\/en\/kontaktimpressum\/\">Continue reading <span class=\"meta-nav\">&rarr;<\/span><\/a><\/p>\n","protected":false},"author":1,"featured_media":0,"parent":0,"menu_order":0,"comment_status":"closed","ping_status":"closed","template":"","meta":{"footnotes":""},"class_list":["post-676","page","type-page","status-publish","hentry"],"translation":{"provider":"WPGlobus","version":"3.0.0","language":"en","enabled_languages":["de","en"],"languages":{"de":{"title":true,"content":true,"excerpt":false},"en":{"title":false,"content":false,"excerpt":false}}},"_links":{"self":[{"href":"https:\/\/www.sauerlaender-verlag.com\/en\/wp-json\/wp\/v2\/pages\/676","targetHints":{"allow":["GET"]}}],"collection":[{"href":"https:\/\/www.sauerlaender-verlag.com\/en\/wp-json\/wp\/v2\/pages"}],"about":[{"href":"https:\/\/www.sauerlaender-verlag.com\/en\/wp-json\/wp\/v2\/types\/page"}],"author":[{"embeddable":true,"href":"https:\/\/www.sauerlaender-verlag.com\/en\/wp-json\/wp\/v2\/users\/1"}],"replies":[{"embeddable":true,"href":"https:\/\/www.sauerlaender-verlag.com\/en\/wp-json\/wp\/v2\/comments?post=676"}],"version-history":[{"count":7,"href":"https:\/\/www.sauerlaender-verlag.com\/en\/wp-json\/wp\/v2\/pages\/676\/revisions"}],"predecessor-version":[{"id":1544,"href":"https:\/\/www.sauerlaender-verlag.com\/en\/wp-json\/wp\/v2\/pages\/676\/revisions\/1544"}],"wp:attachment":[{"href":"https:\/\/www.sauerlaender-verlag.com\/en\/wp-json\/wp\/v2\/media?parent=676"}],"curies":[{"name":"wp","href":"https:\/\/api.w.org\/{rel}","templated":true}]}}