{"id":674,"date":"2016-07-28T08:46:24","date_gmt":"2016-07-28T06:46:24","guid":{"rendered":"http:\/\/www.sauerlaender-verlag.com\/wordpress\/?page_id=674"},"modified":"2016-10-19T08:09:02","modified_gmt":"2016-10-19T06:09:02","slug":"bestellinformationen","status":"publish","type":"page","link":"https:\/\/www.sauerlaender-verlag.com\/en\/bestellinformationen\/","title":{"rendered":"Bestellinformationen"},"content":{"rendered":"<h2>Informationen f\u00fcr Gesch\u00e4ftskunden<\/h2>\n<p>Alle gewerblichen Kunden wenden sich bitte direkt an den Verlag, entweder per<br \/>\nE-Mail: aulbach@sauerlaender-verlag.com<br \/>\nTelefon: 0049 6052 30 94 667<br \/>\nTelefax: 0049 6052 30 94 668<\/p>\n<h2>Informationen \u00fcber Zahlung- und Lieferungsdetails<\/h2>\n<p>Der Kaufpreis ist f\u00e4llig und ohne Abzug zahlbar innerhalb von 14 Tagen nach Rechnungsstellung. Zahlen Sie den Betrag bitte per \u00dcberweisung auf eines der beiden auf der mitgelieferten Rechnung genannten Konten.<br \/>\nBitte haben Sie Verst\u00e4ndnis daf\u00fcr, dass wir bei Bestellwerten \u00fcber 40,00 \u20ac nur gegen Vorkasse\/Vorausscheck nach Erhalt der Vorfaktur liefern.<br \/>\nDie Lieferzeit betr\u00e4gt maximal bis zu sieben Tage nach Eingang Ihrer Bestellung.<br \/>\nWir liefern Bestellungen an Privatpersonen innerhalb Deutschlands versandkostenfrei aus!<\/p>\n<h2>Widerrufsbelehrung<\/h2>\n<p>Sie haben das Recht, binnen vierzehn Tagen ohne Angabe von Gr\u00fcnden diesen Vertrag zu widerrufen. Die Widerrufsfrist betr\u00e4gt vierzehn Tage ab dem Tag an dem Sie oder ein von Ihnen benannter Dritter, der nicht der Bef\u00f6rderer ist, die Waren in Besitz genommen haben bzw. hat. Um Ihr Widerrufsrecht auszu\u00fcben, m\u00fcssen Sie uns Ihren Namen, Ihre Anschrift, Ihre Telefonnummer und E-Mail-Adresse mittels einer eindeutigen Erkl\u00e4rung (z. B. ein mit der Post versandter Brief, Telefax oder E-Mail) \u00fcber Ihren Entschluss, diesen Vertrag zu widerrufen, informieren. Sie k\u00f6nnen daf\u00fcr das beigef\u00fcgte Muster-Widerrufsformular verwenden, das jedoch nicht vorgeschrieben ist. Zur Wahrung der Widerrufsfrist reicht es aus, dass Sie die Mitteilung \u00fcber die Aus\u00fcbung des Widerrufsrechts vor Ablauf der Widerrufsfrist absenden. Folgen des Widerrufs Wenn Sie diesen Vertrag widerrufen, haben wir Ihnen alle Zahlungen, die wir von Ihnen erhalten haben, einschlie\u00dflich der Lieferkosten (mit Ausnahme der zus\u00e4tzlichen Kosten, die sich daraus ergeben, dass Sie eine andere Art der Lieferung als die von uns angebotene, g\u00fcnstigste Standardlieferung gew\u00e4hlt haben), unverz\u00fcglich und sp\u00e4testens binnen vierzehn Tagen ab dem Tag zur\u00fcckzuzahlen, an dem die Mitteilung \u00fcber Ihren Widerruf dieses Vertrags bei uns eingegangen ist. F\u00fcr diese R\u00fcckzahlung verwenden wir dasselbe Zahlungsmittel, das Sie bei der urspr\u00fcnglichen Transaktion eingesetzt haben, es sei denn, mit Ihnen wurde ausdr\u00fccklich etwas anderes vereinbart; in keinem Fall werden Ihnen wegen dieser R\u00fcckzahlung Entgelte berechnet. Wir k\u00f6nnen die R\u00fcckzahlung verweigern, bis wir die Waren wieder unversehrt zur\u00fcckerhalten haben oder bis Sie den Nachweis erbracht haben, dass Sie die Waren zur\u00fcckgesandt haben, je nachdem, welches der fr\u00fchere Zeitpunkt ist. Sie haben die Waren unverz\u00fcglich und in jedem Fall sp\u00e4testens binnen vierzehn Tagen ab dem Tag, an dem Sie uns \u00fcber den Widerruf dieses Vertrags unterrichten, an uns zur\u00fcckzusenden oder zu \u00fcbergeben. Die Frist ist gewahrt, wenn Sie die Waren vor Ablauf der Frist von vierzehn Tagen absenden. Sie tragen die unmittelbaren Kosten der R\u00fccksendung der Waren. Sie m\u00fcssen f\u00fcr einen etwaigen Wertverlust der Waren nur aufkommen, wenn dieser Wertverlust auf einen zur Pr\u00fcfung der Beschaffenheit, Eigenschaften und Funktionsweise der Waren nicht notwendigen Umgang mit ihnen zur\u00fcckzuf\u00fchren ist. Ausschluss bzw. vorzeitiges Erl\u00f6schen des Widerrufsrechts: Ein Widerrufsrecht besteht ferner nicht bei Waren, die nicht vorgefertigt sind und f\u00fcr deren Herstellung eine individuelle Auswahl oder Bestimmung durch den Verbraucher ma\u00dfgeblich ist oder die eindeutig auf die pers\u00f6nlichen Bed\u00fcrfnisse des Verbrauchers zugeschnitten sind. Ein Widerrufsrecht besteht au\u00dferdem nicht bei Vertr\u00e4gen zur Lieferung von Zeitschriften mit Ausnahme von Abonnement-Vertr\u00e4gen.<\/p>\n<h3>Muster-Widerrufsformular<\/h3>\n<p>(Wenn Sie den Vertrag widerrufen wollen, dann f\u00fcllen Sie bitte dieses Formular aus und senden Sie es zur\u00fcck.)<\/p>\n<p>\u2013 An J. D. Sauerl\u00e4nder\u2019s Verlag<\/p>\n<p>Berliner Strasse 46<\/p>\n<p>63619 Bad Orb<\/p>\n<p>Fax 06052 3094668<\/p>\n<p>Email aulbach@sauerlaender-verlag.com<\/p>\n<p>\u2013 Hiermit widerrufe(n) ich\/wir (*) den von mir\/uns (*) abgeschlossenen Vertrag \u00fcber den Kauf der folgenden Waren (*)\/ die Erbringung der folgenden Dienstleistung (*)<\/p>\n<p>\u2013 Bestellt am (*) \/ erhalten am (*)<\/p>\n<p>\u2013 Name des\/der Verbraucher(s)<\/p>\n<p>\u2013 Anschrift des\/der Verbraucher(s)<\/p>\n<p>\u2013 Unterschrift des\/der Verbraucher(s) (nur bei Mitteilung auf Papier)<\/p>\n<p>\u2013 Datum<\/p>\n<p>______________________<\/p>\n<p>(*) Unzutreffendes streichen.<\/p>\n","protected":false},"excerpt":{"rendered":"<p>Informationen f\u00fcr Gesch\u00e4ftskunden Alle gewerblichen Kunden wenden sich bitte direkt an den Verlag, entweder per E-Mail: aulbach@sauerlaender-verlag.com Telefon: 0049 6052 30 94 667 Telefax: 0049 6052 30 94 668 Informationen \u00fcber Zahlung- und Lieferungsdetails Der Kaufpreis ist f\u00e4llig und ohne &hellip; <a href=\"https:\/\/www.sauerlaender-verlag.com\/en\/bestellinformationen\/\">Continue reading <span class=\"meta-nav\">&rarr;<\/span><\/a><\/p>\n","protected":false},"author":1,"featured_media":0,"parent":0,"menu_order":0,"comment_status":"closed","ping_status":"closed","template":"","meta":{"footnotes":""},"class_list":["post-674","page","type-page","status-publish","hentry"],"translation":{"provider":"WPGlobus","version":"3.0.0","language":"en","enabled_languages":["de","en"],"languages":{"de":{"title":true,"content":true,"excerpt":false},"en":{"title":false,"content":false,"excerpt":false}}},"_links":{"self":[{"href":"https:\/\/www.sauerlaender-verlag.com\/en\/wp-json\/wp\/v2\/pages\/674","targetHints":{"allow":["GET"]}}],"collection":[{"href":"https:\/\/www.sauerlaender-verlag.com\/en\/wp-json\/wp\/v2\/pages"}],"about":[{"href":"https:\/\/www.sauerlaender-verlag.com\/en\/wp-json\/wp\/v2\/types\/page"}],"author":[{"embeddable":true,"href":"https:\/\/www.sauerlaender-verlag.com\/en\/wp-json\/wp\/v2\/users\/1"}],"replies":[{"embeddable":true,"href":"https:\/\/www.sauerlaender-verlag.com\/en\/wp-json\/wp\/v2\/comments?post=674"}],"version-history":[{"count":2,"href":"https:\/\/www.sauerlaender-verlag.com\/en\/wp-json\/wp\/v2\/pages\/674\/revisions"}],"predecessor-version":[{"id":908,"href":"https:\/\/www.sauerlaender-verlag.com\/en\/wp-json\/wp\/v2\/pages\/674\/revisions\/908"}],"wp:attachment":[{"href":"https:\/\/www.sauerlaender-verlag.com\/en\/wp-json\/wp\/v2\/media?parent=674"}],"curies":[{"name":"wp","href":"https:\/\/api.w.org\/{rel}","templated":true}]}}