{"id":52,"date":"2013-09-27T13:28:53","date_gmt":"2013-09-27T11:28:53","guid":{"rendered":"http:\/\/www.sauerlaender-verlag.com\/wordpress\/?page_id=52"},"modified":"2025-04-28T20:56:37","modified_gmt":"2025-04-28T18:56:37","slug":"herausgeber","status":"publish","type":"page","link":"https:\/\/www.sauerlaender-verlag.com\/en\/rheinisches-museum-fuer-philologie\/herausgeber\/","title":{"rendered":"Editor Rheinisches Museum f\u00fcr Philologie"},"content":{"rendered":"<p>Prof. Dr. Ren\u00e9 N\u00fcnlist<br \/>\nProf. Dr. Peter Schenk<br \/>\nInstitut f\u00fcr Altertumskunde der Universit\u00e4t zu K\u00f6ln<br \/>\nD-50923 K\u00f6ln<\/p>\n<p>Schriftleitung: Dr. Sandra Zajonz<br \/>\nInstitut f\u00fcr Altertumskunde der Universit\u00e4t zu K\u00f6ln<br \/>\nD-50923 K\u00f6ln<\/p>\n<p><a href=\"http:\/\/www.rhm.phil-fak.uni-koeln.de\" target=\"_blank\" rel=\"noopener\">www.rhm.phil-fak.uni-koeln.de<\/a><\/p>\n","protected":false},"excerpt":{"rendered":"<p>Prof. Dr. Ren\u00e9 N\u00fcnlist Prof. Dr. Peter Schenk Institut f\u00fcr Altertumskunde der Universit\u00e4t zu K\u00f6ln D-50923 K\u00f6ln Schriftleitung: Dr. Sandra Zajonz Institut f\u00fcr Altertumskunde der Universit\u00e4t zu K\u00f6ln D-50923 K\u00f6ln www.rhm.phil-fak.uni-koeln.de<\/p>\n","protected":false},"author":1,"featured_media":0,"parent":30,"menu_order":7,"comment_status":"closed","ping_status":"closed","template":"","meta":{"footnotes":""},"class_list":["post-52","page","type-page","status-publish","hentry"],"translation":{"provider":"WPGlobus","version":"3.0.0","language":"en","enabled_languages":["de","en"],"languages":{"de":{"title":true,"content":true,"excerpt":false},"en":{"title":true,"content":true,"excerpt":false}}},"_links":{"self":[{"href":"https:\/\/www.sauerlaender-verlag.com\/en\/wp-json\/wp\/v2\/pages\/52","targetHints":{"allow":["GET"]}}],"collection":[{"href":"https:\/\/www.sauerlaender-verlag.com\/en\/wp-json\/wp\/v2\/pages"}],"about":[{"href":"https:\/\/www.sauerlaender-verlag.com\/en\/wp-json\/wp\/v2\/types\/page"}],"author":[{"embeddable":true,"href":"https:\/\/www.sauerlaender-verlag.com\/en\/wp-json\/wp\/v2\/users\/1"}],"replies":[{"embeddable":true,"href":"https:\/\/www.sauerlaender-verlag.com\/en\/wp-json\/wp\/v2\/comments?post=52"}],"version-history":[{"count":8,"href":"https:\/\/www.sauerlaender-verlag.com\/en\/wp-json\/wp\/v2\/pages\/52\/revisions"}],"predecessor-version":[{"id":3585,"href":"https:\/\/www.sauerlaender-verlag.com\/en\/wp-json\/wp\/v2\/pages\/52\/revisions\/3585"}],"up":[{"embeddable":true,"href":"https:\/\/www.sauerlaender-verlag.com\/en\/wp-json\/wp\/v2\/pages\/30"}],"wp:attachment":[{"href":"https:\/\/www.sauerlaender-verlag.com\/en\/wp-json\/wp\/v2\/media?parent=52"}],"curies":[{"name":"wp","href":"https:\/\/api.w.org\/{rel}","templated":true}]}}