{"id":3784,"date":"2026-03-15T13:18:07","date_gmt":"2026-03-15T11:18:07","guid":{"rendered":"https:\/\/www.sauerlaender-verlag.com\/?page_id=3784"},"modified":"2026-04-19T12:57:38","modified_gmt":"2026-04-19T10:57:38","slug":"uebersicht-afjz-192","status":"publish","type":"page","link":"https:\/\/www.sauerlaender-verlag.com\/en\/uebersicht-afjz-192\/","title":{"rendered":"\u00dcbersicht AFJZ 192"},"content":{"rendered":"<p class=\"has-text-align-center\"><strong>J. D. Sauerl\u00e4nder\u2019s Verlag<\/strong><\/p><p class=\"has-text-align-center\">Hier finden Sie in absteigender Reihenfolge die mit einer DOI-Nummer versehenen Artikel aus<\/p><p class=\"has-text-align-center\">Here you will find starting with N\u00b0 1 the articles with a DOI-number published in<\/p><p class=\"has-text-align-center\"><strong>ALLGEMEINE FORST UND JAGDZEITUNG<\/strong><br>German Journal of Forest Research<\/p><hr class=\"wp-block-separator has-alpha-channel-opacity\"\/><p style=\"text-align: center;\"><strong>DOI Number 10.23765\/afjz0002073<\/strong><\/p>\n<p><strong>Charakterisierung der sommerlichen Stressabwehr von Traubeneichen (Quercus petraea Liebl.)<\/strong> <br \/>JANINE BLEH und STEFAN SEEGM\u00dcLLER <br \/>Band 192, Heft 1-2, pp 1-13 <br \/><strong>KEY WORDS \u2013 SCHLAGW\u00d6RTER<\/strong> <br \/>Quercus petraea Liebl.; oxidative stress; drought stress; hydrogen peroxide; malone dialdehyde; glutathione; glutathione reductase; vescalagine; castalagine; ellagitannins. Quercus petraea Liebl.; oxidativer Stress; Trockenstress; Wasserstoffperoxid; Malondialdehyd; Gluthation; Glutathionreductase; Vescalagin; Castalagin; Ellagtannine.<\/p>\n<center><center><button onclick=\"window.location.href = 'https:\/\/www.sauerlaender-verlag.com\/allgemeine-forst-und-jagdzeitung-2021\/#';\">Download<\/button><\/center><hr class=\"wp-block-separator has-alpha-channel-opacity\"\/><p style=\"text-align: center;\"><strong>DOI Number 10.23765\/afjz0002074<\/strong><\/p>\n<p><strong>Tannenmistel versus Kiefernmistel: ein morphologisch-ern\u00e4hrungskundlicher Vergleich<\/strong><br \/>ROMAN LANIEWSKI, H. J. KLEMMT und AXEL G\u00d6TTLEIN<br \/>Band 192, Heft 1-2, pp 14-25<br \/><strong>KEY WORDS \u2013 SCHLAGW\u00d6RTER <\/strong><br \/>Mistletoe; Silver fir; Scots pine; base saturation level; misteltoe leaves and shoots; needles; biomass; nutrient elements. Mistel; Wei\u00dftanne; Waldkiefer; Basens\u00e4ttigungsgrad; Mistelbl\u00e4tter- und triebe; Nadeln; Biomasse; N\u00e4hrelemente.<\/p>\n<center><center><button>Download<\/button><\/center><\/center><hr class=\"wp-block-separator has-alpha-channel-opacity\"\/><p style=\"text-align: center;\"><strong>DOI Number 10.23765\/afjz0002075<\/strong><\/p>\n<p><strong>Die slawonische Stieleiche (<em>Quercus robur<\/em> subsp. <em>slavonia<\/em> (G\u00e1yer) M\u00e1ty\u00e1s) als Alternative f\u00fcr den Klimawandel: Experimentelle und genomische Ressourcen<\/strong><br \/>KATRIN BURGER und OLIVER GAILING<br \/>Band 192, Heft 1-2, pp 26-37<br \/><strong>KEY WORDS \u2013 SCHLAGW\u00d6RTER <\/strong><br \/>Slavonian oak; genetic variation; special origin; QTL; association mapping.<br \/>Slawonische Stieleiche; genetische Variation; Sonderherkunft; QTL; Assoziationskartierung.<\/p><hr class=\"wp-block-separator has-alpha-channel-opacity\"\/><p style=\"text-align: center;\"><strong>DOI Number 10.23765\/afjz0002076<\/strong><\/p>\n<p><strong>Die Identifizierung der Europ\u00e4ischen und Japanischen L\u00e4rche und ihrer Hybride mit SSR-Genmarkern<\/strong><br \/>ANTONIA L\u00dcTKENHAUS, O. CAR\u00c9, O. KUCHMA, K. MOSER, M. M\u00dcLLER, OLIVER GAILING, B. HOSIUS und LUDGER LEINEMANN<br \/>Band 192, Heft 1-2, pp 37-48<br \/><strong>KEY WORDS \u2013 SCHLAGW\u00d6RTER <\/strong><br \/>Larix decidua; Larix kaempferi; Larix x eurolepis; Hybrids; nSSRs; seed orchard.<br \/>Larix decidua; Larix kaempferi; Larix x eurolepis; Hybride; nSSRs; Samenplantage.<\/p><hr class=\"wp-block-separator has-alpha-channel-opacity\"\/><p style=\"text-align: center;\"><strong>DOI Number 10.23765\/afjz0002077<\/strong><\/p>\n<p><strong>Illusionen der europ\u00e4ischen Holzverordnung: Steuerungsdefizite im globalen Norden und S\u00fcden am Beispiel Deutschland und Kamerun<\/strong><br \/>MINETTE NAGO, SOPHIE PAULMANN und MAX KROTT<br \/>Band 192, Heft 3-4, pp 49-61<br \/><strong>KEY WORDS \u2013 SCHLAGW\u00d6RTER <\/strong><br \/>Illegal logging; EUTR; implementation deficits; capitalist globalization.<br \/>Illegaler Holzeinschlag; EUTR; Implementationsdefizite; kapitalistische Globalisierung.<\/p><hr class=\"wp-block-separator has-alpha-channel-opacity\"\/><p style=\"text-align: center;\"><strong>DOI Number 10.23765\/afjz0002078<\/strong><\/p>\n<p><strong>\u00a0<\/strong><strong>Die Rolle der Parteien und Politiksektoren in der Gesetzgebung am Beispiel der Novellierung des Th\u00fcringer Jagdgesetzes<\/strong><br \/>MICHAEL KIRCHNER und MAX KROTT<br \/>Band 192, Heft 3-4, pp 62-92<br \/><strong>KEY WORDS \u2013 SCHLAGW\u00d6RTER <\/strong><br \/>Partisan theory; party positioning; hunting policy; federal states; allies; forest-game-conflict; policy sectors; hunting act amendment; Thuringia.<br \/>Parteiendifferenz; Parteienpositionierung; Jagdpolitik; Bundesl\u00e4nder; B\u00fcndnispartner; Wald-Wild-Konflikt; Politiksektoren; Jagdgesetznovellierung; Th\u00fcringen.<\/p><hr class=\"wp-block-separator has-alpha-channel-opacity\"\/><p style=\"text-align: center;\"><strong>DOI Number 10.23765\/afjz0002079<\/strong><\/p>\n<p><strong>Ver\u00e4nderung genetischer Variationsmuster von Waldb\u00e4umen unter Gesichtspunkten des Klimawandels<\/strong><br \/>OLIVER GAILING, KATHARINA B. BUDDE und MARKUS M\u00dcLLER<br \/>Band 192, Heft 5-6, pp 93-105<br \/><strong>KEY WORDS \u2013 SCHLAGW\u00d6RTER <\/strong><br \/>Genetic variation; adaptive potential; climate change; review.<br \/>Genetische Variation; Anpassungspotenzial; Klimawandel; \u00dcbersichtsartikel.<\/p><hr class=\"wp-block-separator has-alpha-channel-opacity\"\/><p style=\"text-align: center;\"><strong>DOI Number 10.23765\/afjz0002080<\/strong><\/p>\n<p><strong>Voranbau von Buche unter Kiefernschirm in Nordwestdeutschland \u0336 Vergleichende Studie zu Sortimenten, Verbandweiten, Pflanz- und Bodenbearbeitungsverfahren<\/strong><br \/>PATRICIA LOHSE und NIKOLAS VON L\u00dcPKE<br \/>Band 192, Heft 5-6, pp 106-119<br \/><strong>KEY WORDS \u2013 SCHLAGW\u00d6RTER <\/strong><br \/>Advanced planting; European beech; Scots pine; plant assortment; initial spacing; soil treatment; planting method.<br \/>Voranbau; Buche; Kiefer; Sortiment; Pflanzenverband; Bodenbearbeitung; Pflanzverfahren.<\/p><hr class=\"wp-block-separator has-alpha-channel-opacity\"\/><p style=\"text-align: center;\"><strong>DOI Number 10.23765\/afjz0002081<\/strong><\/p>\n<p><strong>Synopse waldbaulicher F\u00f6rderbestimmungen der bundesdeutschen L\u00e4nder: Ein Vergleich anhand von Wuchsh\u00fclle und Zaun<\/strong><br \/>YANNIC GRAF, ANTON SCHNABL, SEBASTIAN HEIN, ARTUR PETKAU und CHRISTOPH SCHURR<br \/>Band 192, Heft 5-6, pp 120-136<br \/><strong>KEY WORDS \u2013 SCHLAGW\u00d6RTER <\/strong><br \/>Public grant scheme; tree shelter; fencing; plantation; plastic; sustainable forest management.<br \/>F\u00f6rderung; Wuchsh\u00fclle; Zaun; Pflanzung; Plastik; Nachhaltigkeit.<\/p><hr class=\"wp-block-separator has-alpha-channel-opacity\"\/><p style=\"text-align: center;\"><strong>DOI Number 10.23765\/afjz0002082<\/strong><\/p>\n<p><strong>\u00a0<\/strong><strong>Rechtm\u00e4\u00dfige Datenverarbeitung bei der motor-manuellen Holzernte in der Forstwirtschaft 4.0<\/strong><br \/>MICHAEL OTTL, DIRK JAEGER und ULRICH M. GASSNER<br \/>Band 192, Heft 7-8, pp 137-158<br \/><strong>KEY WORDS \u2013 SCHLAGW\u00d6RTER <\/strong><br \/>Digitalization; industry 4.0; forestry 4.0; forestry and timber 4.0; Big Data; data collection; data subject; data controller; permission; consent; legitimate interest; company agreement; motor-manual timber harvesting; chainsaw.<br \/>Digitalisierung; Industrie 4.0; Forst 4.0; Wald und Holz 4.0; Big Data; Datenerhebung; betroffene Person; Verantwortlicher; Erlaubnis; Einwilligung; berechtigtes Interesse; Betriebsvereinbarung; motormanuelle Holzernte; Motors\u00e4ge.<\/p><hr class=\"wp-block-separator has-alpha-channel-opacity\"\/><p style=\"text-align: center;\"><strong>DOI Number 10.23765\/afjz0002083<\/strong><\/p>\n<p><strong>\u00a0<\/strong><strong>Genetische Ressourcen der Douglasie (<em>Pseudotsuga menziesii<\/em>) in Nordwestdeutschland: Erkenntnisse aus 15 Jahren Inventur<\/strong><br \/>AKI MICHAEL H\u00d6LTKEN und WILFRIED STEINER<br \/>Band 192, Heft 7-8, pp 159-172<br \/><strong>KEY WORDS \u2013 SCHLAGW\u00d6RTER <\/strong><br \/>Douglas fir; genetic variability; geographic origin; seed stands; seed orchards; gene marker.<br \/>Douglasie; genetische Vielfalt; geographischer Ursprung; Saatguterntebest\u00e4nde; Samenplantagen; Genmarker.<\/p><hr class=\"wp-block-separator has-alpha-channel-opacity\"\/><p style=\"text-align: center;\"><strong>DOI Number 10.23765\/afjz0002084<\/strong><\/p>\n<p><strong>Konstruktionsprinzip f\u00fcr eine neue Generation von Ertragstafeln erl\u00e4utert am Beispiel der Baumart Buche<\/strong><br \/>ALBERT, J. NAGEL, M. SCHMIDT, R.-V. NAGEL und H. SPELLMANN<br \/>Band 192, Heft 7-8, pp 173-191<br \/><strong>KEY WORDS \u2013 SCHLAGW\u00d6RTER <\/strong><br \/>Yield tables; current increment level; graduated thinning from above; forest growth; forest management.<br \/>Ertragstafeln; aktuelles Zuwachsniveau; gestaffelte Hochdurchforstung; Waldwachstum; Forsteinrichtung.<\/p><hr class=\"wp-block-separator has-alpha-channel-opacity\"\/><p style=\"text-align: center;\"><strong>DOI Number 10.23765\/afjz0002085<\/strong><\/p>\n<p><strong>Neue Herausforderungen an das Waldmanagement: M\u00f6glichkeiten und Grenzen des \u201eDigital Soil Mapping\u201c bei der Bereitstellung fl\u00e4chenhafter Datens\u00e4tze f\u00fcr die Forstplanung am Beispiel von Hessen<\/strong><br \/>AHRENDS, F. HEITKAMP, M. BURESCH, J. EVERS, S. HENTSCHEL, R. BIALOZYT und H. MEESENBURG<br \/>Band 192, Heft 9-10, pp 193-218<br \/><strong>KEY WORDS \u2013 SCHLAGW\u00d6RTER <\/strong><br \/>Forest site mapping; forest planning; nutrient balance; water balance; digital soil mapping; forest soils; available water capacity; regionalization.<br \/>Standortskartierung; Forstplanung; N\u00e4hrstoffhaushalt; Wasserhaushalt; digitale Bodenkartierung; Waldb\u00f6den; nutzbare Feldkapazit\u00e4t; Regionalisierung.<\/p><hr class=\"wp-block-separator has-alpha-channel-opacity\"\/><p style=\"text-align: center;\"><strong>DOI Number 10.23765\/afjz0002086<\/strong><\/p>\n<p><strong>Initiale Entwicklung von Eichenkulturen nach Bodenbearbeitung in Deutsch<\/strong><strong>land<\/strong><br \/>DOMINIK TAMKE, HOLGER SENNHENN-REULEN und REGINA PETERSEN<br \/>Band 192, Heft 9-10, pp 219-240<br \/><strong>KEY WORDS \u2013 SCHLAGW\u00d6RTER <\/strong><br \/>Soil preparation; oak regeneration; growth modelling.<br \/>Bodenbearbeitung; Eichenverj\u00fcngung; Wachstumsmodellierung.<\/p><hr class=\"wp-block-separator has-alpha-channel-opacity\"\/><p style=\"text-align: center;\"><strong>DOI Number 10.23765\/afjz0002087<\/strong><\/p>\n<p><strong>N\u00e4hrelementgehalte in der Baumrinde und deren Eignung zur ern\u00e4hrungskundlichen Diagnose<\/strong><br \/>RASMUSS ETTL und AXEL G\u00d6TTLEIN<br \/>Band 192, Heft 11-12, pp 241-253<br \/><strong>KEY WORDS \u2013 SCHLAGW\u00d6RTER <\/strong><br \/>Nutrient element content; tree bark; annual pattern; needle\/leaf level.<br \/>N\u00e4hrelementgehalt; Baumrinde; Jahresgang; Nadel-\/ Blattspiegelwert.<\/p><hr class=\"wp-block-separator has-alpha-channel-opacity\"\/><p style=\"text-align: center;\"><strong>DOI Number 10.23765\/afjz0002088<\/strong><\/p>\n<p><strong>Die Monte-Carlo-Simulation als m\u00f6gliche Erg\u00e4nzung zu den normativen forstlichen Ertragsbewertungsverfahren am Beispiel des Ertragswertes, beziehungsweise Waldrentierungswertes eines fiktiven Forstbetriebes<\/strong><br \/>GERHARD FISCHER<br \/>Band 192, Heft 11-12, pp 254-275<br \/><strong>KEY WORDS \u2013 SCHLAGW\u00d6RTER <\/strong><br \/>Monte-Carlo-Simulation; forest-valuation; risk-quantification; random-variables; Cholesky-Decomposition.<br \/>Monte-Carlo-Simulation; Waldbewertung; Risikoquantifizierung; Zufallsvariablen; Cholesky-Zerlegung.<\/p>","protected":false},"excerpt":{"rendered":"<p>J. D. Sauerl\u00e4nder\u2019s Verlag Hier finden Sie in absteigender Reihenfolge die mit einer DOI-Nummer versehenen Artikel aus Here you will find starting with N\u00b0 1 the articles with a DOI-number published in ALLGEMEINE FORST UND JAGDZEITUNGGerman Journal of Forest Research &hellip; <a href=\"https:\/\/www.sauerlaender-verlag.com\/en\/uebersicht-afjz-192\/\">Continue reading <span class=\"meta-nav\">&rarr;<\/span><\/a><\/p>\n","protected":false},"author":1,"featured_media":0,"parent":0,"menu_order":0,"comment_status":"closed","ping_status":"closed","template":"","meta":{"footnotes":""},"class_list":["post-3784","page","type-page","status-publish","hentry"],"translation":{"provider":"WPGlobus","version":"3.0.0","language":"en","enabled_languages":["de","en"],"languages":{"de":{"title":true,"content":true,"excerpt":false},"en":{"title":false,"content":false,"excerpt":false}}},"_links":{"self":[{"href":"https:\/\/www.sauerlaender-verlag.com\/en\/wp-json\/wp\/v2\/pages\/3784","targetHints":{"allow":["GET"]}}],"collection":[{"href":"https:\/\/www.sauerlaender-verlag.com\/en\/wp-json\/wp\/v2\/pages"}],"about":[{"href":"https:\/\/www.sauerlaender-verlag.com\/en\/wp-json\/wp\/v2\/types\/page"}],"author":[{"embeddable":true,"href":"https:\/\/www.sauerlaender-verlag.com\/en\/wp-json\/wp\/v2\/users\/1"}],"replies":[{"embeddable":true,"href":"https:\/\/www.sauerlaender-verlag.com\/en\/wp-json\/wp\/v2\/comments?post=3784"}],"version-history":[{"count":8,"href":"https:\/\/www.sauerlaender-verlag.com\/en\/wp-json\/wp\/v2\/pages\/3784\/revisions"}],"predecessor-version":[{"id":3810,"href":"https:\/\/www.sauerlaender-verlag.com\/en\/wp-json\/wp\/v2\/pages\/3784\/revisions\/3810"}],"wp:attachment":[{"href":"https:\/\/www.sauerlaender-verlag.com\/en\/wp-json\/wp\/v2\/media?parent=3784"}],"curies":[{"name":"wp","href":"https:\/\/api.w.org\/{rel}","templated":true}]}}