{"id":240,"date":"2013-10-01T11:32:00","date_gmt":"2013-10-01T09:32:00","guid":{"rendered":"http:\/\/www.sauerlaender-verlag.com\/wordpress\/?page_id=240"},"modified":"2013-10-01T11:41:43","modified_gmt":"2013-10-01T09:41:43","slug":"history-of-the-puplishing-house","status":"publish","type":"page","link":"https:\/\/www.sauerlaender-verlag.com\/en\/ueber-den-verlag\/history-of-the-puplishing-house\/","title":{"rendered":"History of the puplishing house"},"content":{"rendered":"<div id='2' class='widgets_on_page wop_tiny1  wop_small1  wop_medium1  wop_large1  wop_wide1'>\n\t\t\t<ul><li id=\"wp_sidebarlogin-4\" class=\"widget widget_wp_sidebarlogin\"><h2 class=\"widgettitle\">Login<\/h2><div class=\"sidebar-login-form\"><form name=\"loginform\" id=\"loginform\" action=\"https:\/\/www.sauerlaender-verlag.com\/wp-login.php\" method=\"post\"><p class=\"login-username\">\n\t\t\t\t<label for=\"user_login\">Username<\/label>\n\t\t\t\t<input type=\"text\" name=\"log\" id=\"user_login\" autocomplete=\"username\" class=\"input\" value=\"\" size=\"20\" \/>\n\t\t\t<\/p><p class=\"login-password\">\n\t\t\t\t<label for=\"user_pass\">Password<\/label>\n\t\t\t\t<input type=\"password\" name=\"pwd\" id=\"user_pass\" autocomplete=\"current-password\" spellcheck=\"false\" class=\"input\" value=\"\" size=\"20\" \/>\n\t\t\t<\/p><p class=\"login-submit\">\n\t\t\t\t<input type=\"submit\" name=\"wp-submit\" id=\"wp-submit\" class=\"button button-primary\" value=\"Log In\" \/>\n\t\t\t\t<input type=\"hidden\" name=\"redirect_to\" value=\"https:\/\/www.sauerlaender-verlag.com\/en\/wp-json\/wp\/v2\/pages\/240?_login=97947c89c6\" \/>\n\t\t\t<\/p><\/form><\/div><\/li><\/ul><\/div><!-- widgets_on_page -->\n<div id=\"c622\">\n<div>\n<h2>The History of J.D. Sauerl\u00e4nder\u2019s Publishing House 1613\/1816<\/h2>\n<\/div>\n<p>In 1613, the printer and publisher Caspar R\u00f6tel founded the publishing house R\u00f6tel in Frankfurt am Main. R\u00f6tel would become the foundation for the publishing house of today. The history of R\u00f6tel and his family and their work were unfortunately seldom recognized or documented until into the nineteenth century.<br \/>\nInterestingly, the lineage of business leadership of the publishing house rarely went from father to son, but rather to the daughter and son-in-law. The same was true of Anna Margarete R\u00f6tel, the daughter of the founder, who married Balthasar Christoph Wust in 1654. Balthasar continued the business and made a name for himself in all of Germany as a Bible printer. The son of Margarete and Balthasar, Christoph Wust, handed the business down to his daughter Christine Margarethe and her husband Friedrich Waldow in 1721. Their daughter too used clever marriage politics to preserve the traditional house for the next generation. Maria Susanne married book printer Johann David Scheper in 1747. The next daughter to inherit the family business was Christine Sophie Scheper, who had been married to Johann Christian Sauerl\u00e4nder since 1771. So stood the printing house until 1819.<br \/>\nThe youngest son of Johann and Christine was Johann David Sauerl\u00e4nder, who after an education as a book salesman and years of apprenticeship in Switzerland (first in Basel and then in Aarau) and Heidelberg took over the printing shop. On June 1, 1816 he founded Sauerl\u00e4nder\u2019s Publishing House, which is the company name even until today.<br \/>\nThe work of Johann Sauerl\u00e4nder and his descendants is illuminated through letters and publishing contracts, which document the following history of the publishing house. The young company\u2019s first publication was a philosophical language work by philosopher J.G. Breidenstein. At the same time Sauerl\u00e4nder published the magazine &#8220;Staatrisetto.&#8221; However, after the Carlsbad Decisions took effect, the magazine had to be abandoned because it was &#8220;too liberally disposed.&#8221;<br \/>\nSauerl\u00e4nder\u2019s broke new ground for its time by publishing famous authors, like Washington Irving and James Fennimore Cooper, in inexpensive paperback versions. Previously, these well-known writers were published only in pricey hardback versions. Sauerl\u00e4nder\u2019s made available at reasonable prices the works of Victor Hugo, translated by Georg B\u00fcchner, and the newly-founded magazine &#8220;Phoenix, Spring Magazine for Germany,&#8221; which published for the first time &#8220;Dantons Tod&#8221; by Georg B\u00fcchner. After B\u00fcchner\u2019s untimely death, his brother gave the work &#8220;Leonce und Lena&#8221; to J.D. Sauerl\u00e4nder\u2019s for publishing.<\/p>\n<p>The publication of the first issue of the ALL GEMEINEN FORST- und JAGDZEITUNG in 1832 by J.D. Sauerl\u00e4nder\u2019s validated the science of forestry and established it as an important scientific field with a widespread following. Formerly the newspaper had had a more literary-environmental character, but under the new administration the subjects changed and focused on more serious environmental science themes. The principle that &#8220;the rank of the author may never decide, but rather that always argument and counter-argument must be scrutinized&#8221; saw to more than 175 years of survival of the Allgemeinen Forst- un Jagdzeitung, which is now the oldest forestry magazine in the world.<\/p>\n<p>The close teamwork between Sauerl\u00e4nder\u2019s and both great forestry faculties of Freiburg University and G\u00f6ttingen University remains even today. The individual publishers who are the heads of the magazine often have positions as teachers and researchers as parts of the University faculties. The international importance and worldwide expansion of the magazine is reflected in its inclusion in the Science Citation Index (SCI) of the Institute for Scientific Information.<\/p>\n<p>A couple of years later, in 1841, the second pillar of the publishing house\u2019s history began. From this year onward, without interruption, J.D. Sauerl\u00e4nder\u2019s Publishing House has published RHEINISCHE MUSEUM F\u00dcR PHILOLOGIE, which includes articles about ancient Greek-Roman studies. The values of the magazine are evident already in its name. The museum should &#8220;protect the past\u2026 for our present and therefore preserve it and hold it as living.&#8221; The magazine was founded by philologists from Bonn, and until the eighties of the last century, the publishers were always employed as professors at the University of Bonn. Then the publication moved through Saarbr\u00fccken over to Cologne, staying all the while a child of the Rhein area. This close connection between professor and publisher has always proven useful. From the founding year until today, it has been possible to provide philologists from all over the world with and internationally imaged platform, through which they can exchange developing reports. The international acclaim of this platform is shown by the fact that over 70% of all subscribers are from out of the country.<\/p>\n<p>It was always in the publishing interests of Johann David Sauerl\u00e4nder to have a connection to current politics. Thus he applied himself entirely to the project of writing reports on the first German National Convention, which convened in 1848 in St. Paul\u2019s Church of Frankfurt. They appeared under the title &#8220;Stenographic Reports on the Trial of the Constituent German National Assembly&#8221; in constant progression until 1849, when the convention was forced to end. From this time on, the publisher waved something of an illusion about further public political scripts. He turned his focus to primarily pristine consumer literature and published with great success the works of Friedrich R\u00fcckert and W.O. von Horn. He also published the yearbook titled &#8220;Die Spinnstube&#8221; and the first complete edition of the works of Clemens Brentano.<br \/>\nFamous painters, such as Hermann Kaulbach and Ludwig Richter, did illustrations for some of the publications. Their original drawings in parts can still be found preserved at the publishing house.<br \/>\nWhen J.D.\u2019s son, Heinrich Remigius Sauerl\u00e4nder, took over the publishing house in 1864, he applied himself completely to the work of publishing. He sold the printing house and relocated to Finkenhofstra_e 21 in Frankfurt, where the publishing house is located today.<br \/>\nIn addition to the two successful magazines and works of fiction, H.R. published increasingly more religious works, such as predicts and poem collections for the protestant community. Later he published a roman missal and the works of famous authors like Catholic predict A. Hingari.<\/p>\n<p>When H.R. gave the publishing house to his son Robert David Sauerl\u00e4nder in 1893, Robert followed the developing trend of specialization in the areas of marketing, economics, forestry, and philology. His work was challenging during the crisis of World War One and the resulting inflation. Still, the publishing house survived. But Robert had neither a son nor a daughter. When he was seventy years old, in 1936, Robert sold the publishing house and the lot it stood on to Albrecht Gruber, who had been employed there for fourteen years.<br \/>\nThe specialization of the publishing house continued and further expanded under the leadership of Albrecht. Because Gruber was called to military service on September 1, 1939, his wife Hedwig Aulbach-Gruber took care of the business until his return in 1946. By 1944 Hedwig had saved the publishing of many of the periodicals, despite the lack of authors, print machines, and assistants.<\/p>\n<p>Like Phoenix from the ashes, the publishing house emerged from another trying time into a new beginning in 1946. The publishing work increased again. There were new contracts and magazines to publish. The publishing house issued increasingly more new forestry publications. The new child of the publishing house in 1951 was SILVAE GENETICA. Forestry genetics gained increasing importance, thanks to the leader of the institute for forest genetics and the breeding of forest plants of the Federal Regional Studies for Forests and the Timber Industry, Professor Langner. It was his plan to found this professional journal, the job of which was given to J.D. Sauerl\u00e4nder\u2019s Publishing House, which was making a name for itself in the area of forestry and enthusiastically accepted the project. The work was and still is supported by the Federal Ministry for Nutrition, Agriculture, and Forests, and also by worldwide research scientists. The magazine is read by citizens all over the world. Today, there are subscribers in Addis Ababa in Ethiopia and Tacuarembo, Uruguay.<\/p>\n<p>That same year, 1951, the teams of the forestry faculty of G\u00f6ttingen and the Lower Saxony forestry experimental station founded the SCHRIFTENREIHE DER FORSTLICHEN FAKULT\u00c4T DER UNIVERSIT\u00c4T G\u00d6TTINGEN. It became the platform for the publication of great scientific works, which had formerly received only short reference in professional journals. The written succession of the publication, which includes 137 volumes, was used for the disclosure of discoveries and individual results. This was critically important, as this information often led to later studies and discoveries. The written exchange included research institutions from all continents where the area of forestry was researched and taught, including Africa, the Americas, Asia, Australia, and Europe.<\/p>\n<p>After Albrecht Gruber\u2019s death in 1973, the publishing house passed to his nephew, Helmut A. Baetz, who after an education as a publisher and book salesman and an internship out of the country had been managing the company for many years. The publishing programs now stood solidly on the three pillars of forestry genetics, forestry, and classic philology.<br \/>\nThe area of forestry was especially emphasized. The increasing specialization of the individual areas of forestry were reflected in the issues of SCHRIFTEN ZUR FORST\u00d6KONOMIE, published since 1993 by J.D. Sauerl\u00e4nder\u2019s in cooperation with G\u00f6ttingen University. These issues accommodated English speakers as well, with texts in both English and German about the newest class of scientific research. The 25 volumes deal with, among many other topics, the appraisal of national cultural achievements, the regeneration of forests, flood protection achievements of forests and the perspectives of forestry economics research.<br \/>\nThe publishing house also boasts, in its fourth edition, the standard works of the forestry teaching. These include the &#8220;Leitfaden zur Walkmesslehre&#8221; by the authors Kramer and Ak\u00e7a, and &#8220;Ertragstafeln wichtiger Baumarten&#8221; by Schober.<br \/>\nAfter 30 years of publishing, Baetz gave the publishing house to his niece, Stephanie J. Aulbach, in 2003. After her diploma in German language and literature studies with an emphasis on literature procurement and a two year internship with a Munich publishing house in 1999, she joined the company and had the greatest opportunity to devote herself to the work of publishing.<br \/>\nThe existing program is now cared for and further expanded in order to preserve traditional publishing with healthy continuity, if at all possible, for another 400 years!<\/p>\n<\/div>\n","protected":false},"excerpt":{"rendered":"<p>The History of J.D. Sauerl\u00e4nder\u2019s Publishing House 1613\/1816 In 1613, the printer and publisher Caspar R\u00f6tel founded the publishing house R\u00f6tel in Frankfurt am Main. R\u00f6tel would become the foundation for the publishing house of today. The history of R\u00f6tel &hellip; <a href=\"https:\/\/www.sauerlaender-verlag.com\/en\/ueber-den-verlag\/history-of-the-puplishing-house\/\">Continue reading <span class=\"meta-nav\">&rarr;<\/span><\/a><\/p>\n","protected":false},"author":1,"featured_media":0,"parent":19,"menu_order":0,"comment_status":"closed","ping_status":"closed","template":"","meta":{"footnotes":""},"class_list":["post-240","page","type-page","status-publish","hentry"],"translation":{"provider":"WPGlobus","version":"3.0.0","language":"en","enabled_languages":["de","en"],"languages":{"de":{"title":true,"content":true,"excerpt":false},"en":{"title":false,"content":false,"excerpt":false}}},"_links":{"self":[{"href":"https:\/\/www.sauerlaender-verlag.com\/en\/wp-json\/wp\/v2\/pages\/240","targetHints":{"allow":["GET"]}}],"collection":[{"href":"https:\/\/www.sauerlaender-verlag.com\/en\/wp-json\/wp\/v2\/pages"}],"about":[{"href":"https:\/\/www.sauerlaender-verlag.com\/en\/wp-json\/wp\/v2\/types\/page"}],"author":[{"embeddable":true,"href":"https:\/\/www.sauerlaender-verlag.com\/en\/wp-json\/wp\/v2\/users\/1"}],"replies":[{"embeddable":true,"href":"https:\/\/www.sauerlaender-verlag.com\/en\/wp-json\/wp\/v2\/comments?post=240"}],"version-history":[{"count":3,"href":"https:\/\/www.sauerlaender-verlag.com\/en\/wp-json\/wp\/v2\/pages\/240\/revisions"}],"predecessor-version":[{"id":245,"href":"https:\/\/www.sauerlaender-verlag.com\/en\/wp-json\/wp\/v2\/pages\/240\/revisions\/245"}],"up":[{"embeddable":true,"href":"https:\/\/www.sauerlaender-verlag.com\/en\/wp-json\/wp\/v2\/pages\/19"}],"wp:attachment":[{"href":"https:\/\/www.sauerlaender-verlag.com\/en\/wp-json\/wp\/v2\/media?parent=240"}],"curies":[{"name":"wp","href":"https:\/\/api.w.org\/{rel}","templated":true}]}}