{"id":2340,"date":"2022-10-09T11:53:27","date_gmt":"2022-10-09T09:53:27","guid":{"rendered":"https:\/\/www.sauerlaender-verlag.com\/?page_id=2340"},"modified":"2026-03-15T13:11:33","modified_gmt":"2026-03-15T11:11:33","slug":"doi-2019","status":"publish","type":"page","link":"https:\/\/www.sauerlaender-verlag.com\/en\/doi-2019\/","title":{"rendered":"\u00dcbersicht AFJZ 190"},"content":{"rendered":"<style type=\"text\/css\" media=\"screen\">\n    .float1 { float: left; width: 15em; }\n    .float2 { float: left; width: 20em; }\n    .float3 { width: 35em; }\n<\/style>\n<div class=\"float1\"><img decoding=\"async\" src=\"\/wp-content\/uploads\/2019\/12\/AFJZ2017-1.png\" alt=\"Italian Trulli\">\n<\/div>\n<div class=\"float2\">\n<p style=\"text-align:center\"><strong>J. D. Sauerl\u00e4nder\u2019s Verlag<\/strong><\/p>\n<p style=\"text-align:center\">Hier finden Sie in absteigender Reihenfolge die mit einer DOI-Nummer versehenen Artikel aus <\/p>\n<p style=\"text-align:center\">Here you will find starting with N\u00b0 1 the articles with a DOI-number published in <\/p>\n\n<p style=\"text-align:center\"><strong>ALLGEMEINE FORST UND JAGDZEITUNG<\/strong><\/br>\nGerman Journal of Forest Research<\/p>\n<\/div><hr class=\"wp-block-separator\"\/><p style=\"text-align: center;\"><strong>DOI Number 10.23765\/afjz0002035<\/strong><\/p>\n<p><strong>Einfluss von Ausgangspflanzendichte und Durchforstung auf Wachstum und wirtschaftlichen Ertrag von Weihrauchkiefern (<em>Pinus taeda<\/em>) in S\u00fcdbrasilien<\/strong><br \/>J\u00dcRGEN HUSS und M\u00c1RIO DOBNER JR.<br \/>Band 190, Heft 1-2, pp 1-21<br \/><strong>SCHLAGW\u00d6RTER &#8211; KEY WORDS<\/strong><br \/>Weihrauchkiefer (Pinus taeda); Ausgangspflanzenzahlen; Durchforstungsvarianten; Wuchsverhalten; \u00f6konomische Auswirkungen; S\u00fcdbrasilien.<br \/>Loblolly pine (Pinus taeda); initial plant density; thinning intensities; growth characteristics; economic impacts; South Brazil.<\/p>\n<center><button>Download<\/button><\/center><hr class=\"wp-block-separator\"\/><p style=\"text-align: center;\"><strong>DOI Number 10.23765\/afjz0002036 <\/strong><\/p>\n<p><strong>Eine \u00dcbersicht zu Untersuchungen der Herkunft und genetischen Variation der Roteiche (Quercus rubra L.) in nat\u00fcrlichen und eingef\u00fchrten Populationen <\/strong><br \/>TIM PETTENKOFER, LUDGER LEINEMANN und OLIVER GAILING<br \/>Band 190, Heft 1-2, pp 22-30<br \/><strong>SCHLAGW\u00d6RTER &#8211; KEY WORDS<\/strong><br \/>Roteiche; Quercus rubra; Herkunft; genetische Variation; nichtheimische Baumart; \u00dcbersichtsartikel. Red oak; Quercus rubra; origin; genetic variation; nonnative tree species; review.<\/p>\n<center><button>Download<\/button><\/center><hr class=\"wp-block-separator\"\/><p style=\"text-align: center;\"><strong>DOI Number 10.23765\/afjz0002037<\/strong><\/p>\n<p><strong>European Forest Accounts for Germany \u2013 Quality of data bases and accounting methods<\/strong><br \/>LYDIA ROSENKRANZ, HERMANN ENGLERT und BJ\u00d6RN SEINTSCH<br \/>Band 190, Heft 1-2, pp 31-52<br \/><strong>KEY WORDS &#8211;\u00a0SCHLAGW\u00d6RTER<\/strong><br \/>European Forest Accounts; forest statistics; forest accounting; environmental accounting.<br \/>European Forest Accounts; Forststatistik; Waldgesamtrechnung; Umweltgesamtrechnung.<\/p>\n<center><button>Download<\/button><\/center><hr class=\"wp-block-separator\"\/><p style=\"text-align: center;\"><strong>DOI Number 10.23765\/afjz0002038<\/strong><\/p>\n<p><strong>Weiterentwicklung der Dichte- und Mischungsregulierung forstwirtschaft\u00adlich wichtiger Baumarten. \u00c4quivalenz-Koeffizienten und Dichte-Steigerungs-Koeffizienten f\u00fcr generische waldbauliche Behandlungs\u00adalgorithmen<\/strong><br \/>HANS PRETZSCH<br \/>Band 190, Heft 3-4, pp 55-72<br \/><strong>SCHLAGW\u00d6RTER &#8211; KEY WORDS<\/strong><br \/>Baumartenmischung; Mischungsanteile; Mischungsregulierung; generische Pflegeprogramme; Durchforstungsalgorithmen; Packungsdichte; \u00c4quivalenz-Koeffizienten;<br \/>Dichte-Steigerungs-Koeffizienten.<br \/>Tree species mixture; mixing proportions; regulation of mixing proportions; generic silvicultural guidelines; thinning algorithms; packing density; equivalence-coefficients; density-expansion-coefficients.<\/p>\n<center><button>Download<\/button><\/center><hr class=\"wp-block-separator\"\/><p style=\"text-align: center;\"><strong>DOI Number 10.23765\/afjz0002039<\/strong><\/p>\n<p><strong>Buchenverj\u00fcngung unter Fichtenschirm \u2013 Wachstum und Kohlenstoff\u00adspeicherleistung von Umbaubest\u00e4nden bei langfristigen Verj\u00fcngungs\u00adg\u00e4ngen<\/strong><br \/>CHRISTIAN AMMER<br \/>Band 190, Heft 3-14, pp 73-89<br \/><strong>SCHLAGW\u00d6RTER &#8211; KEY WORDS<\/strong><br \/>Umbau; Bestandesvorrat; Selbstausd\u00fcnnung; Pflanzung; Saat.<br \/>Conversion; stand volume; self-thinning; planting; direct seeding.<\/p><hr class=\"wp-block-separator\"\/><p style=\"text-align: center;\"><strong>DOI Number 10.23765\/afjz0002040<\/strong><\/p>\n<p><strong>Tools familiar, impact unexpected: silviculture and ecosystem services on a small forest scale<\/strong><br \/>SVEN WAGNER, ISABELLE HERRMANN and FRANKA HUTH<br \/>Band 190, Heft 3-4, pp 89-100<br \/><strong>KEY WORDS &#8211;\u00a0SCHLAGW\u00d6RTER<\/strong><br \/>Ecosystem services; small-scale forest structures; silvicultural tools; service providing units.<br \/>\u00d6kosystemleistungen; kleinr\u00e4umige Waldstrukturen; waldbauliche Werkzeuge; \u00d6kosystem\u00adleistungen bereitstellende Einheiten.<\/p>\n<center><button>Download<\/button><\/center><hr class=\"wp-block-separator\"\/><p style=\"text-align: center;\"><strong>DOI Number 10.23765\/afjz0002041<\/strong><\/p>\n<p><strong>Zins \u2013 Fluch oder Segen in der forstlichen Planung?<\/strong><br \/>BERNHARD M\u00d6HRING und MATTHIAS DIETER<br \/>Band 190, Heft 5-6, pp 101-120<br \/><strong>SCHLAGW\u00d6RTER &#8211; KEY WORDS<\/strong><br \/>Nachhaltigkeitsrestriktion; unvollkommener Kapitalmarkt; endogene Grenzzinsrate.<br \/>Sustained value of timber stock; imperfect capital market; endogenous marginal interest rate.<\/p>\n<center><button>Download<\/button><\/center><hr class=\"wp-block-separator\"\/><p style=\"text-align: center;\"><strong>DOI Number 10.23765\/afjz0002042<\/strong><\/p>\n<p><strong>Stubborn and adaptive \u2013 five decades of monitoring and research of self-regulated tree demography in Lower Saxony, Germany<\/strong><br \/>PETER MEYER<br \/>Band 190, Heft 3-4, pp 120-135<br \/><strong>KEY WORDS &#8211;\u00a0SCHLAGW\u00d6RTER<\/strong><br \/>Strict forest reserves; naturalness; long-term investigations.<br \/>Naturwaldreservate; Naturn\u00e4he; Langzeituntersuchungen.<\/p>\n<center><button>Download<\/button><\/center><hr class=\"wp-block-separator\"\/><p style=\"text-align: center;\"><strong>DOI Number 10.23765\/afjz0002043<\/strong><\/p>\n<p><strong>Standortsensitive und kalibrierbare Bonit\u00e4tsf\u00e4cher: Wachstumspotenziale wichtiger Baumarten unter Klimawandel<\/strong><br \/>MATTHIAS SCHMIDT<br \/>Band 190, Heft 3-4, pp 136-160<br \/><strong>SCHLAGW\u00d6RTER &#8211; KEY WORDS<\/strong><br \/>Klimafolgenforschung; Standort-Leistungs-Modelle; standortsensitive Bonit\u00e4tsf\u00e4cher; Gemeine Fichte; Rotbuche; Waldkiefer; Trauben- und Stieleiche.<br \/>Climate impact research; site-sensitive growth models; site-sensitive site index curves; Norway Spruce; common beech; Scots pine; sessile and pedunculated oak:<\/p>\n<center><button>Download<\/button><\/center><hr class=\"wp-block-separator\"\/><p style=\"text-align: center;\"><strong>DOI Number 10.23765\/afjz0002044<\/strong><\/p>\n<p><strong>Verbiss an Tanne und Eiche in Baden-W\u00fcrttemberg: Ein Vergleich zwischen nadelbaum- und laubbaumdominierten Waldbest\u00e4nden<\/strong><br \/>ROBERT HAGEN, NORBERT K\u00dcHL, MAX KR\u00d6SCHEL und RUDI SUCHANT<br \/>Band 190, Heft 7-8, pp 161-168<br \/><strong>SCHLAGW\u00d6RTER &#8211; KEY WORDS<\/strong><br \/>Ivlev-Index; Reh; Pr\u00e4ferenz; Laubwald; Nadelwald; Abies; Quercus.<br \/>Ivlev-Index; Roe deer; selectivity; deciduous forest; coniferous forest; Abies; Quercus.<\/p>\n<center><button>Download<\/button><\/center><hr class=\"wp-block-separator\"\/><p style=\"text-align: center;\"><strong>DOI Number 10.23765\/afjz0002045<\/strong><\/p>\n<p><strong>Wie verg\u00e4nglich ist Zukunft? Untersuchung \u00fcber die ver\u00e4nderte Zukunfts\u00adwahrnehmung forstlicher Stakeholder \u00fcber ein Jahrzehnt<\/strong><br>YVONNE HENGST-EHRHART und ULRICH SCHRAML<br>Band 190, Heft 3-4, pp 168-184<br><strong>SCHLAGW\u00d6RTER &#8211; KEY WORDS<\/strong><br>Zukunftsbilder; Onlinebefragung; forstliche Planung; Unsicherheit.<br>Future images; online survey; forest planning; uncertainty.<\/p>\n<center><button>Download<\/button><\/center><hr class=\"wp-block-separator\"\/><p><strong>DOI Number 10.23765\/afjz0002046<\/strong><\/p>\n<strong>\u00a0<\/strong><br>\n<strong>Die \u00f6kologische Basenamplitude von Baumarten in Deutschland<\/strong><br>\nKARL H. MELLERT, J. F\u00c4TH, W. FALK, N. WELLBROCK und AXEL G\u00d6TTLEIN<\/p>\nBand 190, Heft 7-8, pp 184-204<br>\n<strong>KEY WORDS \u2013 SCHLAGW\u00d6RTER <\/strong><br>\nBasens\u00e4ttigung; Basens\u00e4ttigungstyp; Waldern\u00e4hrung; BZE; N\u00e4hrstoffverf\u00fcgbarkeit.<br>\nBase saturation; base saturation type; forest nutrition; BZE; nutrient availability.<center><button>Download<\/button><\/center><hr class=\"wp-block-separator\"\/><p style=\"text-align: center;\"><strong>DOI Number 10.23765\/afjz0002047<\/strong><\/p>\n<p><strong>Winterst\u00fcrme \u00fcber Deutschlands W\u00e4ldern 1981\u20132018<\/strong><br \/>DIRK SCHINDLER und CHRISTOPHER JUNG<br \/>Band 190, Heft 9-10, pp 205-214<br \/><strong>SCHLAGW\u00d6RTER &#8211; KEY WORDS<\/strong><br \/>Sturmgef\u00e4hrdung; B\u00f6engeschwindigkeit; Sturmfeldfaktor; Naturgefahr; Maschinelles Lernen.<br \/>Storm hazard; gust speed; storm field factor; natural hazard; machine learning.<\/p><hr class=\"wp-block-separator\"\/><p style=\"text-align: center;\"><strong>DOI Number 10.23765\/afjz0002048<\/strong><\/p>\n<p><strong>Genmarkeranalysen zur Sch\u00e4tzung des adaptiven Potentials von ausge\u00adw\u00e4hlten Vorkommen von <em>Gingko biloba <\/em>L. in Deutschland<\/strong><br \/>LUDGER LEINEMANN, WOLF JOHANNES HOFFMANN und OLIVER GAILING<br \/>Band 190, Heft 9-10, pp 214-222<br \/><strong>SCHLAGW\u00d6RTER &#8211; KEY WORDS<\/strong><br \/>Ginkgo biloba; SSR-Genmarker; genetische Variation.<br \/>Ginkgo biloba, SSR markers, genetic variation.<\/p>\n<center><button>Download<\/button><\/center><hr class=\"wp-block-separator\"\/><p style=\"text-align: center;\"><strong>DOI Number 10.23765\/afjz0002049<\/strong><\/p>\n<p><strong>Methodische Ans\u00e4tze zur forstbetriebsweisen Modellierung der Fernaus\u00adbreitung der Buche aus Inventurdaten: Potenzielle Verj\u00fcngungsdichte von Buche in Abh\u00e4ngigkeit der Distanz zum Buchenaltbestand<\/strong><br \/>MAXIMILIAN AXER und SVEN WAGNER<br \/>Band 190, Heft 9-10, pp 222-237<br \/><strong>SCHLAGW\u00d6RTER &#8211; KEY WORDS<\/strong><br \/>Rot-Buche; Ausbreitungs\u00f6kologie; Fernausbreitung; Wald umbau; Naturverj\u00fcngungs-Potenzial; Waldinventur; Fernerkundung.<br \/>European beech; dispersal ecology; long distance dispersal; forest conversion; natural regeneration potential; forest inventory; remote sensing.<\/p>\n<center><button>Download<\/button><\/center><hr class=\"wp-block-separator\"\/><p style=\"text-align: center;\"><strong>DOI Number 10.23765\/afjz0002050<\/strong><\/p>\n<p><strong>Wachstum und Ausfall junger Douglasien [<em>Pseudotsuga menziesii <\/em>(MIRB.) FRANCO]: Effekte unterschiedlicher Wuchsh\u00fcllen, Wasserhaushaltstufe, Z\u00e4unung und mechanischer Kultursicherung am Beispiel einer dezentralen Versuchsanlage in S\u00fcdwest-Deutschland<\/strong><br \/>SEBASTIAN HEIN, STEFFEN FRANK und ULRICH KOHNLE<br \/>Band 190, Heft 9-10, pp 237-252<br \/><strong>SCHLAGW\u00d6RTER &#8211; KEY WORDS<\/strong><br \/>Wildsch\u00e4den; Einzelschutz; Z\u00e4unung; Douglasie (Pseudotsuga menziesii (MIRB.) FRANCO); H\u00f6henwachstum; Stabilit\u00e4t; Mortalit\u00e4t.<br \/>Damage caused by game; single-tree protection; fencing; Douglas-fir [Pseudotsuga menziesii (MIRB.) FRANCO]; height growth; tree stability; tree mortality.<\/p>\n<center><button>Download<\/button><\/center><hr class=\"wp-block-separator\"\/><p style=\"text-align: center;\"><strong>DOI Number 10.23765\/afjz0002051<\/strong><\/p>\n<p><strong>170 years of MARTIN FAUSTMANN\u2019s land expectation value \u2013 Editorial to a special issue<\/strong><br \/>MARC HANEWINKEL, PETER DEEGEN and SUN JOSEPH CHANG<br \/>Band 190, Heft 11-12, pp 253-256<br \/><strong>KEY WORDS &#8211;\u00a0SCHLAGW\u00d6RTER<\/strong><br \/>Amenity valuation; CAVAT; neighborhood scale; Pressler\u2019s indicator rate formula; generalized Faustmann formula.<br \/>Amenity-Bewertung; CAVAT; Nachbarschaftsbeziehungen; Presslers Weiserprozentformel; generalisierte Faustmann-Formel.<\/p>\n<center><button>Download<\/button><\/center><hr class=\"wp-block-separator\"\/><p style=\"text-align: center;\"><strong>DOI Number 10.23765\/afjz0002052<\/strong><\/p>\n<p><strong>Cost, rationality and CAVAT\u2019s valuation of amenity trees<\/strong><br \/>COLIN PRICE<br \/>Band 190, Heft 11-12, pp 256-265<br \/><strong>KEY WORDS &#8211;\u00a0SCHLAGW\u00d6RTER<\/strong><br \/>Urban trees; amenity valuation; expert judgement; CAVAT.<br \/>Stadtb\u00e4ume; Bewertung von Annehmlichkeitswerten; Expertenurteil; CAVAT.<\/p>\n<center><button>Download<\/button><\/center><hr class=\"wp-block-separator\"\/><p style=\"text-align: center;\"><strong>DOI Number 10.23765\/afjz0002053<\/strong><\/p>\n<p><strong>Significance of \u201cAus der Holzzuwachslehre\u201d and the Pressler Indicator Rate Formula: A Continuing Discussion<\/strong><br \/>RICHARD J. BRAZEE and ANDERS Q. NYRUD<br \/>Band 190, Heft 11-12, pp 266-269<br \/><strong>KEY WORDS &#8211;\u00a0SCHLAGW\u00d6RTER<\/strong><br \/>Pressler Indicator Rate Formula; Faustmann Formula; Wood Quality; Multiple Product Classes; Dynamic Programming.<br \/>Pressler\u2019sche Weiserprozentformel; Faustmannformel; Holzqualit\u00e4t; Multiple Produktklassen; Dynamische Programmierung.<\/p>\n<center><button>Download<\/button><\/center><hr class=\"wp-block-separator\"\/><p style=\"text-align: center;\"><strong>DOI Number 10.23765\/afjz0002054<\/strong><\/p>\n<p><strong>Economic analysis at the neighborhood scale: toward a new framework for forest valuation, management and research<\/strong><br \/>JOHN D. FOPPERT<br \/>Band 190, Heft 11-12, pp 253-256<br \/><strong>KEY WORDS &#8211;\u00a0SCHLAGW\u00d6RTER<\/strong><br \/>Neighborhood dynamics; optimal thinning; irregular silviculture; Jensen\u2019s inequality; Faustmann model.<br \/>Nachbarschaftsdynamik; optimale Durchforstung; ungleichaltriger Waldbau; Jensens Ungleichheitsbedingung; Faustmann-Modell.<\/p>\n<center><button>Download<\/button><\/center>","protected":false},"excerpt":{"rendered":"<p>J. D. Sauerl\u00e4nder\u2019s Verlag Hier finden Sie in absteigender Reihenfolge die mit einer DOI-Nummer versehenen Artikel aus Here you will find starting with N\u00b0 1 the articles with a DOI-number published in ALLGEMEINE FORST UND JAGDZEITUNG German Journal of Forest &hellip; <a href=\"https:\/\/www.sauerlaender-verlag.com\/en\/doi-2019\/\">Continue reading <span class=\"meta-nav\">&rarr;<\/span><\/a><\/p>\n","protected":false},"author":1,"featured_media":0,"parent":0,"menu_order":0,"comment_status":"closed","ping_status":"closed","template":"","meta":{"footnotes":""},"class_list":["post-2340","page","type-page","status-publish","hentry"],"translation":{"provider":"WPGlobus","version":"3.0.0","language":"en","enabled_languages":["de","en"],"languages":{"de":{"title":true,"content":true,"excerpt":false},"en":{"title":false,"content":false,"excerpt":false}}},"_links":{"self":[{"href":"https:\/\/www.sauerlaender-verlag.com\/en\/wp-json\/wp\/v2\/pages\/2340","targetHints":{"allow":["GET"]}}],"collection":[{"href":"https:\/\/www.sauerlaender-verlag.com\/en\/wp-json\/wp\/v2\/pages"}],"about":[{"href":"https:\/\/www.sauerlaender-verlag.com\/en\/wp-json\/wp\/v2\/types\/page"}],"author":[{"embeddable":true,"href":"https:\/\/www.sauerlaender-verlag.com\/en\/wp-json\/wp\/v2\/users\/1"}],"replies":[{"embeddable":true,"href":"https:\/\/www.sauerlaender-verlag.com\/en\/wp-json\/wp\/v2\/comments?post=2340"}],"version-history":[{"count":7,"href":"https:\/\/www.sauerlaender-verlag.com\/en\/wp-json\/wp\/v2\/pages\/2340\/revisions"}],"predecessor-version":[{"id":3783,"href":"https:\/\/www.sauerlaender-verlag.com\/en\/wp-json\/wp\/v2\/pages\/2340\/revisions\/3783"}],"wp:attachment":[{"href":"https:\/\/www.sauerlaender-verlag.com\/en\/wp-json\/wp\/v2\/media?parent=2340"}],"curies":[{"name":"wp","href":"https:\/\/api.w.org\/{rel}","templated":true}]}}