{"id":2300,"date":"2022-03-19T21:10:24","date_gmt":"2022-03-19T19:10:24","guid":{"rendered":"https:\/\/www.sauerlaender-verlag.com\/?page_id=2300"},"modified":"2026-03-15T13:09:44","modified_gmt":"2026-03-15T11:09:44","slug":"doi-2018","status":"publish","type":"page","link":"https:\/\/www.sauerlaender-verlag.com\/en\/doi-2018\/","title":{"rendered":"\u00dcbersicht AFJZ 189"},"content":{"rendered":"<p style=\"text-align: center;\"><strong>DOI Number 10.23765\/afjz0002017<\/strong><\/p>\n<p><strong>Ansichten und Einstellungen zu Wald und Forstwirtschaft in Deutschland<\/strong><\/p>\n<p>MARTIN LORENZ und PETER ELSASSER<\/p>\n<p>Band 189, Heft 1-2, pp 1-15<\/p>\n<p><strong>KEY WORDS \u2013 SCHLAGW\u00d6RTER <\/strong><\/p>\n<p>Bev\u00f6lkerungsbefragung, Forstwirtschaft; Waldleistung; Holznutzung; Bewertung; Waldstrategie; Deutschland;<\/p>\n<p>Population survey; forestry; forest ecosystem services; timber utilization; assessment; forest strategy; Germany;<\/p>\n<p style=\"text-align: right;\"><a href=\"https:\/\/www.sauerlaender-verlag.com\/CMS\/index.php?id=394\">Ganzer Artikel \/ full article<\/a><\/p>\n<hr \/>\n<p style=\"text-align: center;\"><strong>DOI Number 10.23765\/afjz0002018<\/strong><\/p>\n<p><strong>How does the innovation system in the Slovak forestry service sector work?<\/strong><\/p>\n<p>MARTINA \u0160T\u011aRBOV\u00c1, JAROSLAV \u0160\u00c1LKA und ZUZANA SARVA\u0160OV\u00c1<\/p>\n<p>Band 189, Heft 1-2, pp 16-29<\/p>\n<p><strong>KEY WORDS \u2013 SCHLAGW\u00d6RTER <\/strong><\/p>\n<p>Innovations; innovation system; cooperation; finacial incentives; innovation behaviour and potential; forestry services; Slovak forestry;<\/p>\n<p>Innovationen; Innovationssystem; Information; Zusammenarbeit; finanzielle F\u00f6rderung; Innovationsverhalten; Innovationspotenzial; forstliche Dienstleistungen; slowakische Forstwirtschaft;<\/p>\n<p style=\"text-align: right;\"><a href=\"https:\/\/www.sauerlaender-verlag.com\/CMS\/index.php?id=394\">Ganzer Artikel \/ full article<\/a><\/p>\n<hr \/>\n<p style=\"text-align: center;\"><strong>DOI Number 10.23765\/afjz0002019<\/strong><\/p>\n<p><strong>\u00a0<\/strong><strong>\u201eWir sind die Bio\u00f6konomie\u201c \u2013 Perspektiven von Akteuren aus dem deutschen Forst- und Holzsektor<\/strong><\/p>\n<p>MICHAEL STEIN, ALEX GIURCA und DANIELA KLEINSCHMIT<\/p>\n<p>Band 189, Heft 1-2, pp 30-40<\/p>\n<p><strong>KEY WORDS \u2013 SCHLAGW\u00d6RTER <\/strong><\/p>\n<p>Bio\u00f6konomie; Forstsektor; Holzsektor; Cluster Forst- und Holz; Deutschland; Wahrnehmung; Akzeptanz;<\/p>\n<p>Bioeconomy; Forest-Based_Sector; Cluster Forestry and Timber; Germany; Perception; Acceptance;<\/p>\n<p style=\"text-align: right;\"><a href=\"https:\/\/www.sauerlaender-verlag.com\/CMS\/index.php?id=394\">Ganzer Artikel \/ full article<\/a><\/p>\n<hr \/>\n<p style=\"text-align: center;\"><strong>DOI Number 10.23765\/afjz0002020<\/strong><\/p>\n<p><strong>Elsbeere \u2013 Bedeutung und Anlage von Herkunftsversuchen im Klimawandel<\/strong><\/p>\n<p>MUHIDIN \u0160EHO; D. KAVALIAUSKAS; J.R.G. KLEINSCHMIT; M. KAROPKA und B. FUSSI<\/p>\n<p>Band 189, Heft 3-4, pp 41-57<\/p>\n<p><strong>KEY WORDS \u2013 SCHLAGW\u00d6RTER <\/strong><\/p>\n<p>Genetische Diversit\u00e4t; Wachstum und ph\u00e4notypische Merkmale; Herkunftsunterschiede; seltene Baumarten f\u00fcr den Waldbau;<\/p>\n<p>Genetic diversity; growth and phenotypic characteristics; provenance differences; rare tree species for conversion of forests;<\/p>\n<p style=\"text-align: right;\"><a href=\"https:\/\/www.sauerlaender-verlag.com\/CMS\/index.php?id=394\">Ganzer Artikel \/ full article<\/a><\/p>\n<hr \/>\n<p style=\"text-align: center;\"><strong>DOI Number 10.23765\/afjz0002021<\/strong><\/p>\n<p><strong>\u00a0<\/strong><strong>Quantifizierung der Zuwachsreaktion fremdl\u00e4ndischer Baumarten auf Konkurrenz und Freistellungsma\u00dfnahmen<\/strong><\/p>\n<p>NILS HOFFMANN, DOMINIK SEIDEL, CHRISTIAN AMMER, BERTRAM LEDER und TORSTEN VOR<\/p>\n<p>Band 189, Heft 3-4, pp 57-87<\/p>\n<p><strong>KEY WORDS \u2013 SCHLAGW\u00d6RTER <\/strong><\/p>\n<p>Eingef\u00fchrte Baumarten; Konkurrenzindizes; Durchforstungsreaktion; Abies grandis; Acer rubrum; Betula maximowicziana; Castanea sativa; Metasequoia glyptostroboides; Thuja plicata; Tsuga heterophylla;<\/p>\n<p>Introduced tree species; competition indices; growth response to thinning; Abies grandis; Acer rubrum; Betula maximowicziana; Castanea sativa; Metasequoia glyptostroboides; Thuja plicata; Tsuga heterophylla;<\/p>\n<p style=\"text-align: right;\">\u00a0<a href=\"https:\/\/www.sauerlaender-verlag.com\/CMS\/index.php?id=394\">Ganzer Artikel \/ full article<\/a><\/p>\n<hr \/>\n<p style=\"text-align: center;\"><strong>DOI Number 10.23765\/afjz0002022<\/strong><\/p>\n<p><strong>G\u00fcltigkeitstest eines standortunabh\u00e4ngigen Wachstumsprinzips beim Wachstum von Bestandesmittelh\u00f6hen f\u00fcr verschiedene Baumarten<\/strong><\/p>\n<p>KARL-FRIEDRICH ALBRECHT und SVEN MI\u00dfBACH<\/p>\n<p>Band 189, Heft 5-6, pp 89-106<\/p>\n<p><strong>KEY WORDS \u2013 SCHLAGW\u00d6RTER <\/strong><\/p>\n<p>Wachstumsprinzip; Standortunabh\u00e4ngigkeit; Bestandesmittelh\u00f6hen; Zuwachsmaximum; Transformationsparameter;<\/p>\n<p>Growth principle; mean height of stand; maximum of increment; transformation parameters;<\/p>\n<p style=\"text-align: right;\"><a href=\"https:\/\/www.sauerlaender-verlag.com\/CMS\/index.php?id=394\">Ganzer Artikel \/ full article<\/a><\/p>\n<hr \/>\n<p style=\"text-align: center;\"><strong>DOI Number 10.23765\/afjz0002023<\/strong><\/p>\n<p><strong>Konzeption und Evaluation eines Bildungsprojektes mit Sch\u00fclerinnen und Sch\u00fclern zum Thema Klimawandel und die Folgen f\u00fcr die Waldbewirtschaftung<\/strong><\/p>\n<p>MAGDALENA LANGMAIER, ANDREA PAYRHUBER und EDUARD HOCHBICHLER<\/p>\n<p>Band 189, Heft 5-6, pp 107-115<\/p>\n<p><strong>KEY WORDS \u2013 SCHLAGW\u00d6RTER <\/strong><\/p>\n<p>Nachhaltiges Lernen; Wald; Waldbewirtschaftung; Klimawandel;<\/p>\n<p>Sustainable learning; forest; forest management; climate change;<\/p>\n<p style=\"text-align: right;\"><a href=\"https:\/\/www.sauerlaender-verlag.com\/CMS\/index.php?id=394\">Ganzer Artikel \/ full article<\/a><\/p>\n<hr \/>\n<p style=\"text-align: center;\"><strong>DOI Number 10.23765\/afjz0002024<\/strong><\/p>\n<p><strong>Neue Ern\u00e4hrungskennwerte f\u00fcr forstliche Nebenbaumarten Mitteleuropas \u2013 Eine statistische Herleitung aus VAN DEN BURG\u2019s Literaturzusammenstellung<\/strong><\/p>\n<p>AXEL G\u00d6TTLEIN und R. ZEHLE<\/p>\n<p>Band 189, Heft 5-6, pp 116-127<\/p>\n<p><strong>KEY WORDS \u2013 SCHLAGW\u00d6RTER <\/strong><\/p>\n<p>Waldern\u00e4hrung; Blatt- und Nadelspiegelwerte; N\u00e4hrelementverh\u00e4ltnisse; Schwarzerle; Sandbirke; Hainbuche; Walnuss; Schwarzkiefer; Silberpappel; Schwarzpappel; Zitterpappel; Vogelkirsche; Silberweide; Korbweide; Vogelbeere; Winterlinde; Sommerlinde; Feldulme;<\/p>\n<p>Forest nutrition; critical leaf and needle concentrations; nutrient ratios; Alnus glutinosa; Betule pendula; Carpinus betulus; Juglans regia; Pinus nigra; Populus alba; Populus nigra; Populus tremula; Prunus avium; Salix alba; Salix viminalis; Sorbus aucuparia; Tilia cordata; Tilia platyphyllos; Ulmus minor;<\/p>\n<p style=\"text-align: right;\"><a href=\"https:\/\/www.sauerlaender-verlag.com\/CMS\/index.php?id=394\">Ganzer Artikel \/ full article<\/a><\/p>\n<hr \/>\n<p style=\"text-align: center;\"><strong>DOI Number 10.23765\/afjz0002025<\/strong><\/p>\n<p><strong>Ein Vorschlag zur literaturbasierten Ermittlung m\u00f6glicher Alternativbaumarten im Klimawandel am Beispiel der Artensteckbriefe in Baden-W\u00fcrttemberg<\/strong><\/p>\n<p>AXEL TIM ALBRECHT und ANGELA LUCIANA DE AVILA<\/p>\n<p>Band 189, Heft 7-8, pp 129-143<\/p>\n<p><strong>KEY WORDS \u2013 SCHLAGW\u00d6RTER <\/strong><\/p>\n<p>Exoten; Nebenbaumarten; seltene Baumarten; Nichtheimische Baumarten; Baumartenneigung; Literaturreview; multikriterielle Analyse; Gastbaumarten;<\/p>\n<p>Exotic tree species; rare tree species; introduced tree species; tree species suitability; literatur review; multicriterial analysis;<\/p>\n<p style=\"text-align: right;\"><a href=\"https:\/\/www.sauerlaender-verlag.com\/CMS\/index.php?id=394\">Ganzer Artikel \/ full article<\/a><\/p>\n<hr \/>\n<p style=\"text-align: center;\"><strong>DOI Number 10.23765\/afjz0002026<\/strong><\/p>\n<p><strong>Photosyntheseverhalten der Stechpalme (<em>Ilex aquifalium<\/em> L.) in milden Winter in Mitteleuropa: Ein \u00f6kophysiologischer Vorteil durch den Klimawandel?<\/strong><\/p>\n<p>MAIK VESTE und WOLF-ULRICH KRIEBITZSCH<\/p>\n<p>Band 189, Heft 7-8, pp 143-153<\/p>\n<p><strong>KEY WORDS \u2013 SCHLAGW\u00d6RTER <\/strong><\/p>\n<p>\u00d6kophysiologe; Photosynthese; Chlorophyllfluoreszenz; Klimavariabilit\u00e4t; Frost; immergr\u00fcner Baum;<\/p>\n<p>Ecophysiology; photosynthesis; chlorophyll flourescence; climate variability; frost; evergreen tree;<\/p>\n<p style=\"text-align: right;\"><a href=\"https:\/\/www.sauerlaender-verlag.com\/CMS\/index.php?id=394\">Ganzer Artikel \/ full article<\/a><\/p>\n<hr \/>\n<p style=\"text-align: center;\"><strong>DOI Number 10.23765\/afjz0002027<\/strong><\/p>\n<p><strong>Neue Ern\u00e4hrungskennwerte f\u00fcr die in Mitteleuropa eingeb\u00fcrgerten Baumarten Douglasie, Roteiche und Robinie \u2013 Eine statistische Herleitung aus VAN DEN BURG\u2019s Literaturzusammenstellung<\/strong><\/p>\n<p>AXEL G\u00d6TTLEIN und R. ZEHLE<\/p>\n<p>Band 189, Heft 7-8, pp 154-160<\/p>\n<p><strong>KEY WORDS \u2013 SCHLAGW\u00d6RTER <\/strong><\/p>\n<p>Waldern\u00e4hrung; Blatt- und Nadelspiegelwerte; N\u00e4hrelementverh\u00e4ltnisse; Douglasie; Roteiche; Robinie;;<\/p>\n<p>Forest nutrition; critical leaf and needle concentrations; nutrient ratios; Pseudotsugamenziesii; Quercus rubra; Robinia pseudoacacia;<\/p>\n<p style=\"text-align: right;\"><a href=\"https:\/\/www.sauerlaender-verlag.com\/CMS\/index.php?id=394\">Ganzer Artikel \/ full article<\/a><\/p>\n<hr \/>\n<p style=\"text-align: center;\"><strong>DOI Number 10.23765\/afjz0002028<\/strong><\/p>\n<p><strong>Untersuchung zielballistischer Eigenschaften konventioneller und alternativer Schrotmunition bez\u00fcglich der jagdlichen Eignung<\/strong><\/p>\n<p>JULIAN F\u00c4TH, D. GORETZKO, F. PARGENT, M. GESSINGER, W. PFEIFFER, L. BRACK, T. LIU, T. WARTER, F. G\u00dcNTHER, H. K\u00dcCHENHOFF und AXEL G\u00d6TTLEIN<\/p>\n<p>Band 189, Heft 9-10, pp 161-172<\/p>\n<p><strong>KEY WORDS \u2013 SCHLAGW\u00d6RTER <\/strong><\/p>\n<p>Schrotmunition; Ballistik; Jagd; Kupfer; Blei; Wismuth; Wolfram; Eisen;<\/p>\n<p>Shotgun ammunition; ballistics; hunting; copper; lead; bismuth; tungsten; iron;<\/p>\n<p style=\"text-align: right;\"><a href=\"https:\/\/www.sauerlaender-verlag.com\/CMS\/index.php?id=394\">Ganzer Artikel \/ full article<\/a><\/p>\n<hr \/>\n<p style=\"text-align: center;\"><strong>DOI Number 10.23765\/afjz0002029<\/strong><\/p>\n<p><strong>Die empirische Messung des Grenzzinses in der Forstwirtschaft<\/strong><\/p>\n<p>KAI HUSMANN, JOHANNES GERST und BERNHARD M\u00d6HRING<\/p>\n<p>Band 189, Heft 9-10, pp 173-186<\/p>\n<p><strong>KEY WORDS \u2013 SCHLAGW\u00d6RTER <\/strong><\/p>\n<p>Zins; endogener Grenzzins; Multinomial Logit Regression; Multivariate Verfahren; Discrete Choice;<\/p>\n<p>Interest rate; endogenous marginal interest rates; multinomial logit regression; multivariate procedures; discrete choice;<\/p>\n<p style=\"text-align: right;\"><a href=\"https:\/\/www.sauerlaender-verlag.com\/CMS\/index.php?id=394\">Ganzer Artikel \/ full article<\/a><\/p>\n<hr \/>\n<p style=\"text-align: center;\"><strong>DOI Number 10.23765\/afjz0002030<\/strong><\/p>\n<p><strong>Die Faustmann-Formel \u2013 Fundament der Forst\u00f6konomie seit 170 Jahren<\/strong><\/p>\n<p>FABIAN M\u00dcLLER und MARC HANEWINKEL<\/p>\n<p>Band 189, Heft 9-10, pp 187-207<\/p>\n<p><strong>KEY WORDS \u2013 SCHLAGW\u00d6RTER <\/strong><\/p>\n<p>Faustmann, Bodenerwartungswert; Bodenertragswert;<\/p>\n<p>Faustmann formula; land expactation value; forest valuation;<\/p>\n<p style=\"text-align: right;\"><a href=\"https:\/\/www.sauerlaender-verlag.com\/CMS\/index.php?id=394\">Ganzer Artikel \/ full article<\/a><\/p>\n<hr \/>\n<p style=\"text-align: center;\"><strong>DOI Number 10.23765\/afjz0002031<\/strong><\/p>\n<p><strong>Impacts of climate change on the supply of biodiversity in temperate forest landscapes<\/strong><\/p>\n<p>ANDREY LESSA DERCI AUGUSTYNCZIK, RASOUL YOUSEFPOUR und MARC HANEWINKEL<\/p>\n<p>Band 189, Heft 11-12, pp 209-220<\/p>\n<p><strong>KEY WORDS \u2013 SCHLAGW\u00d6RTER <\/strong><\/p>\n<p>Biodiversity; forest planning; climate change; natural resource management;<\/p>\n<p>Biodiversit\u00e4t; Forstplanung; Klimawandel; Ressourcenbewirtschaftung;<\/p>\n<p style=\"text-align: right;\"><a href=\"https:\/\/www.sauerlaender-verlag.com\/CMS\/index.php?id=394\">Ganzer Artikel \/ full article<\/a><\/p>\n<hr \/>\n<p style=\"text-align: center;\"><strong>DOI Number 10.23765\/afjz0002032<\/strong><\/p>\n<p><strong>Ableitung von Schwefel-Stickstoff-Relationen f\u00fcr wichtige mitteleurop\u00e4ische Baumarten aus dem Wertebereich normaler Ern\u00e4hrung und deren Ver\u00e4nderungen von BZE I nach BZE II<\/strong><\/p>\n<p>AXEL G\u00d6TTLEIN und KARL H. MELLERT<\/p>\n<p>Band 189, Heft 11-12, pp 221-229<\/p>\n<p><strong>KEY WORDS \u2013 SCHLAGW\u00d6RTER <\/strong><\/p>\n<p>Schwefel (S); Emissionen; N\u00e4hrelementrelationen; europ\u00e4ische Baumarten;<\/p>\n<p>Sulfur (S); emissions; nutrient ratios; European tree species;<\/p>\n<p style=\"text-align: right;\"><a href=\"https:\/\/www.sauerlaender-verlag.com\/CMS\/index.php?id=394\">Ganzer Artikel \/ full article<\/a><\/p>\n<hr \/>\n<p style=\"text-align: center;\"><strong>DOI Number 10.23765\/afjz0002033<\/strong><\/p>\n<p><strong>Perspektiven f\u00fcr die k\u00fcnftige Organisationsstruktur des Kommunalwaldes in S\u00fcdwestdeutschland nach dem Kartellrechtsverfahren aus betriebswirtschaftlicher Sicht<\/strong><\/p>\n<p>JOHANNES DILGER und MARC HANEWINKEL<\/p>\n<p>Band 189, Heft 11-12, pp 229-240<\/p>\n<p><strong>KEY WORDS \u2013 SCHLAGW\u00d6RTER <\/strong><\/p>\n<p>Kommunalwald; Betriebssteuerung; Organisationsstruktur; Forstbetrieb; Kartellverfahren; Verwaltungskosten; Bef\u00f6rsterungskosten;<\/p>\n<p>Community forest; forest unit management; organisational structure; forest enterprise; antitrust case; administration cost; forest management cost;<\/p>\n<p style=\"text-align: right;\"><a href=\"https:\/\/www.sauerlaender-verlag.com\/CMS\/index.php?id=394\">Ganzer Artikel \/ full article<\/a><\/p>\n<hr \/>\n<p style=\"text-align: center;\"><strong>DOI Number 10.23765\/afjz0002034<\/strong><\/p>\n<p><strong>Politische Parteien als B\u00fcndnispartner f\u00fcr den Waldnaturschutz<\/strong><\/p>\n<p>MAX G\u00d6HRS und CHRISTIANE HUBO<\/p>\n<p>Band 189, Heft 11-12, pp 241-250<\/p>\n<p><strong>KEY WORDS \u2013 SCHLAGW\u00d6RTER <\/strong><\/p>\n<p>Parteiendifferenztheorie; Politiksektoren; Wahlprogramme; B\u00fcndnispartnerschaften; Umweltpolitik; Forstpolitik; Naturschutz; Konfliktlinien; Politische Parteien;<\/p>\n<p>Partisan theory; policy sectors; manifestos; alliance partnerships; environmental policy; forest policy; nature conservation; cleavages; political parties;<\/p>\n<p style=\"text-align: right;\"><a href=\"https:\/\/www.sauerlaender-verlag.com\/CMS\/index.php?id=394\">Ganzer Artikel \/ full article<\/a><\/p>\n","protected":false},"excerpt":{"rendered":"<p>DOI Number 10.23765\/afjz0002017 Ansichten und Einstellungen zu Wald und Forstwirtschaft in Deutschland MARTIN LORENZ und PETER ELSASSER Band 189, Heft 1-2, pp 1-15 KEY WORDS \u2013 SCHLAGW\u00d6RTER Bev\u00f6lkerungsbefragung, Forstwirtschaft; Waldleistung; Holznutzung; Bewertung; Waldstrategie; Deutschland; Population survey; forestry; forest ecosystem services; &hellip; <a href=\"https:\/\/www.sauerlaender-verlag.com\/en\/doi-2018\/\">Continue reading <span class=\"meta-nav\">&rarr;<\/span><\/a><\/p>\n","protected":false},"author":1,"featured_media":0,"parent":0,"menu_order":0,"comment_status":"closed","ping_status":"closed","template":"","meta":{"footnotes":""},"class_list":["post-2300","page","type-page","status-publish","hentry"],"translation":{"provider":"WPGlobus","version":"3.0.0","language":"en","enabled_languages":["de","en"],"languages":{"de":{"title":true,"content":true,"excerpt":false},"en":{"title":false,"content":false,"excerpt":false}}},"_links":{"self":[{"href":"https:\/\/www.sauerlaender-verlag.com\/en\/wp-json\/wp\/v2\/pages\/2300","targetHints":{"allow":["GET"]}}],"collection":[{"href":"https:\/\/www.sauerlaender-verlag.com\/en\/wp-json\/wp\/v2\/pages"}],"about":[{"href":"https:\/\/www.sauerlaender-verlag.com\/en\/wp-json\/wp\/v2\/types\/page"}],"author":[{"embeddable":true,"href":"https:\/\/www.sauerlaender-verlag.com\/en\/wp-json\/wp\/v2\/users\/1"}],"replies":[{"embeddable":true,"href":"https:\/\/www.sauerlaender-verlag.com\/en\/wp-json\/wp\/v2\/comments?post=2300"}],"version-history":[{"count":6,"href":"https:\/\/www.sauerlaender-verlag.com\/en\/wp-json\/wp\/v2\/pages\/2300\/revisions"}],"predecessor-version":[{"id":3780,"href":"https:\/\/www.sauerlaender-verlag.com\/en\/wp-json\/wp\/v2\/pages\/2300\/revisions\/3780"}],"wp:attachment":[{"href":"https:\/\/www.sauerlaender-verlag.com\/en\/wp-json\/wp\/v2\/media?parent=2300"}],"curies":[{"name":"wp","href":"https:\/\/api.w.org\/{rel}","templated":true}]}}