{"id":2125,"date":"2021-10-30T13:13:30","date_gmt":"2021-10-30T11:13:30","guid":{"rendered":"https:\/\/www.sauerlaender-verlag.com\/?page_id=2125"},"modified":"2021-11-06T14:22:54","modified_gmt":"2021-11-06T12:22:54","slug":"shop-waldbau","status":"publish","type":"page","link":"https:\/\/www.sauerlaender-verlag.com\/en\/shop-waldbau\/","title":{"rendered":"Shop &#8211; Waldbau"},"content":{"rendered":"<div class=\"woocommerce columns-3 \"><ul class=\"products columns-3\">\n<li class=\"product type-product post-1652 status-publish first instock product_cat-mitteilungen-der-hessischen-landesforstverwaltung product_cat-waldbau has-post-thumbnail taxable shipping-taxable purchasable product-type-simple\">\n\t<a href=\"https:\/\/www.sauerlaender-verlag.com\/en\/produkt\/zuechtung-anbau-und-leistung-der-pappeln\/\" class=\"woocommerce-LoopProduct-link woocommerce-loop-product__link\"><img loading=\"lazy\" decoding=\"async\" width=\"96\" height=\"101\" src=\"https:\/\/www.sauerlaender-verlag.com\/wp-content\/uploads\/2013\/09\/footer-wappen.jpg\" class=\"attachment-woocommerce_thumbnail size-woocommerce_thumbnail\" alt=\"Z\u00fcchtung, Anbau und Leistung der Pappeln\" \/><h2 class=\"woocommerce-loop-product__title\">Z\u00fcchtung, Anbau und Leistung der Pappeln<\/h2>\n\t<span class=\"price\"><span class=\"woocommerce-Price-amount amount\"><bdi>25,40&nbsp;<span class=\"woocommerce-Price-currencySymbol\">&euro;<\/span><\/bdi><\/span><\/span>\n\n\n\n<\/a>\n\n\t<p class=\"wc-gzd-additional-info wc-gzd-additional-info-loop shipping-costs-info\">zzgl. <a href=\"https:\/\/www.sauerlaender-verlag.com\/en\/versandarten\/\" target=\"_blank\">Versandkosten<\/a><\/p>\n\n\n<a href=\"?add-to-cart=1652\" aria-describedby=\"woocommerce_loop_add_to_cart_link_describedby_1652\" data-quantity=\"1\" class=\"button product_type_simple add_to_cart_button ajax_add_to_cart\" data-product_id=\"1652\" data-product_sku=\"mhl-025\" aria-label=\"Add to cart: &ldquo;Z\u00fcchtung, Anbau und Leistung der Pappeln&rdquo;\" rel=\"nofollow\" data-success_message=\"&ldquo;Z\u00fcchtung, Anbau und Leistung der Pappeln&rdquo; has been added to your cart\">Add to cart<\/a>\t<span id=\"woocommerce_loop_add_to_cart_link_describedby_1652\" class=\"screen-reader-text\">\n\t\t\t<\/span>\n<\/li>\n<li class=\"product type-product post-1662 status-publish instock product_cat-mitteilungen-der-hessischen-landesforstverwaltung product_cat-waldbau has-post-thumbnail taxable shipping-taxable purchasable product-type-simple\">\n\t<a href=\"https:\/\/www.sauerlaender-verlag.com\/en\/produkt\/zuechterische-moeglichkeiten-zur-verbesserung-quantitativer-und-qualitativer-eigenschaften-bei-europaeischer-laerche\/\" class=\"woocommerce-LoopProduct-link woocommerce-loop-product__link\"><img loading=\"lazy\" decoding=\"async\" width=\"96\" height=\"101\" src=\"https:\/\/www.sauerlaender-verlag.com\/wp-content\/uploads\/2013\/09\/footer-wappen.jpg\" class=\"attachment-woocommerce_thumbnail size-woocommerce_thumbnail\" alt=\"Z\u00fcchterische M\u00f6glichkeiten zur Verbesserung quantitativer und qualitativer Eigenschaften bei europ\u00e4ischer L\u00e4rche\" \/><h2 class=\"woocommerce-loop-product__title\">Z\u00fcchterische M\u00f6glichkeiten zur Verbesserung quantitativer und qualitativer Eigenschaften bei europ\u00e4ischer L\u00e4rche<\/h2>\n\t<span class=\"price\"><span class=\"woocommerce-Price-amount amount\"><bdi>13,50&nbsp;<span class=\"woocommerce-Price-currencySymbol\">&euro;<\/span><\/bdi><\/span><\/span>\n\n\n\n<\/a>\n\n\t<p class=\"wc-gzd-additional-info wc-gzd-additional-info-loop shipping-costs-info\">zzgl. <a href=\"https:\/\/www.sauerlaender-verlag.com\/en\/versandarten\/\" target=\"_blank\">Versandkosten<\/a><\/p>\n\n\n<a href=\"?add-to-cart=1662\" aria-describedby=\"woocommerce_loop_add_to_cart_link_describedby_1662\" data-quantity=\"1\" class=\"button product_type_simple add_to_cart_button ajax_add_to_cart\" data-product_id=\"1662\" data-product_sku=\"mhl-022\" aria-label=\"Add to cart: &ldquo;Z\u00fcchterische M\u00f6glichkeiten zur Verbesserung quantitativer und qualitativer Eigenschaften bei europ\u00e4ischer L\u00e4rche&rdquo;\" rel=\"nofollow\" data-success_message=\"&ldquo;Z\u00fcchterische M\u00f6glichkeiten zur Verbesserung quantitativer und qualitativer Eigenschaften bei europ\u00e4ischer L\u00e4rche&rdquo; has been added to your cart\">Add to cart<\/a>\t<span id=\"woocommerce_loop_add_to_cart_link_describedby_1662\" class=\"screen-reader-text\">\n\t\t\t<\/span>\n<\/li>\n<li class=\"product type-product post-1669 status-publish last instock product_cat-mitteilungen-der-hessischen-landesforstverwaltung product_cat-waldbau has-post-thumbnail taxable shipping-taxable purchasable product-type-simple\">\n\t<a href=\"https:\/\/www.sauerlaender-verlag.com\/en\/produkt\/jungwuchspflege-und-laeuterung-mit-synthetischen-wuchsstoffen\/\" class=\"woocommerce-LoopProduct-link woocommerce-loop-product__link\"><img loading=\"lazy\" decoding=\"async\" width=\"96\" height=\"101\" src=\"https:\/\/www.sauerlaender-verlag.com\/wp-content\/uploads\/2013\/09\/footer-wappen.jpg\" class=\"attachment-woocommerce_thumbnail size-woocommerce_thumbnail\" alt=\"Jungwuchspflege und L\u00e4uterung mit synthetischen Wuchsstoffen\" \/><h2 class=\"woocommerce-loop-product__title\">Jungwuchspflege und L\u00e4uterung mit synthetischen Wuchsstoffen<\/h2>\n\t<span class=\"price\"><span class=\"woocommerce-Price-amount amount\"><bdi>3,50&nbsp;<span class=\"woocommerce-Price-currencySymbol\">&euro;<\/span><\/bdi><\/span><\/span>\n\n\n\n<\/a>\n\n\t<p class=\"wc-gzd-additional-info wc-gzd-additional-info-loop shipping-costs-info\">zzgl. <a href=\"https:\/\/www.sauerlaender-verlag.com\/en\/versandarten\/\" target=\"_blank\">Versandkosten<\/a><\/p>\n\n\n<a href=\"?add-to-cart=1669\" aria-describedby=\"woocommerce_loop_add_to_cart_link_describedby_1669\" data-quantity=\"1\" class=\"button product_type_simple add_to_cart_button ajax_add_to_cart\" data-product_id=\"1669\" data-product_sku=\"mhl-023\" aria-label=\"Add to cart: &ldquo;Jungwuchspflege und L\u00e4uterung mit synthetischen Wuchsstoffen&rdquo;\" rel=\"nofollow\" data-success_message=\"&ldquo;Jungwuchspflege und L\u00e4uterung mit synthetischen Wuchsstoffen&rdquo; has been added to your cart\">Add to cart<\/a>\t<span id=\"woocommerce_loop_add_to_cart_link_describedby_1669\" class=\"screen-reader-text\">\n\t\t\t<\/span>\n<\/li>\n<li class=\"product type-product post-1649 status-publish first instock product_cat-mitteilungen-der-hessischen-landesforstverwaltung product_cat-waldbau has-post-thumbnail taxable shipping-taxable purchasable product-type-simple\">\n\t<a href=\"https:\/\/www.sauerlaender-verlag.com\/en\/produkt\/fortschritte-des-forstlichen-saatgutwesens\/\" class=\"woocommerce-LoopProduct-link woocommerce-loop-product__link\"><img loading=\"lazy\" decoding=\"async\" width=\"96\" height=\"101\" src=\"https:\/\/www.sauerlaender-verlag.com\/wp-content\/uploads\/2013\/09\/footer-wappen.jpg\" class=\"attachment-woocommerce_thumbnail size-woocommerce_thumbnail\" alt=\"Fortschritte des forstlichen Saatgutwesens\" \/><h2 class=\"woocommerce-loop-product__title\">Fortschritte des forstlichen Saatgutwesens<\/h2>\n\t<span class=\"price\"><span class=\"woocommerce-Price-amount amount\"><bdi>13,70&nbsp;<span class=\"woocommerce-Price-currencySymbol\">&euro;<\/span><\/bdi><\/span><\/span>\n\n\n\n<\/a>\n\n\t<p class=\"wc-gzd-additional-info wc-gzd-additional-info-loop shipping-costs-info\">zzgl. <a href=\"https:\/\/www.sauerlaender-verlag.com\/en\/versandarten\/\" target=\"_blank\">Versandkosten<\/a><\/p>\n\n\n<a href=\"?add-to-cart=1649\" aria-describedby=\"woocommerce_loop_add_to_cart_link_describedby_1649\" data-quantity=\"1\" class=\"button product_type_simple add_to_cart_button ajax_add_to_cart\" data-product_id=\"1649\" data-product_sku=\"mhl-024\" aria-label=\"Add to cart: &ldquo;Fortschritte des forstlichen Saatgutwesens&rdquo;\" rel=\"nofollow\" data-success_message=\"&ldquo;Fortschritte des forstlichen Saatgutwesens&rdquo; has been added to your cart\">Add to cart<\/a>\t<span id=\"woocommerce_loop_add_to_cart_link_describedby_1649\" class=\"screen-reader-text\">\n\t\t\t<\/span>\n<\/li>\n<li class=\"product type-product post-1658 status-publish instock product_cat-mitteilungen-der-hessischen-landesforstverwaltung product_cat-waldbau has-post-thumbnail taxable shipping-taxable purchasable product-type-simple\">\n\t<a href=\"https:\/\/www.sauerlaender-verlag.com\/en\/produkt\/die-waldstandorte-in-hessen-und-ihre-bestockung\/\" class=\"woocommerce-LoopProduct-link woocommerce-loop-product__link\"><img loading=\"lazy\" decoding=\"async\" width=\"96\" height=\"101\" src=\"https:\/\/www.sauerlaender-verlag.com\/wp-content\/uploads\/2013\/09\/footer-wappen.jpg\" class=\"attachment-woocommerce_thumbnail size-woocommerce_thumbnail\" alt=\"Die Waldstandorte in Hessen und ihre Bestockung\" \/><h2 class=\"woocommerce-loop-product__title\">Die Waldstandorte in Hessen und ihre Bestockung<\/h2>\n\t<span class=\"price\"><span class=\"woocommerce-Price-amount amount\"><bdi>13,70&nbsp;<span class=\"woocommerce-Price-currencySymbol\">&euro;<\/span><\/bdi><\/span><\/span>\n\n\n\n<\/a>\n\n\t<p class=\"wc-gzd-additional-info wc-gzd-additional-info-loop shipping-costs-info\">zzgl. <a href=\"https:\/\/www.sauerlaender-verlag.com\/en\/versandarten\/\" target=\"_blank\">Versandkosten<\/a><\/p>\n\n\n<a href=\"?add-to-cart=1658\" aria-describedby=\"woocommerce_loop_add_to_cart_link_describedby_1658\" data-quantity=\"1\" class=\"button product_type_simple add_to_cart_button ajax_add_to_cart\" data-product_id=\"1658\" data-product_sku=\"mhl-021\" aria-label=\"Add to cart: &ldquo;Die Waldstandorte in Hessen und ihre Bestockung&rdquo;\" rel=\"nofollow\" data-success_message=\"&ldquo;Die Waldstandorte in Hessen und ihre Bestockung&rdquo; has been added to your cart\">Add to cart<\/a>\t<span id=\"woocommerce_loop_add_to_cart_link_describedby_1658\" class=\"screen-reader-text\">\n\t\t\t<\/span>\n<\/li>\n<\/ul>\n<\/div>","protected":false},"excerpt":{"rendered":"","protected":false},"author":1,"featured_media":0,"parent":0,"menu_order":0,"comment_status":"closed","ping_status":"closed","template":"","meta":{"footnotes":""},"class_list":["post-2125","page","type-page","status-publish","hentry"],"translation":{"provider":"WPGlobus","version":"3.0.0","language":"en","enabled_languages":["de","en"],"languages":{"de":{"title":true,"content":true,"excerpt":false},"en":{"title":false,"content":false,"excerpt":false}}},"_links":{"self":[{"href":"https:\/\/www.sauerlaender-verlag.com\/en\/wp-json\/wp\/v2\/pages\/2125","targetHints":{"allow":["GET"]}}],"collection":[{"href":"https:\/\/www.sauerlaender-verlag.com\/en\/wp-json\/wp\/v2\/pages"}],"about":[{"href":"https:\/\/www.sauerlaender-verlag.com\/en\/wp-json\/wp\/v2\/types\/page"}],"author":[{"embeddable":true,"href":"https:\/\/www.sauerlaender-verlag.com\/en\/wp-json\/wp\/v2\/users\/1"}],"replies":[{"embeddable":true,"href":"https:\/\/www.sauerlaender-verlag.com\/en\/wp-json\/wp\/v2\/comments?post=2125"}],"version-history":[{"count":1,"href":"https:\/\/www.sauerlaender-verlag.com\/en\/wp-json\/wp\/v2\/pages\/2125\/revisions"}],"predecessor-version":[{"id":2126,"href":"https:\/\/www.sauerlaender-verlag.com\/en\/wp-json\/wp\/v2\/pages\/2125\/revisions\/2126"}],"wp:attachment":[{"href":"https:\/\/www.sauerlaender-verlag.com\/en\/wp-json\/wp\/v2\/media?parent=2125"}],"curies":[{"name":"wp","href":"https:\/\/api.w.org\/{rel}","templated":true}]}}