{"id":2109,"date":"2021-10-30T13:09:39","date_gmt":"2021-10-30T11:09:39","guid":{"rendered":"https:\/\/www.sauerlaender-verlag.com\/?page_id=2109"},"modified":"2022-12-17T01:38:28","modified_gmt":"2022-12-16T23:38:28","slug":"shop-forstschutz","status":"publish","type":"page","link":"https:\/\/www.sauerlaender-verlag.com\/en\/shop-forstschutz\/","title":{"rendered":"Shop &#8211; Forstschutz"},"content":{"rendered":"<div class=\"woocommerce columns-3 \"><ul class=\"products columns-3\">\n<li class=\"product type-product post-1650 status-publish first instock product_cat-forstschutz product_cat-mitteilungen-der-hessischen-landesforstverwaltung has-post-thumbnail taxable shipping-taxable purchasable product-type-simple\">\n\t<a href=\"https:\/\/www.sauerlaender-verlag.com\/en\/produkt\/gefaehrdung-der-waelder-im-rhein-main-gebiet\/\" class=\"woocommerce-LoopProduct-link woocommerce-loop-product__link\"><img loading=\"lazy\" decoding=\"async\" width=\"96\" height=\"101\" src=\"https:\/\/www.sauerlaender-verlag.com\/wp-content\/uploads\/2013\/09\/footer-wappen.jpg\" class=\"attachment-woocommerce_thumbnail size-woocommerce_thumbnail\" alt=\"Gef\u00e4hrdung der W\u00e4lder im Rhein-Main-Gebiet\" \/><h2 class=\"woocommerce-loop-product__title\">Gef\u00e4hrdung der W\u00e4lder im Rhein-Main-Gebiet<\/h2>\n\t<span class=\"price\"><span class=\"woocommerce-Price-amount amount\"><bdi>24,50&nbsp;<span class=\"woocommerce-Price-currencySymbol\">&euro;<\/span><\/bdi><\/span><\/span>\n\n\n\n<\/a>\n\n\t<p class=\"wc-gzd-additional-info wc-gzd-additional-info-loop shipping-costs-info\">zzgl. <a href=\"https:\/\/www.sauerlaender-verlag.com\/en\/versandarten\/\" target=\"_blank\">Versandkosten<\/a><\/p>\n\n\n<a href=\"?add-to-cart=1650\" aria-describedby=\"woocommerce_loop_add_to_cart_link_describedby_1650\" data-quantity=\"1\" class=\"button product_type_simple add_to_cart_button ajax_add_to_cart\" data-product_id=\"1650\" data-product_sku=\"mhl-016\" aria-label=\"Add to cart: &ldquo;Gef\u00e4hrdung der W\u00e4lder im Rhein-Main-Gebiet&rdquo;\" rel=\"nofollow\" data-success_message=\"&ldquo;Gef\u00e4hrdung der W\u00e4lder im Rhein-Main-Gebiet&rdquo; has been added to your cart\">Add to cart<\/a>\t<span id=\"woocommerce_loop_add_to_cart_link_describedby_1650\" class=\"screen-reader-text\">\n\t\t\t<\/span>\n<\/li>\n<li class=\"product type-product post-1654 status-publish instock product_cat-forstschutz product_cat-mitteilungen-der-hessischen-landesforstverwaltung has-post-thumbnail taxable shipping-taxable purchasable product-type-simple\">\n\t<a href=\"https:\/\/www.sauerlaender-verlag.com\/en\/produkt\/eignung-von-weiden-und-pappeln-zum-anbau-als-verbissgehoelz\/\" class=\"woocommerce-LoopProduct-link woocommerce-loop-product__link\"><img loading=\"lazy\" decoding=\"async\" width=\"96\" height=\"101\" src=\"https:\/\/www.sauerlaender-verlag.com\/wp-content\/uploads\/2013\/09\/footer-wappen.jpg\" class=\"attachment-woocommerce_thumbnail size-woocommerce_thumbnail\" alt=\"Eignung von Weiden und Pappeln zum Anbau als Verbissgeh\u00f6lz\" \/><h2 class=\"woocommerce-loop-product__title\">Eignung von Weiden und Pappeln zum Anbau als Verbissgeh\u00f6lz<\/h2>\n\t<span class=\"price\"><span class=\"woocommerce-Price-amount amount\"><bdi>10,60&nbsp;<span class=\"woocommerce-Price-currencySymbol\">&euro;<\/span><\/bdi><\/span><\/span>\n\n\n\n<\/a>\n\n\t<p class=\"wc-gzd-additional-info wc-gzd-additional-info-loop shipping-costs-info\">zzgl. <a href=\"https:\/\/www.sauerlaender-verlag.com\/en\/versandarten\/\" target=\"_blank\">Versandkosten<\/a><\/p>\n\n\n<a href=\"?add-to-cart=1654\" aria-describedby=\"woocommerce_loop_add_to_cart_link_describedby_1654\" data-quantity=\"1\" class=\"button product_type_simple add_to_cart_button ajax_add_to_cart\" data-product_id=\"1654\" data-product_sku=\"mhl-017\" aria-label=\"Add to cart: &ldquo;Eignung von Weiden und Pappeln zum Anbau als Verbissgeh\u00f6lz&rdquo;\" rel=\"nofollow\" data-success_message=\"&ldquo;Eignung von Weiden und Pappeln zum Anbau als Verbissgeh\u00f6lz&rdquo; has been added to your cart\">Add to cart<\/a>\t<span id=\"woocommerce_loop_add_to_cart_link_describedby_1654\" class=\"screen-reader-text\">\n\t\t\t<\/span>\n<\/li>\n<li class=\"product type-product post-1733 status-publish last instock product_cat-forstschutz product_cat-schriften-der-forstl-fakultaet-goettingen taxable shipping-taxable purchasable product-type-simple\">\n\t<a href=\"https:\/\/www.sauerlaender-verlag.com\/en\/produkt\/band-120-arthropaden-an-jungbuchen-fagus-sylvatica-l-in-naturverjuengungen-und-vor%c2%adanbauten-des-erzgebirges-und-des-harzes\/\" class=\"woocommerce-LoopProduct-link woocommerce-loop-product__link\"><img loading=\"lazy\" decoding=\"async\" width=\"200\" height=\"200\" src=\"https:\/\/www.sauerlaender-verlag.com\/wp-content\/uploads\/woocommerce-placeholder.png\" class=\"woocommerce-placeholder wp-post-image\" alt=\"Placeholder\" srcset=\"https:\/\/www.sauerlaender-verlag.com\/wp-content\/uploads\/woocommerce-placeholder.png 1200w, https:\/\/www.sauerlaender-verlag.com\/wp-content\/uploads\/woocommerce-placeholder-300x300.png 300w, https:\/\/www.sauerlaender-verlag.com\/wp-content\/uploads\/woocommerce-placeholder-1024x1024.png 1024w, https:\/\/www.sauerlaender-verlag.com\/wp-content\/uploads\/woocommerce-placeholder-150x150.png 150w, https:\/\/www.sauerlaender-verlag.com\/wp-content\/uploads\/woocommerce-placeholder-768x768.png 768w\" sizes=\"auto, (max-width: 200px) 100vw, 200px\" \/><h2 class=\"woocommerce-loop-product__title\">Band 120: Arthropaden an Jungbuchen (Fagus sylvatica L.) in Naturverj\u00fcngungen und Vor\u00adanbauten des Erzgebirges und des Harzes<\/h2>\n\t<span class=\"price\"><span class=\"woocommerce-Price-amount amount\"><bdi>15,90&nbsp;<span class=\"woocommerce-Price-currencySymbol\">&euro;<\/span><\/bdi><\/span><\/span>\n\n\n\n<\/a>\n\n\t<p class=\"wc-gzd-additional-info wc-gzd-additional-info-loop shipping-costs-info\">zzgl. <a href=\"https:\/\/www.sauerlaender-verlag.com\/en\/versandarten\/\" target=\"_blank\">Versandkosten<\/a><\/p>\n\n\n<a href=\"?add-to-cart=1733\" aria-describedby=\"woocommerce_loop_add_to_cart_link_describedby_1733\" data-quantity=\"1\" class=\"button product_type_simple add_to_cart_button ajax_add_to_cart\" data-product_id=\"1733\" data-product_sku=\"ffg-120\" aria-label=\"Add to cart: &ldquo;Band 120: Arthropaden an Jungbuchen (Fagus sylvatica L.) in Naturverj\u00fcngungen und Vor\u00adanbauten des Erzgebirges und des Harzes&rdquo;\" rel=\"nofollow\" data-success_message=\"&ldquo;Band 120: Arthropaden an Jungbuchen (Fagus sylvatica L.) in Naturverj\u00fcngungen und Vor\u00adanbauten des Erzgebirges und des Harzes&rdquo; has been added to your cart\">Add to cart<\/a>\t<span id=\"woocommerce_loop_add_to_cart_link_describedby_1733\" class=\"screen-reader-text\">\n\t\t\t<\/span>\n<\/li>\n<li class=\"product type-product post-1731 status-publish first instock product_cat-forstschutz product_cat-schriften-der-forstl-fakultaet-goettingen taxable shipping-taxable purchasable product-type-simple\">\n\t<a href=\"https:\/\/www.sauerlaender-verlag.com\/en\/produkt\/band-116-pilzbedingte-blattkrankheiten-an-ahorn-unter-besonderer-beruecksichtigung-des-bergahorns-acer-pseudo-platanus-l\/\" class=\"woocommerce-LoopProduct-link woocommerce-loop-product__link\"><img loading=\"lazy\" decoding=\"async\" width=\"200\" height=\"200\" src=\"https:\/\/www.sauerlaender-verlag.com\/wp-content\/uploads\/woocommerce-placeholder.png\" class=\"woocommerce-placeholder wp-post-image\" alt=\"Placeholder\" srcset=\"https:\/\/www.sauerlaender-verlag.com\/wp-content\/uploads\/woocommerce-placeholder.png 1200w, https:\/\/www.sauerlaender-verlag.com\/wp-content\/uploads\/woocommerce-placeholder-300x300.png 300w, https:\/\/www.sauerlaender-verlag.com\/wp-content\/uploads\/woocommerce-placeholder-1024x1024.png 1024w, https:\/\/www.sauerlaender-verlag.com\/wp-content\/uploads\/woocommerce-placeholder-150x150.png 150w, https:\/\/www.sauerlaender-verlag.com\/wp-content\/uploads\/woocommerce-placeholder-768x768.png 768w\" sizes=\"auto, (max-width: 200px) 100vw, 200px\" \/><h2 class=\"woocommerce-loop-product__title\">Band 116: Pilzbedingte Blattkrankheiten an Ahorn unter besonderer Ber\u00fccksichtigung des Bergahorns (Acer pseudo platanus L.)<\/h2>\n\t<span class=\"price\"><span class=\"woocommerce-Price-amount amount\"><bdi>14,30&nbsp;<span class=\"woocommerce-Price-currencySymbol\">&euro;<\/span><\/bdi><\/span><\/span>\n\n\n\n<\/a>\n\n\t<p class=\"wc-gzd-additional-info wc-gzd-additional-info-loop shipping-costs-info\">zzgl. <a href=\"https:\/\/www.sauerlaender-verlag.com\/en\/versandarten\/\" target=\"_blank\">Versandkosten<\/a><\/p>\n\n\n<a href=\"?add-to-cart=1731\" aria-describedby=\"woocommerce_loop_add_to_cart_link_describedby_1731\" data-quantity=\"1\" class=\"button product_type_simple add_to_cart_button ajax_add_to_cart\" data-product_id=\"1731\" data-product_sku=\"ffg-116\" aria-label=\"Add to cart: &ldquo;Band 116: Pilzbedingte Blattkrankheiten an Ahorn unter besonderer Ber\u00fccksichtigung des Bergahorns (Acer pseudo platanus L.)&rdquo;\" rel=\"nofollow\" data-success_message=\"&ldquo;Band 116: Pilzbedingte Blattkrankheiten an Ahorn unter besonderer Ber\u00fccksichtigung des Bergahorns (Acer pseudo platanus L.)&rdquo; has been added to your cart\">Add to cart<\/a>\t<span id=\"woocommerce_loop_add_to_cart_link_describedby_1731\" class=\"screen-reader-text\">\n\t\t\t<\/span>\n<\/li>\n<li class=\"product type-product post-1720 status-publish instock product_cat-forstschutz product_cat-schriften-der-forstl-fakultaet-goettingen taxable shipping-taxable purchasable product-type-simple\">\n\t<a href=\"https:\/\/www.sauerlaender-verlag.com\/en\/produkt\/band-087-zur-kausalanalyse-der-disposition-von-nadelbaeumen-fuer-den-befall-durch-nadelfressende-insekten-am-beispiel-picea-abies-l-karst-und-gilpinia-hercyniae-htg-hym-diprionidae\/\" class=\"woocommerce-LoopProduct-link woocommerce-loop-product__link\"><img loading=\"lazy\" decoding=\"async\" width=\"200\" height=\"200\" src=\"https:\/\/www.sauerlaender-verlag.com\/wp-content\/uploads\/woocommerce-placeholder.png\" class=\"woocommerce-placeholder wp-post-image\" alt=\"Placeholder\" srcset=\"https:\/\/www.sauerlaender-verlag.com\/wp-content\/uploads\/woocommerce-placeholder.png 1200w, https:\/\/www.sauerlaender-verlag.com\/wp-content\/uploads\/woocommerce-placeholder-300x300.png 300w, https:\/\/www.sauerlaender-verlag.com\/wp-content\/uploads\/woocommerce-placeholder-1024x1024.png 1024w, https:\/\/www.sauerlaender-verlag.com\/wp-content\/uploads\/woocommerce-placeholder-150x150.png 150w, https:\/\/www.sauerlaender-verlag.com\/wp-content\/uploads\/woocommerce-placeholder-768x768.png 768w\" sizes=\"auto, (max-width: 200px) 100vw, 200px\" \/><h2 class=\"woocommerce-loop-product__title\">Band 087: Zur Kausalanalyse der Disposition von Nadelb\u00e4umen f\u00fcr den Befall durch nadelfressende Insekten am Beispiel Picea abies (L.) Karst. und Gilpinia hercyniae Htg. (Hym. Diprionidae)<\/h2>\n\t<span class=\"price\"><span class=\"woocommerce-Price-amount amount\"><bdi>14,90&nbsp;<span class=\"woocommerce-Price-currencySymbol\">&euro;<\/span><\/bdi><\/span><\/span>\n\n\n\n<\/a>\n\n\t<p class=\"wc-gzd-additional-info wc-gzd-additional-info-loop shipping-costs-info\">zzgl. <a href=\"https:\/\/www.sauerlaender-verlag.com\/en\/versandarten\/\" target=\"_blank\">Versandkosten<\/a><\/p>\n\n\n<a href=\"?add-to-cart=1720\" aria-describedby=\"woocommerce_loop_add_to_cart_link_describedby_1720\" data-quantity=\"1\" class=\"button product_type_simple add_to_cart_button ajax_add_to_cart\" data-product_id=\"1720\" data-product_sku=\"ffg-087\" aria-label=\"Add to cart: &ldquo;Band 087: Zur Kausalanalyse der Disposition von Nadelb\u00e4umen f\u00fcr den Befall durch nadelfressende Insekten am Beispiel Picea abies (L.) Karst. und Gilpinia hercyniae Htg. (Hym. Diprionidae)&rdquo;\" rel=\"nofollow\" data-success_message=\"&ldquo;Band 087: Zur Kausalanalyse der Disposition von Nadelb\u00e4umen f\u00fcr den Befall durch nadelfressende Insekten am Beispiel Picea abies (L.) Karst. und Gilpinia hercyniae Htg. (Hym. Diprionidae)&rdquo; has been added to your cart\">Add to cart<\/a>\t<span id=\"woocommerce_loop_add_to_cart_link_describedby_1720\" class=\"screen-reader-text\">\n\t\t\t<\/span>\n<\/li>\n<li class=\"product type-product post-1713 status-publish last instock product_cat-forstschutz product_cat-schriften-der-forstl-fakultaet-goettingen taxable shipping-taxable purchasable product-type-simple\">\n\t<a href=\"https:\/\/www.sauerlaender-verlag.com\/en\/produkt\/band-073-mechanisch-biologischer-schaelschutz-an-fichte-auswirkungen-auf-holz-und-rinde\/\" class=\"woocommerce-LoopProduct-link woocommerce-loop-product__link\"><img loading=\"lazy\" decoding=\"async\" width=\"200\" height=\"200\" src=\"https:\/\/www.sauerlaender-verlag.com\/wp-content\/uploads\/woocommerce-placeholder.png\" class=\"woocommerce-placeholder wp-post-image\" alt=\"Placeholder\" srcset=\"https:\/\/www.sauerlaender-verlag.com\/wp-content\/uploads\/woocommerce-placeholder.png 1200w, https:\/\/www.sauerlaender-verlag.com\/wp-content\/uploads\/woocommerce-placeholder-300x300.png 300w, https:\/\/www.sauerlaender-verlag.com\/wp-content\/uploads\/woocommerce-placeholder-1024x1024.png 1024w, https:\/\/www.sauerlaender-verlag.com\/wp-content\/uploads\/woocommerce-placeholder-150x150.png 150w, https:\/\/www.sauerlaender-verlag.com\/wp-content\/uploads\/woocommerce-placeholder-768x768.png 768w\" sizes=\"auto, (max-width: 200px) 100vw, 200px\" \/><h2 class=\"woocommerce-loop-product__title\">Band 073: Mechanisch-biologischer Sch\u00e4lschutz an Fichte. Auswirkungen auf Holz und Rinde<\/h2>\n\t<span class=\"price\"><span class=\"woocommerce-Price-amount amount\"><bdi>9,20&nbsp;<span class=\"woocommerce-Price-currencySymbol\">&euro;<\/span><\/bdi><\/span><\/span>\n\n\n\n<\/a>\n\n\t<p class=\"wc-gzd-additional-info wc-gzd-additional-info-loop shipping-costs-info\">zzgl. <a href=\"https:\/\/www.sauerlaender-verlag.com\/en\/versandarten\/\" target=\"_blank\">Versandkosten<\/a><\/p>\n\n\n<a href=\"?add-to-cart=1713\" aria-describedby=\"woocommerce_loop_add_to_cart_link_describedby_1713\" data-quantity=\"1\" class=\"button product_type_simple add_to_cart_button ajax_add_to_cart\" data-product_id=\"1713\" data-product_sku=\"ffg-073\" aria-label=\"Add to cart: &ldquo;Band 073: Mechanisch-biologischer Sch\u00e4lschutz an Fichte. Auswirkungen auf Holz und Rinde&rdquo;\" rel=\"nofollow\" data-success_message=\"&ldquo;Band 073: Mechanisch-biologischer Sch\u00e4lschutz an Fichte. Auswirkungen auf Holz und Rinde&rdquo; has been added to your cart\">Add to cart<\/a>\t<span id=\"woocommerce_loop_add_to_cart_link_describedby_1713\" class=\"screen-reader-text\">\n\t\t\t<\/span>\n<\/li>\n<li class=\"product type-product post-1709 status-publish first instock product_cat-forstschutz product_cat-schriften-der-forstl-fakultaet-goettingen taxable shipping-taxable purchasable product-type-simple\">\n\t<a href=\"https:\/\/www.sauerlaender-verlag.com\/en\/produkt\/band-066-untersuchungen-ueber-die-widerstandsfaehigkeit-der-fichte-picea-abies-karst-gegenueber-dem-wurzelschwamm-fomes-annosus-fr-cooke\/\" class=\"woocommerce-LoopProduct-link woocommerce-loop-product__link\"><img loading=\"lazy\" decoding=\"async\" width=\"200\" height=\"200\" src=\"https:\/\/www.sauerlaender-verlag.com\/wp-content\/uploads\/woocommerce-placeholder.png\" class=\"woocommerce-placeholder wp-post-image\" alt=\"Placeholder\" srcset=\"https:\/\/www.sauerlaender-verlag.com\/wp-content\/uploads\/woocommerce-placeholder.png 1200w, https:\/\/www.sauerlaender-verlag.com\/wp-content\/uploads\/woocommerce-placeholder-300x300.png 300w, https:\/\/www.sauerlaender-verlag.com\/wp-content\/uploads\/woocommerce-placeholder-1024x1024.png 1024w, https:\/\/www.sauerlaender-verlag.com\/wp-content\/uploads\/woocommerce-placeholder-150x150.png 150w, https:\/\/www.sauerlaender-verlag.com\/wp-content\/uploads\/woocommerce-placeholder-768x768.png 768w\" sizes=\"auto, (max-width: 200px) 100vw, 200px\" \/><h2 class=\"woocommerce-loop-product__title\">Band 066: Untersuchungen \u00fcber die Widerstandsf\u00e4higkeit der Fichte (Picea abies Karst.) gegen\u00fcber dem Wurzelschwamm Fomes annosus (Fr.) Cooke<\/h2>\n\t<span class=\"price\"><span class=\"woocommerce-Price-amount amount\"><bdi>7,50&nbsp;<span class=\"woocommerce-Price-currencySymbol\">&euro;<\/span><\/bdi><\/span><\/span>\n\n\n\n<\/a>\n\n\t<p class=\"wc-gzd-additional-info wc-gzd-additional-info-loop shipping-costs-info\">zzgl. <a href=\"https:\/\/www.sauerlaender-verlag.com\/en\/versandarten\/\" target=\"_blank\">Versandkosten<\/a><\/p>\n\n\n<a href=\"?add-to-cart=1709\" aria-describedby=\"woocommerce_loop_add_to_cart_link_describedby_1709\" data-quantity=\"1\" class=\"button product_type_simple add_to_cart_button ajax_add_to_cart\" data-product_id=\"1709\" data-product_sku=\"ffg-066\" aria-label=\"Add to cart: &ldquo;Band 066: Untersuchungen \u00fcber die Widerstandsf\u00e4higkeit der Fichte (Picea abies Karst.) gegen\u00fcber dem Wurzelschwamm Fomes annosus (Fr.) Cooke&rdquo;\" rel=\"nofollow\" data-success_message=\"&ldquo;Band 066: Untersuchungen \u00fcber die Widerstandsf\u00e4higkeit der Fichte (Picea abies Karst.) gegen\u00fcber dem Wurzelschwamm Fomes annosus (Fr.) Cooke&rdquo; has been added to your cart\">Add to cart<\/a>\t<span id=\"woocommerce_loop_add_to_cart_link_describedby_1709\" class=\"screen-reader-text\">\n\t\t\t<\/span>\n<\/li>\n<li class=\"product type-product post-1694 status-publish instock product_cat-forstschutz product_cat-schriften-der-forstl-fakultaet-goettingen taxable shipping-taxable purchasable product-type-simple\">\n\t<a href=\"https:\/\/www.sauerlaender-verlag.com\/en\/produkt\/band-039-untersuchungen-ueber-die-rotfaeule-der-fichten\/\" class=\"woocommerce-LoopProduct-link woocommerce-loop-product__link\"><img loading=\"lazy\" decoding=\"async\" width=\"200\" height=\"200\" src=\"https:\/\/www.sauerlaender-verlag.com\/wp-content\/uploads\/woocommerce-placeholder.png\" class=\"woocommerce-placeholder wp-post-image\" alt=\"Placeholder\" srcset=\"https:\/\/www.sauerlaender-verlag.com\/wp-content\/uploads\/woocommerce-placeholder.png 1200w, https:\/\/www.sauerlaender-verlag.com\/wp-content\/uploads\/woocommerce-placeholder-300x300.png 300w, https:\/\/www.sauerlaender-verlag.com\/wp-content\/uploads\/woocommerce-placeholder-1024x1024.png 1024w, https:\/\/www.sauerlaender-verlag.com\/wp-content\/uploads\/woocommerce-placeholder-150x150.png 150w, https:\/\/www.sauerlaender-verlag.com\/wp-content\/uploads\/woocommerce-placeholder-768x768.png 768w\" sizes=\"auto, (max-width: 200px) 100vw, 200px\" \/><h2 class=\"woocommerce-loop-product__title\">Band 039: Untersuchungen \u00fcber die Rotf\u00e4ule der Fichten<\/h2>\n\t<span class=\"price\"><span class=\"woocommerce-Price-amount amount\"><bdi>14,50&nbsp;<span class=\"woocommerce-Price-currencySymbol\">&euro;<\/span><\/bdi><\/span><\/span>\n\n\n\n<\/a>\n\n\t<p class=\"wc-gzd-additional-info wc-gzd-additional-info-loop shipping-costs-info\">zzgl. <a href=\"https:\/\/www.sauerlaender-verlag.com\/en\/versandarten\/\" target=\"_blank\">Versandkosten<\/a><\/p>\n\n\n<a href=\"?add-to-cart=1694\" aria-describedby=\"woocommerce_loop_add_to_cart_link_describedby_1694\" data-quantity=\"1\" class=\"button product_type_simple add_to_cart_button ajax_add_to_cart\" data-product_id=\"1694\" data-product_sku=\"ffg-039\" aria-label=\"Add to cart: &ldquo;Band 039: Untersuchungen \u00fcber die Rotf\u00e4ule der Fichten&rdquo;\" rel=\"nofollow\" data-success_message=\"&ldquo;Band 039: Untersuchungen \u00fcber die Rotf\u00e4ule der Fichten&rdquo; has been added to your cart\">Add to cart<\/a>\t<span id=\"woocommerce_loop_add_to_cart_link_describedby_1694\" class=\"screen-reader-text\">\n\t\t\t<\/span>\n<\/li>\n<li class=\"product type-product post-1681 status-publish last instock product_cat-forstschutz product_cat-schriften-der-forstl-fakultaet-goettingen taxable shipping-taxable purchasable product-type-simple\">\n\t<a href=\"https:\/\/www.sauerlaender-verlag.com\/en\/produkt\/band-021-grundzuege-der-populationsdynamik-des-grossen-fichtenborkenkaefers\/\" class=\"woocommerce-LoopProduct-link woocommerce-loop-product__link\"><img loading=\"lazy\" decoding=\"async\" width=\"200\" height=\"200\" src=\"https:\/\/www.sauerlaender-verlag.com\/wp-content\/uploads\/woocommerce-placeholder.png\" class=\"woocommerce-placeholder wp-post-image\" alt=\"Placeholder\" srcset=\"https:\/\/www.sauerlaender-verlag.com\/wp-content\/uploads\/woocommerce-placeholder.png 1200w, https:\/\/www.sauerlaender-verlag.com\/wp-content\/uploads\/woocommerce-placeholder-300x300.png 300w, https:\/\/www.sauerlaender-verlag.com\/wp-content\/uploads\/woocommerce-placeholder-1024x1024.png 1024w, https:\/\/www.sauerlaender-verlag.com\/wp-content\/uploads\/woocommerce-placeholder-150x150.png 150w, https:\/\/www.sauerlaender-verlag.com\/wp-content\/uploads\/woocommerce-placeholder-768x768.png 768w\" sizes=\"auto, (max-width: 200px) 100vw, 200px\" \/><h2 class=\"woocommerce-loop-product__title\">Band 021: Grundz\u00fcge der Populationsdynamik des gro\u00dfen Fichtenborkenk\u00e4fers<\/h2>\n\t<span class=\"price\"><span class=\"woocommerce-Price-amount amount\"><bdi>7,30&nbsp;<span class=\"woocommerce-Price-currencySymbol\">&euro;<\/span><\/bdi><\/span><\/span>\n\n\n\n<\/a>\n\n\t<p class=\"wc-gzd-additional-info wc-gzd-additional-info-loop shipping-costs-info\">zzgl. <a href=\"https:\/\/www.sauerlaender-verlag.com\/en\/versandarten\/\" target=\"_blank\">Versandkosten<\/a><\/p>\n\n\n<a href=\"?add-to-cart=1681\" aria-describedby=\"woocommerce_loop_add_to_cart_link_describedby_1681\" data-quantity=\"1\" class=\"button product_type_simple add_to_cart_button ajax_add_to_cart\" data-product_id=\"1681\" data-product_sku=\"ffg-021\" aria-label=\"Add to cart: &ldquo;Band 021: Grundz\u00fcge der Populationsdynamik des gro\u00dfen Fichtenborkenk\u00e4fers&rdquo;\" rel=\"nofollow\" data-success_message=\"&ldquo;Band 021: Grundz\u00fcge der Populationsdynamik des gro\u00dfen Fichtenborkenk\u00e4fers&rdquo; has been added to your cart\">Add to cart<\/a>\t<span id=\"woocommerce_loop_add_to_cart_link_describedby_1681\" class=\"screen-reader-text\">\n\t\t\t<\/span>\n<\/li>\n<li class=\"product type-product post-1677 status-publish first instock product_cat-forstschutz product_cat-schriften-der-forstl-fakultaet-goettingen taxable shipping-taxable purchasable product-type-simple\">\n\t<a href=\"https:\/\/www.sauerlaender-verlag.com\/en\/produkt\/band-013-014-pathogenese-der-borkenkaefer-epidemie-1946-1950-in-nordwestdeutschland\/\" class=\"woocommerce-LoopProduct-link woocommerce-loop-product__link\"><img loading=\"lazy\" decoding=\"async\" width=\"200\" height=\"200\" src=\"https:\/\/www.sauerlaender-verlag.com\/wp-content\/uploads\/woocommerce-placeholder.png\" class=\"woocommerce-placeholder wp-post-image\" alt=\"Placeholder\" srcset=\"https:\/\/www.sauerlaender-verlag.com\/wp-content\/uploads\/woocommerce-placeholder.png 1200w, https:\/\/www.sauerlaender-verlag.com\/wp-content\/uploads\/woocommerce-placeholder-300x300.png 300w, https:\/\/www.sauerlaender-verlag.com\/wp-content\/uploads\/woocommerce-placeholder-1024x1024.png 1024w, https:\/\/www.sauerlaender-verlag.com\/wp-content\/uploads\/woocommerce-placeholder-150x150.png 150w, https:\/\/www.sauerlaender-verlag.com\/wp-content\/uploads\/woocommerce-placeholder-768x768.png 768w\" sizes=\"auto, (max-width: 200px) 100vw, 200px\" \/><h2 class=\"woocommerce-loop-product__title\">Band 013\/014: Pathogenese der Borkenk\u00e4fer-Epidemie 1946-1950 in Nordwestdeutschland<\/h2>\n\t<span class=\"price\"><span class=\"woocommerce-Price-amount amount\"><bdi>6,10&nbsp;<span class=\"woocommerce-Price-currencySymbol\">&euro;<\/span><\/bdi><\/span><\/span>\n\n\n\n<\/a>\n\n\t<p class=\"wc-gzd-additional-info wc-gzd-additional-info-loop shipping-costs-info\">zzgl. <a href=\"https:\/\/www.sauerlaender-verlag.com\/en\/versandarten\/\" target=\"_blank\">Versandkosten<\/a><\/p>\n\n\n<a href=\"?add-to-cart=1677\" aria-describedby=\"woocommerce_loop_add_to_cart_link_describedby_1677\" data-quantity=\"1\" class=\"button product_type_simple add_to_cart_button ajax_add_to_cart\" data-product_id=\"1677\" data-product_sku=\"ffg-013\" aria-label=\"Add to cart: &ldquo;Band 013\/014: Pathogenese der Borkenk\u00e4fer-Epidemie 1946-1950 in Nordwestdeutschland&rdquo;\" rel=\"nofollow\" data-success_message=\"&ldquo;Band 013\/014: Pathogenese der Borkenk\u00e4fer-Epidemie 1946-1950 in Nordwestdeutschland&rdquo; has been added to your cart\">Add to cart<\/a>\t<span id=\"woocommerce_loop_add_to_cart_link_describedby_1677\" class=\"screen-reader-text\">\n\t\t\t<\/span>\n<\/li>\n<\/ul>\n<\/div>","protected":false},"excerpt":{"rendered":"","protected":false},"author":1,"featured_media":0,"parent":0,"menu_order":0,"comment_status":"closed","ping_status":"closed","template":"","meta":{"footnotes":""},"class_list":["post-2109","page","type-page","status-publish","hentry"],"translation":{"provider":"WPGlobus","version":"3.0.0","language":"en","enabled_languages":["de","en"],"languages":{"de":{"title":true,"content":true,"excerpt":false},"en":{"title":false,"content":false,"excerpt":false}}},"_links":{"self":[{"href":"https:\/\/www.sauerlaender-verlag.com\/en\/wp-json\/wp\/v2\/pages\/2109","targetHints":{"allow":["GET"]}}],"collection":[{"href":"https:\/\/www.sauerlaender-verlag.com\/en\/wp-json\/wp\/v2\/pages"}],"about":[{"href":"https:\/\/www.sauerlaender-verlag.com\/en\/wp-json\/wp\/v2\/types\/page"}],"author":[{"embeddable":true,"href":"https:\/\/www.sauerlaender-verlag.com\/en\/wp-json\/wp\/v2\/users\/1"}],"replies":[{"embeddable":true,"href":"https:\/\/www.sauerlaender-verlag.com\/en\/wp-json\/wp\/v2\/comments?post=2109"}],"version-history":[{"count":2,"href":"https:\/\/www.sauerlaender-verlag.com\/en\/wp-json\/wp\/v2\/pages\/2109\/revisions"}],"predecessor-version":[{"id":2548,"href":"https:\/\/www.sauerlaender-verlag.com\/en\/wp-json\/wp\/v2\/pages\/2109\/revisions\/2548"}],"wp:attachment":[{"href":"https:\/\/www.sauerlaender-verlag.com\/en\/wp-json\/wp\/v2\/media?parent=2109"}],"curies":[{"name":"wp","href":"https:\/\/api.w.org\/{rel}","templated":true}]}}