{"id":2098,"date":"2021-10-30T13:06:06","date_gmt":"2021-10-30T11:06:06","guid":{"rendered":"https:\/\/www.sauerlaender-verlag.com\/?page_id=2098"},"modified":"2021-11-06T14:18:33","modified_gmt":"2021-11-06T12:18:33","slug":"shop-forstbotanik","status":"publish","type":"page","link":"https:\/\/www.sauerlaender-verlag.com\/en\/shop-forstbotanik\/","title":{"rendered":"Shop &#8211; Forstbotanik"},"content":{"rendered":"<div class=\"woocommerce columns-3 \"><ul class=\"products columns-3\">\n<li class=\"product type-product post-1656 status-publish first instock product_cat-forstbotanik product_cat-mitteilungen-der-hessischen-landesforstverwaltung has-post-thumbnail taxable shipping-taxable purchasable product-type-simple\">\n\t<a href=\"https:\/\/www.sauerlaender-verlag.com\/en\/produkt\/naturwaldreservate-in-hessen-holzzersetzende-pilze-aphyllophorales-und-heterobasiomycetes-des-naturwaldreservates-karlswoerth\/\" class=\"woocommerce-LoopProduct-link woocommerce-loop-product__link\"><img loading=\"lazy\" decoding=\"async\" width=\"96\" height=\"101\" src=\"https:\/\/www.sauerlaender-verlag.com\/wp-content\/uploads\/2013\/09\/footer-wappen.jpg\" class=\"attachment-woocommerce_thumbnail size-woocommerce_thumbnail\" alt=\"Naturwaldreservate in Hessen \u2013 Holzzersetzende Pilze \u2013 Aphyllophorales und Heterobasiomycetes \u2013 des Naturwaldreservates Karlsw\u00f6rth\" \/><h2 class=\"woocommerce-loop-product__title\">Naturwaldreservate in Hessen \u2013 Holzzersetzende Pilze \u2013 Aphyllophorales und Heterobasiomycetes \u2013 des Naturwaldreservates Karlsw\u00f6rth<\/h2>\n\t<span class=\"price\"><span class=\"woocommerce-Price-amount amount\"><bdi>16,80&nbsp;<span class=\"woocommerce-Price-currencySymbol\">&euro;<\/span><\/bdi><\/span><\/span>\n\n\n\n<\/a>\n\n\t<p class=\"wc-gzd-additional-info wc-gzd-additional-info-loop shipping-costs-info\">zzgl. <a href=\"https:\/\/www.sauerlaender-verlag.com\/en\/versandarten\/\" target=\"_blank\">Versandkosten<\/a><\/p>\n\n\n<a href=\"?add-to-cart=1656\" aria-describedby=\"woocommerce_loop_add_to_cart_link_describedby_1656\" data-quantity=\"1\" class=\"button product_type_simple add_to_cart_button ajax_add_to_cart\" data-product_id=\"1656\" data-product_sku=\"mhl-008\" aria-label=\"Add to cart: &ldquo;Naturwaldreservate in Hessen \u2013 Holzzersetzende Pilze \u2013 Aphyllophorales und Heterobasiomycetes \u2013 des Naturwaldreservates Karlsw\u00f6rth&rdquo;\" rel=\"nofollow\" data-success_message=\"&ldquo;Naturwaldreservate in Hessen \u2013 Holzzersetzende Pilze \u2013 Aphyllophorales und Heterobasiomycetes \u2013 des Naturwaldreservates Karlsw\u00f6rth&rdquo; has been added to your cart\">Add to cart<\/a>\t<span id=\"woocommerce_loop_add_to_cart_link_describedby_1656\" class=\"screen-reader-text\">\n\t\t\t<\/span>\n<\/li>\n<li class=\"product type-product post-1739 status-publish instock product_cat-forstbotanik product_cat-schriften-der-forstl-fakultaet-goettingen taxable shipping-taxable purchasable product-type-simple\">\n\t<a href=\"https:\/\/www.sauerlaender-verlag.com\/en\/produkt\/band-131-neues-zum-stofftransport-in-baeumen\/\" class=\"woocommerce-LoopProduct-link woocommerce-loop-product__link\"><img loading=\"lazy\" decoding=\"async\" width=\"200\" height=\"200\" src=\"https:\/\/www.sauerlaender-verlag.com\/wp-content\/uploads\/woocommerce-placeholder.png\" class=\"woocommerce-placeholder wp-post-image\" alt=\"Placeholder\" srcset=\"https:\/\/www.sauerlaender-verlag.com\/wp-content\/uploads\/woocommerce-placeholder.png 1200w, https:\/\/www.sauerlaender-verlag.com\/wp-content\/uploads\/woocommerce-placeholder-300x300.png 300w, https:\/\/www.sauerlaender-verlag.com\/wp-content\/uploads\/woocommerce-placeholder-1024x1024.png 1024w, https:\/\/www.sauerlaender-verlag.com\/wp-content\/uploads\/woocommerce-placeholder-150x150.png 150w, https:\/\/www.sauerlaender-verlag.com\/wp-content\/uploads\/woocommerce-placeholder-768x768.png 768w\" sizes=\"auto, (max-width: 200px) 100vw, 200px\" \/><h2 class=\"woocommerce-loop-product__title\">Band 131: Neues zum Stofftransport in B\u00e4umen<\/h2>\n\t<span class=\"price\"><span class=\"woocommerce-Price-amount amount\"><bdi>20,50&nbsp;<span class=\"woocommerce-Price-currencySymbol\">&euro;<\/span><\/bdi><\/span><\/span>\n\n\n\n<\/a>\n\n\t<p class=\"wc-gzd-additional-info wc-gzd-additional-info-loop shipping-costs-info\">zzgl. <a href=\"https:\/\/www.sauerlaender-verlag.com\/en\/versandarten\/\" target=\"_blank\">Versandkosten<\/a><\/p>\n\n\n<a href=\"?add-to-cart=1739\" aria-describedby=\"woocommerce_loop_add_to_cart_link_describedby_1739\" data-quantity=\"1\" class=\"button product_type_simple add_to_cart_button ajax_add_to_cart\" data-product_id=\"1739\" data-product_sku=\"ffg-131\" aria-label=\"Add to cart: &ldquo;Band 131: Neues zum Stofftransport in B\u00e4umen&rdquo;\" rel=\"nofollow\" data-success_message=\"&ldquo;Band 131: Neues zum Stofftransport in B\u00e4umen&rdquo; has been added to your cart\">Add to cart<\/a>\t<span id=\"woocommerce_loop_add_to_cart_link_describedby_1739\" class=\"screen-reader-text\">\n\t\t\t<\/span>\n<\/li>\n<li class=\"product type-product post-1736 status-publish last instock product_cat-forstbotanik product_cat-schriften-der-forstl-fakultaet-goettingen taxable shipping-taxable purchasable product-type-simple\">\n\t<a href=\"https:\/\/www.sauerlaender-verlag.com\/en\/produkt\/band-124-ansaetze-in-der-biotechnologie-des-holzes\/\" class=\"woocommerce-LoopProduct-link woocommerce-loop-product__link\"><img loading=\"lazy\" decoding=\"async\" width=\"200\" height=\"200\" src=\"https:\/\/www.sauerlaender-verlag.com\/wp-content\/uploads\/woocommerce-placeholder.png\" class=\"woocommerce-placeholder wp-post-image\" alt=\"Placeholder\" srcset=\"https:\/\/www.sauerlaender-verlag.com\/wp-content\/uploads\/woocommerce-placeholder.png 1200w, https:\/\/www.sauerlaender-verlag.com\/wp-content\/uploads\/woocommerce-placeholder-300x300.png 300w, https:\/\/www.sauerlaender-verlag.com\/wp-content\/uploads\/woocommerce-placeholder-1024x1024.png 1024w, https:\/\/www.sauerlaender-verlag.com\/wp-content\/uploads\/woocommerce-placeholder-150x150.png 150w, https:\/\/www.sauerlaender-verlag.com\/wp-content\/uploads\/woocommerce-placeholder-768x768.png 768w\" sizes=\"auto, (max-width: 200px) 100vw, 200px\" \/><h2 class=\"woocommerce-loop-product__title\">Band 124: Ans\u00e4tze in der Biotechnologie des Holzes<\/h2>\n\t<span class=\"price\"><span class=\"woocommerce-Price-amount amount\"><bdi>17,90&nbsp;<span class=\"woocommerce-Price-currencySymbol\">&euro;<\/span><\/bdi><\/span><\/span>\n\n\n\n<\/a>\n\n\t<p class=\"wc-gzd-additional-info wc-gzd-additional-info-loop shipping-costs-info\">zzgl. <a href=\"https:\/\/www.sauerlaender-verlag.com\/en\/versandarten\/\" target=\"_blank\">Versandkosten<\/a><\/p>\n\n\n<a href=\"?add-to-cart=1736\" aria-describedby=\"woocommerce_loop_add_to_cart_link_describedby_1736\" data-quantity=\"1\" class=\"button product_type_simple add_to_cart_button ajax_add_to_cart\" data-product_id=\"1736\" data-product_sku=\"ffg-124\" aria-label=\"Add to cart: &ldquo;Band 124: Ans\u00e4tze in der Biotechnologie des Holzes&rdquo;\" rel=\"nofollow\" data-success_message=\"&ldquo;Band 124: Ans\u00e4tze in der Biotechnologie des Holzes&rdquo; has been added to your cart\">Add to cart<\/a>\t<span id=\"woocommerce_loop_add_to_cart_link_describedby_1736\" class=\"screen-reader-text\">\n\t\t\t<\/span>\n<\/li>\n<li class=\"product type-product post-1734 status-publish first instock product_cat-forstbotanik product_cat-schriften-der-forstl-fakultaet-goettingen taxable shipping-taxable purchasable product-type-simple\">\n\t<a href=\"https:\/\/www.sauerlaender-verlag.com\/en\/produkt\/band-121-enzyme-von-weissfaeulepilzen-als-grundlage-fuer-die-herstellung-von-bindemitteln-fuer-holzwerkstoffe\/\" class=\"woocommerce-LoopProduct-link woocommerce-loop-product__link\"><img loading=\"lazy\" decoding=\"async\" width=\"200\" height=\"200\" src=\"https:\/\/www.sauerlaender-verlag.com\/wp-content\/uploads\/woocommerce-placeholder.png\" class=\"woocommerce-placeholder wp-post-image\" alt=\"Placeholder\" srcset=\"https:\/\/www.sauerlaender-verlag.com\/wp-content\/uploads\/woocommerce-placeholder.png 1200w, https:\/\/www.sauerlaender-verlag.com\/wp-content\/uploads\/woocommerce-placeholder-300x300.png 300w, https:\/\/www.sauerlaender-verlag.com\/wp-content\/uploads\/woocommerce-placeholder-1024x1024.png 1024w, https:\/\/www.sauerlaender-verlag.com\/wp-content\/uploads\/woocommerce-placeholder-150x150.png 150w, https:\/\/www.sauerlaender-verlag.com\/wp-content\/uploads\/woocommerce-placeholder-768x768.png 768w\" sizes=\"auto, (max-width: 200px) 100vw, 200px\" \/><h2 class=\"woocommerce-loop-product__title\">Band 121: Enzyme von Wei\u00dff\u00e4ulepilzen als Grundlage f\u00fcr die Herstellung von Bindemitteln f\u00fcr Holzwerkstoffe<\/h2>\n\t<span class=\"price\"><span class=\"woocommerce-Price-amount amount\"><bdi>24,50&nbsp;<span class=\"woocommerce-Price-currencySymbol\">&euro;<\/span><\/bdi><\/span><\/span>\n\n\n\n<\/a>\n\n\t<p class=\"wc-gzd-additional-info wc-gzd-additional-info-loop shipping-costs-info\">zzgl. <a href=\"https:\/\/www.sauerlaender-verlag.com\/en\/versandarten\/\" target=\"_blank\">Versandkosten<\/a><\/p>\n\n\n<a href=\"?add-to-cart=1734\" aria-describedby=\"woocommerce_loop_add_to_cart_link_describedby_1734\" data-quantity=\"1\" class=\"button product_type_simple add_to_cart_button ajax_add_to_cart\" data-product_id=\"1734\" data-product_sku=\"ffg-121\" aria-label=\"Add to cart: &ldquo;Band 121: Enzyme von Wei\u00dff\u00e4ulepilzen als Grundlage f\u00fcr die Herstellung von Bindemitteln f\u00fcr Holzwerkstoffe&rdquo;\" rel=\"nofollow\" data-success_message=\"&ldquo;Band 121: Enzyme von Wei\u00dff\u00e4ulepilzen als Grundlage f\u00fcr die Herstellung von Bindemitteln f\u00fcr Holzwerkstoffe&rdquo; has been added to your cart\">Add to cart<\/a>\t<span id=\"woocommerce_loop_add_to_cart_link_describedby_1734\" class=\"screen-reader-text\">\n\t\t\t<\/span>\n<\/li>\n<li class=\"product type-product post-1730 status-publish instock product_cat-forstbotanik product_cat-schriften-der-forstl-fakultaet-goettingen taxable shipping-taxable purchasable product-type-simple\">\n\t<a href=\"https:\/\/www.sauerlaender-verlag.com\/en\/produkt\/band-115-biochemischer-und-mikrobiologischer-zustand-verschiedener-waldboeden\/\" class=\"woocommerce-LoopProduct-link woocommerce-loop-product__link\"><img loading=\"lazy\" decoding=\"async\" width=\"200\" height=\"200\" src=\"https:\/\/www.sauerlaender-verlag.com\/wp-content\/uploads\/woocommerce-placeholder.png\" class=\"woocommerce-placeholder wp-post-image\" alt=\"Placeholder\" srcset=\"https:\/\/www.sauerlaender-verlag.com\/wp-content\/uploads\/woocommerce-placeholder.png 1200w, https:\/\/www.sauerlaender-verlag.com\/wp-content\/uploads\/woocommerce-placeholder-300x300.png 300w, https:\/\/www.sauerlaender-verlag.com\/wp-content\/uploads\/woocommerce-placeholder-1024x1024.png 1024w, https:\/\/www.sauerlaender-verlag.com\/wp-content\/uploads\/woocommerce-placeholder-150x150.png 150w, https:\/\/www.sauerlaender-verlag.com\/wp-content\/uploads\/woocommerce-placeholder-768x768.png 768w\" sizes=\"auto, (max-width: 200px) 100vw, 200px\" \/><h2 class=\"woocommerce-loop-product__title\">Band 115: Biochemischer und mikrobiologischer Zustand verschiedener Waldb\u00f6den<\/h2>\n\t<span class=\"price\"><span class=\"woocommerce-Price-amount amount\"><bdi>18,40&nbsp;<span class=\"woocommerce-Price-currencySymbol\">&euro;<\/span><\/bdi><\/span><\/span>\n\n\n\n<\/a>\n\n\t<p class=\"wc-gzd-additional-info wc-gzd-additional-info-loop shipping-costs-info\">zzgl. <a href=\"https:\/\/www.sauerlaender-verlag.com\/en\/versandarten\/\" target=\"_blank\">Versandkosten<\/a><\/p>\n\n\n<a href=\"?add-to-cart=1730\" aria-describedby=\"woocommerce_loop_add_to_cart_link_describedby_1730\" data-quantity=\"1\" class=\"button product_type_simple add_to_cart_button ajax_add_to_cart\" data-product_id=\"1730\" data-product_sku=\"ffg-115\" aria-label=\"Add to cart: &ldquo;Band 115: Biochemischer und mikrobiologischer Zustand verschiedener Waldb\u00f6den&rdquo;\" rel=\"nofollow\" data-success_message=\"&ldquo;Band 115: Biochemischer und mikrobiologischer Zustand verschiedener Waldb\u00f6den&rdquo; has been added to your cart\">Add to cart<\/a>\t<span id=\"woocommerce_loop_add_to_cart_link_describedby_1730\" class=\"screen-reader-text\">\n\t\t\t<\/span>\n<\/li>\n<li class=\"product type-product post-1727 status-publish last instock product_cat-forstbotanik product_cat-schriften-der-forstl-fakultaet-goettingen taxable shipping-taxable purchasable product-type-simple\">\n\t<a href=\"https:\/\/www.sauerlaender-verlag.com\/en\/produkt\/band-108-untersuchungen-zur-elektrischen-signalleitung-in-der-korbweide-salix-viminalis-l\/\" class=\"woocommerce-LoopProduct-link woocommerce-loop-product__link\"><img loading=\"lazy\" decoding=\"async\" width=\"200\" height=\"200\" src=\"https:\/\/www.sauerlaender-verlag.com\/wp-content\/uploads\/woocommerce-placeholder.png\" class=\"woocommerce-placeholder wp-post-image\" alt=\"Placeholder\" srcset=\"https:\/\/www.sauerlaender-verlag.com\/wp-content\/uploads\/woocommerce-placeholder.png 1200w, https:\/\/www.sauerlaender-verlag.com\/wp-content\/uploads\/woocommerce-placeholder-300x300.png 300w, https:\/\/www.sauerlaender-verlag.com\/wp-content\/uploads\/woocommerce-placeholder-1024x1024.png 1024w, https:\/\/www.sauerlaender-verlag.com\/wp-content\/uploads\/woocommerce-placeholder-150x150.png 150w, https:\/\/www.sauerlaender-verlag.com\/wp-content\/uploads\/woocommerce-placeholder-768x768.png 768w\" sizes=\"auto, (max-width: 200px) 100vw, 200px\" \/><h2 class=\"woocommerce-loop-product__title\">Band 108: Untersuchungen zur elektrischen Signalleitung in der Korbweide (Salix viminalis L.)<\/h2>\n\t<span class=\"price\"><span class=\"woocommerce-Price-amount amount\"><bdi>16,40&nbsp;<span class=\"woocommerce-Price-currencySymbol\">&euro;<\/span><\/bdi><\/span><\/span>\n\n\n\n<\/a>\n\n\t<p class=\"wc-gzd-additional-info wc-gzd-additional-info-loop shipping-costs-info\">zzgl. <a href=\"https:\/\/www.sauerlaender-verlag.com\/en\/versandarten\/\" target=\"_blank\">Versandkosten<\/a><\/p>\n\n\n<a href=\"?add-to-cart=1727\" aria-describedby=\"woocommerce_loop_add_to_cart_link_describedby_1727\" data-quantity=\"1\" class=\"button product_type_simple add_to_cart_button ajax_add_to_cart\" data-product_id=\"1727\" data-product_sku=\"ffg-108\" aria-label=\"Add to cart: &ldquo;Band 108: Untersuchungen zur elektrischen Signalleitung in der Korbweide (Salix viminalis L.)&rdquo;\" rel=\"nofollow\" data-success_message=\"&ldquo;Band 108: Untersuchungen zur elektrischen Signalleitung in der Korbweide (Salix viminalis L.)&rdquo; has been added to your cart\">Add to cart<\/a>\t<span id=\"woocommerce_loop_add_to_cart_link_describedby_1727\" class=\"screen-reader-text\">\n\t\t\t<\/span>\n<\/li>\n<li class=\"product type-product post-1725 status-publish first instock product_cat-forstbotanik product_cat-schriften-der-forstl-fakultaet-goettingen taxable shipping-taxable purchasable product-type-simple\">\n\t<a href=\"https:\/\/www.sauerlaender-verlag.com\/en\/produkt\/band-104-die-wirkung-von-aluminium-und-schwermetallen-auf-picea-abies-saemlinge\/\" class=\"woocommerce-LoopProduct-link woocommerce-loop-product__link\"><img loading=\"lazy\" decoding=\"async\" width=\"200\" height=\"200\" src=\"https:\/\/www.sauerlaender-verlag.com\/wp-content\/uploads\/woocommerce-placeholder.png\" class=\"woocommerce-placeholder wp-post-image\" alt=\"Placeholder\" srcset=\"https:\/\/www.sauerlaender-verlag.com\/wp-content\/uploads\/woocommerce-placeholder.png 1200w, https:\/\/www.sauerlaender-verlag.com\/wp-content\/uploads\/woocommerce-placeholder-300x300.png 300w, https:\/\/www.sauerlaender-verlag.com\/wp-content\/uploads\/woocommerce-placeholder-1024x1024.png 1024w, https:\/\/www.sauerlaender-verlag.com\/wp-content\/uploads\/woocommerce-placeholder-150x150.png 150w, https:\/\/www.sauerlaender-verlag.com\/wp-content\/uploads\/woocommerce-placeholder-768x768.png 768w\" sizes=\"auto, (max-width: 200px) 100vw, 200px\" \/><h2 class=\"woocommerce-loop-product__title\">Band 104: Die Wirkung von Aluminium und Schwermetallen auf Picea abies S\u00e4mlinge<\/h2>\n\t<span class=\"price\"><span class=\"woocommerce-Price-amount amount\"><bdi>16,90&nbsp;<span class=\"woocommerce-Price-currencySymbol\">&euro;<\/span><\/bdi><\/span><\/span>\n\n\n\n<\/a>\n\n\t<p class=\"wc-gzd-additional-info wc-gzd-additional-info-loop shipping-costs-info\">zzgl. <a href=\"https:\/\/www.sauerlaender-verlag.com\/en\/versandarten\/\" target=\"_blank\">Versandkosten<\/a><\/p>\n\n\n<a href=\"?add-to-cart=1725\" aria-describedby=\"woocommerce_loop_add_to_cart_link_describedby_1725\" data-quantity=\"1\" class=\"button product_type_simple add_to_cart_button ajax_add_to_cart\" data-product_id=\"1725\" data-product_sku=\"ffg-104\" aria-label=\"Add to cart: &ldquo;Band 104: Die Wirkung von Aluminium und Schwermetallen auf Picea abies S\u00e4mlinge&rdquo;\" rel=\"nofollow\" data-success_message=\"&ldquo;Band 104: Die Wirkung von Aluminium und Schwermetallen auf Picea abies S\u00e4mlinge&rdquo; has been added to your cart\">Add to cart<\/a>\t<span id=\"woocommerce_loop_add_to_cart_link_describedby_1725\" class=\"screen-reader-text\">\n\t\t\t<\/span>\n<\/li>\n<li class=\"product type-product post-1723 status-publish instock product_cat-forstbotanik product_cat-schriften-der-forstl-fakultaet-goettingen taxable shipping-taxable purchasable product-type-simple\">\n\t<a href=\"https:\/\/www.sauerlaender-verlag.com\/en\/produkt\/band-094-stofftransport-in-baeumen\/\" class=\"woocommerce-LoopProduct-link woocommerce-loop-product__link\"><img loading=\"lazy\" decoding=\"async\" width=\"200\" height=\"200\" src=\"https:\/\/www.sauerlaender-verlag.com\/wp-content\/uploads\/woocommerce-placeholder.png\" class=\"woocommerce-placeholder wp-post-image\" alt=\"Placeholder\" srcset=\"https:\/\/www.sauerlaender-verlag.com\/wp-content\/uploads\/woocommerce-placeholder.png 1200w, https:\/\/www.sauerlaender-verlag.com\/wp-content\/uploads\/woocommerce-placeholder-300x300.png 300w, https:\/\/www.sauerlaender-verlag.com\/wp-content\/uploads\/woocommerce-placeholder-1024x1024.png 1024w, https:\/\/www.sauerlaender-verlag.com\/wp-content\/uploads\/woocommerce-placeholder-150x150.png 150w, https:\/\/www.sauerlaender-verlag.com\/wp-content\/uploads\/woocommerce-placeholder-768x768.png 768w\" sizes=\"auto, (max-width: 200px) 100vw, 200px\" \/><h2 class=\"woocommerce-loop-product__title\">Band 094: Stofftransport in B\u00e4umen<\/h2>\n\t<span class=\"price\"><span class=\"woocommerce-Price-amount amount\"><bdi>5,40&nbsp;<span class=\"woocommerce-Price-currencySymbol\">&euro;<\/span><\/bdi><\/span><\/span>\n\n\n\n<\/a>\n\n\t<p class=\"wc-gzd-additional-info wc-gzd-additional-info-loop shipping-costs-info\">zzgl. <a href=\"https:\/\/www.sauerlaender-verlag.com\/en\/versandarten\/\" target=\"_blank\">Versandkosten<\/a><\/p>\n\n\n<a href=\"?add-to-cart=1723\" aria-describedby=\"woocommerce_loop_add_to_cart_link_describedby_1723\" data-quantity=\"1\" class=\"button product_type_simple add_to_cart_button ajax_add_to_cart\" data-product_id=\"1723\" data-product_sku=\"ffg-094\" aria-label=\"Add to cart: &ldquo;Band 094: Stofftransport in B\u00e4umen&rdquo;\" rel=\"nofollow\" data-success_message=\"&ldquo;Band 094: Stofftransport in B\u00e4umen&rdquo; has been added to your cart\">Add to cart<\/a>\t<span id=\"woocommerce_loop_add_to_cart_link_describedby_1723\" class=\"screen-reader-text\">\n\t\t\t<\/span>\n<\/li>\n<li class=\"product type-product post-1701 status-publish last instock product_cat-forstbotanik product_cat-schriften-der-forstl-fakultaet-goettingen has-post-thumbnail taxable shipping-taxable purchasable product-type-simple\">\n\t<a href=\"https:\/\/www.sauerlaender-verlag.com\/en\/produkt\/band-053-forstbotanischer-garten-und-arboretum-der-universitaet-goettingen\/\" class=\"woocommerce-LoopProduct-link woocommerce-loop-product__link\"><img loading=\"lazy\" decoding=\"async\" width=\"96\" height=\"101\" src=\"https:\/\/www.sauerlaender-verlag.com\/wp-content\/uploads\/2013\/09\/footer-wappen.jpg\" class=\"attachment-woocommerce_thumbnail size-woocommerce_thumbnail\" alt=\"Band 053: Forstbotanischer Garten und Arboretum der Universit\u00e4t G\u00f6ttingen\" \/><h2 class=\"woocommerce-loop-product__title\">Band 053: Forstbotanischer Garten und Arboretum der Universit\u00e4t G\u00f6ttingen<\/h2>\n\t<span class=\"price\"><span class=\"woocommerce-Price-amount amount\"><bdi>3,10&nbsp;<span class=\"woocommerce-Price-currencySymbol\">&euro;<\/span><\/bdi><\/span><\/span>\n\n\n\n<\/a>\n\n\t<p class=\"wc-gzd-additional-info wc-gzd-additional-info-loop shipping-costs-info\">zzgl. <a href=\"https:\/\/www.sauerlaender-verlag.com\/en\/versandarten\/\" target=\"_blank\">Versandkosten<\/a><\/p>\n\n\n<a href=\"?add-to-cart=1701\" aria-describedby=\"woocommerce_loop_add_to_cart_link_describedby_1701\" data-quantity=\"1\" class=\"button product_type_simple add_to_cart_button ajax_add_to_cart\" data-product_id=\"1701\" data-product_sku=\"ffg-053\" aria-label=\"Add to cart: &ldquo;Band 053: Forstbotanischer Garten und Arboretum der Universit\u00e4t G\u00f6ttingen&rdquo;\" rel=\"nofollow\" data-success_message=\"&ldquo;Band 053: Forstbotanischer Garten und Arboretum der Universit\u00e4t G\u00f6ttingen&rdquo; has been added to your cart\">Add to cart<\/a>\t<span id=\"woocommerce_loop_add_to_cart_link_describedby_1701\" class=\"screen-reader-text\">\n\t\t\t<\/span>\n<\/li>\n<\/ul>\n<\/div>","protected":false},"excerpt":{"rendered":"","protected":false},"author":1,"featured_media":0,"parent":0,"menu_order":0,"comment_status":"closed","ping_status":"closed","template":"","meta":{"footnotes":""},"class_list":["post-2098","page","type-page","status-publish","hentry"],"translation":{"provider":"WPGlobus","version":"3.0.0","language":"en","enabled_languages":["de","en"],"languages":{"de":{"title":true,"content":true,"excerpt":false},"en":{"title":false,"content":false,"excerpt":false}}},"_links":{"self":[{"href":"https:\/\/www.sauerlaender-verlag.com\/en\/wp-json\/wp\/v2\/pages\/2098","targetHints":{"allow":["GET"]}}],"collection":[{"href":"https:\/\/www.sauerlaender-verlag.com\/en\/wp-json\/wp\/v2\/pages"}],"about":[{"href":"https:\/\/www.sauerlaender-verlag.com\/en\/wp-json\/wp\/v2\/types\/page"}],"author":[{"embeddable":true,"href":"https:\/\/www.sauerlaender-verlag.com\/en\/wp-json\/wp\/v2\/users\/1"}],"replies":[{"embeddable":true,"href":"https:\/\/www.sauerlaender-verlag.com\/en\/wp-json\/wp\/v2\/comments?post=2098"}],"version-history":[{"count":1,"href":"https:\/\/www.sauerlaender-verlag.com\/en\/wp-json\/wp\/v2\/pages\/2098\/revisions"}],"predecessor-version":[{"id":2099,"href":"https:\/\/www.sauerlaender-verlag.com\/en\/wp-json\/wp\/v2\/pages\/2098\/revisions\/2099"}],"wp:attachment":[{"href":"https:\/\/www.sauerlaender-verlag.com\/en\/wp-json\/wp\/v2\/media?parent=2098"}],"curies":[{"name":"wp","href":"https:\/\/api.w.org\/{rel}","templated":true}]}}