{"id":1901,"date":"2019-12-01T19:01:39","date_gmt":"2019-12-01T17:01:39","guid":{"rendered":"https:\/\/www.sauerlaender-verlag.com\/?page_id=1901"},"modified":"2026-03-15T13:10:33","modified_gmt":"2026-03-15T11:10:33","slug":"doi-afjz-2017","status":"publish","type":"page","link":"https:\/\/www.sauerlaender-verlag.com\/en\/doi-afjz-2017\/","title":{"rendered":"\u00dcbersicht AFJZ 188"},"content":{"rendered":"<style type=\"text\/css\" media=\"screen\">\n    .float1 { float: left; width: 15em; }\n    .float2 { float: left; width: 20em; }\n    .float3 { width: 35em; }\n<\/style>\n<div class=\"float1\"><img decoding=\"async\" src=\"\/wp-content\/uploads\/2019\/12\/AFJZ2017-1.png\" alt=\"Italian Trulli\">\n<\/div>\n<div class=\"float2\">\n<p style=\"text-align:center\"><strong>J. D. Sauerl\u00e4nder\u2019s Verlag<\/strong><\/p>\n<p style=\"text-align:center\">Hier finden Sie in absteigender Reihenfolge die mit einer DOI-Nummer versehenen Artikel aus <\/p>\n<p style=\"text-align:center\">Here you will find starting with N\u00b0 1 the articles with a DOI-number published in <\/p>\n\n<p style=\"text-align:center\"><strong>ALLGEMEINE FORST UND JAGDZEITUNG<\/strong><\/br>\nGerman Journal of Forest Research<\/p>\n<\/div><hr class=\"wp-block-separator\"\/><div class=\"float3\"><p style=\"text-align:center\"><strong>DOI-Nummer 10.23765\/afjz0002001<\/p>Mischbest\u00e4nde aus Kiefer (Pinus sylvestris L.) und Fichte (Picea abies (KARST.) L.): \u00d6kologie, Ertrag und waldbauliche Behandlung<\/strong> <br>KLAAS WELLHAUSEN, MICHAEL HEYM und HANS PRETZSCH <br>Band 188, Heft 1-2, pp 1-36 <br> <strong>SCHLAGW\u00d6RTER \u2013 KEY WORDS <\/strong> <br>  Kiefer; Fichte; funktionelle Komplementarit\u00e4t; strukturelle Komplementarit\u00e4t; multiplikativer Mischungseffekt; Mehrzuwachs; Erh\u00f6hung der stand\u00f6rtlichen Tragf\u00e4higkeit; Empfindlichkeit gegen\u00fcber Trockenstress; waldbauliche Entwicklungsm\u00f6glichkeiten.  <br> Norway spruce; Scots pine; niche complementarity; multiplicative mixing effect; overyielding; increase of site-specific carrying capacity; susceptibility to drought stress; silvicultural potentialities.  <\/p>\n<center><button onclick=\"window.location.href = 'https:\/\/www.sauerlaender-verlag.com\/CMS\/uploads\/media\/Wellhausen.pdf';\">Download<\/button><\/center><hr class=\"wp-block-separator\"\/><p style=\"text-align:center\"><strong>DOI Number 10.23765\/afjz0002002<\/strong><\/p><strong>Forest management, ecological continuity and bird protection in 19th century Germany: a systematic review<\/strong> <br>\n ANDREAS M\u00d6LDER, MARCUS SCHMIDT and PETER MEYER <br>\n Band 188, Heft 3-4, pp 37-55 <br>\n <strong>KEY WORDS \u2013 SCHLAGW\u00d6RTER <\/strong> <br>\n Ecological continuity; forest biodiversity; forest history; habitat trees; large old trees; nature conservation; oak; Quercus; tree protection; veteran trees. <br>\n Baumschutz; Baumveteranen; Biodiversit\u00e4t; Habitat b\u00e4ume; Habitatkontinuit\u00e4t; Eiche; Forstgeschichte; Naturschutz; Quercus; Vogelschutz. \n<\/p><center><button onclick=\"window.location.href = 'https:\/\/www.sauerlaender-verlag.com\/CMS\/uploads\/media\/_01__M\u00f6lder_6274.pdf';\">Download<\/button><\/center><hr class=\"wp-block-separator\"\/><p style=\"text-align:center\"><strong>DOI Number 10.23765\/afjz0002003<\/strong><\/p><strong>Untersuchungen zu Langzeiteffekten der Ausbringung von Rinden-AschenPresslingen auf Sickerwasser- und Bodenchemie sowie ern\u00e4hrungs\u00adkundliche Effekte in einem Fichtenaltbestand im Oberpf\u00e4lzer Wald<\/strong> <br>\n Rasmus ETTL und Axel G\u00d6TTLEIN <br>\n Band 188, Heft 3-4, pp 56-71 <br>\n <strong>SCHLAGW\u00d6RTER \u2013 KEY WORDS <\/strong> <br>\n Fichtenbestand; Rinden-Asche-Presslinge; D\u00fcngung; Sickerwasserchemie; N\u00e4hrstoff\u00adnachhaltigkeit; Ern\u00e4hrungszustand; Biomasse; Bodenchemie. <br>\n Spruce stand; bark ash pellets; fertilization; seepage water chemistry; nutrient sustainability; nutritional state; biomass; soil chemistry. \n<\/p><center><button onclick=\"window.location.href = 'https:\/\/www.sauerlaender-verlag.com\/CMS\/uploads\/media\/_02__Ettl_6275.pdf';\">Download<\/button><\/center><hr class=\"wp-block-separator\"\/><p style=\"text-align:center\"><strong>DOI Number 10.23765\/afjz0002004<\/strong><\/p><strong>Heterogene Akteure im Dialog: Einsichten und Erkenntnisse zu klima\u00adbedingten Risiken in der Waldbewirtschaftung<\/strong> <br>\n ENGELBERT SCHRAMM und JOHANNES LITSCHEL <br>\n Band 188, Heft 5-6, pp 73-84 <br>\n <strong>SCHLAGW\u00d6RTER \u2013 KEY WORDS <\/strong><br> \n Risiko; Risikokaskaden; Risikokategorien; Multifunktionalit\u00e4t; Waldwirtschaft im Klima\u00adwandel; sozial-\u00f6kologisches System. <br>\n Risk; risk cascades; multifunctional; forestry in climate change; social-ecological system. \n<\/p><center><button onclick=\"window.location.href = 'https:\/\/www.sauerlaender-verlag.com\/CMS\/uploads\/media\/_01__Schramm__6276_.pdf';\">Download<\/button><\/center><hr class=\"wp-block-separator\"\/><p style=\"text-align:center\"><strong>DOI Number 10.23765\/afjz0002005<\/strong><\/p><strong>Does Juncus effusus L. and Carex brizoides L. help to regenerate a sufficient aeration in compacted forest soils?<\/strong>  <br>\n JOHANNES HAAS, ANKE K\u00dcHNE, HELMER SCHACK-KIRCHNER and FRIEDERIKE LANG  <br>\n Band 188, Heft 5-6, pp 85-93  <br>\n <strong>KEY WORDS \u2013 SCHLAGW\u00d6RTER <\/strong>  <br>\n Soil compaction; skid trail; mechanized forestry; soil structure regeneration; Juncus effusus L.; Carex brizoides L.; soil aeration; micro topography.  <br>\n Bodenverdichtung; Bodenstruktur; Bodenstrukturregeneration; Juncus effusus L.; Carex brizoides L.; Bodenbel\u00fcftung; Mikrotopographie. \n<\/p><center><button onclick=\"window.location.href = 'https:\/\/www.sauerlaender-verlag.com\/CMS\/uploads\/media\/_02__Haas_6277.pdf';\">Download<\/button><\/center><hr class=\"wp-block-separator\"\/><p style=\"text-align:center\"><strong>DOI Number 10.23765\/afjz0002006<\/strong><\/p><strong>Stadtb\u00e4ume: Wachstum, Funktionen und Leistungen \u2013 Risiken und Forschungsperspektiven<\/strong>  <br>\n ASTRID MOSER, THOMAS R\u00d6TZER, STEPHAN PAULEIT und HANS PRETZSCH  <br>\n Band 188, Heft 5-6, pp 94-111  <br>\n <strong>KEY WORDS \u2013 SCHLAGW\u00d6RTER <\/strong>  <br>\n Gr\u00fcne Infrastruktur; \u00d6kosystemleistungen; Klimawandel.  <br>\n Green infrastructure; ecosystem services; climate change \n<\/p><center><button onclick=\"window.location.href = 'https:\/\/www.sauerlaender-verlag.com\/CMS\/uploads\/media\/_03__Moser_6278.pdf';\">Download<\/button><\/center><hr class=\"wp-block-separator\"\/><p style=\"text-align:center\"><strong>DOI Number 10.23765\/afjz0002007<\/strong><\/p><strong>Bereitschaft zur Klimawandelanpassung durch Kleinwaldbesitzer in \u00d6sterreich<\/strong>  <br>\n ULRIKE PR\u00d6BSTL-HAIDER, NINA MARLENE MOSTEGL, ROBERT JANDL, HERBERT FORMAYER, WOLFGANG HAIDER, KLAUS PUKALL und VERENA MELZER  <br>\n Band 188, Heft 7-8, pp 113-126  <br>\n <strong>KEY WORDS \u2013 SCHLAGW\u00d6RTER <\/strong>  <br>\n Klimawandel; Klimawandelanpassung; Choice Experiment;  Bestandsumbau. <br>\n Climate change; climate change adaptation; choice experiments; forest management. \n<\/p><center><button onclick=\"window.location.href = 'https:\/\/www.sauerlaender-verlag.com\/CMS\/uploads\/media\/_01__Proebstl_6283.pdf';\">Download<\/button><\/center><hr class=\"wp-block-separator\"\/><p style=\"text-align:center\"><strong>DOI Number 10.23765\/afjz0002008<\/strong><\/p><strong>Analyse der fotooptischen Vermessung von Kiefernstamm- und -industrieholz im Vergleich zum Sektionsrauma\u00df<\/strong> <br>\n TOBIAS CREMER und LUBOMIR BLASKO <br>\n Band 188, Heft 7-8, pp 127-139 <br>\n <strong>KEY WORDS \u2013 SCHLAGW\u00d6RTER <\/strong> <br>\n Holzlogistik; Holzbereitstellung; Fotooptik; Sektionsraumma\u00df; Holzvermessung; Industrieholz; Stammholz; Kiefer. <br>\n Wood logistics; wood supply chain; fotooptical methods, wood mensuration; industrial wood; stem wood; pine \n<\/p><center><button onclick=\"window.location.href = 'https:\/\/www.sauerlaender-verlag.com\/CMS\/uploads\/media\/_02__Cremer_6279.pdf';\">Download<\/button><\/center><hr class=\"wp-block-separator\"\/><p style=\"text-align:center\"><strong>DOI Number 10.23765\/afjz0002009<\/strong><\/p><strong>Ergebnisse einer standardisierten Untersuchung des Einpresswiderstandes konventioneller und alternativer Jagdb\u00fcchsengeschosse<\/strong> <br>\n RASMUS ETTL, JULIAN F\u00c4TH und AXEL G\u00d6TTLEIN <br>\n Band 188, Heft 7-8, pp 140-151 <br>\n <strong>KEY WORDS \u2013 SCHLAGW\u00d6RTER <\/strong> <br>\n B\u00fcchsengeschosse; Einpresswiderstand; Mantelgeschosse; Massivgeschosse. <br>Rifle bullets; setback force; jacket bullets; solid bullets. \n<\/p><center><button onclick=\"window.location.href = 'https:\/\/www.sauerlaender-verlag.com\/CMS\/uploads\/media\/_03__Ettl_6280.pdf';\">Download<\/button><\/center><hr class=\"wp-block-separator\"\/><p style=\"text-align:center\"><strong>DOI Number 10.23765\/afjz0002010<\/strong><\/p><strong>Macht die Herkunft den Unterschied? Ergebnisse der Nachkommenschaftspr\u00fcfungen von Stieleiche (Quercus robur L.) und Fichte (Picea abies (L.) KARST.) in Baden-W\u00fcrttemberg<\/strong> <br>\n LINDA WUNDERLICH, LUKAS FORREITER, MARCUS LINGENFELDER, MONIKA KONNERT und CHARALAMBOS NEOPHYTOU <br>\n Band 188, Heft 9-10, pp 153-167 <br>\n <strong>KEY WORDS \u2013 SCHLAGW\u00d6RTER <\/strong> <br>\n Herkunft; Anpassung; Nachkommenschaftspr\u00fcfung; Stieleiche (Quercus robur); Fichte (Picea abies); BadenW\u00fcrttemberg. <br>\n Provenance; adaptation; progeny test; pedunculate oak (Quercus robur); Norway spruce (Picea abies); BadenWuerttemberg. \n<\/p><center><button onclick=\"window.location.href = 'https:\/\/www.sauerlaender-verlag.com\/CMS\/uploads\/media\/_01__Wunderlich_6281.pdf';\">Download<\/button><\/center><hr class=\"wp-block-separator\"\/><p style=\"text-align:center\"><strong>DOI Number 10.23765\/afjz0002011<\/strong><\/p><strong>K\u00f6rpergewicht: Ein Indikator f\u00fcr das Monitoring von Rehpopulationen (Capreolus capreolus)<\/strong> <br>\n MELANIE N\u00c4GELI1 und MAIK REHNUS <br>\n Band 188, Heft 9-10, pp 168-175 <br>\n <strong>KEY WORDS \u2013 SCHLAGW\u00d6RTER <\/strong> <br>\n Alter; Geschlecht; Habitat; Individuum; Kitze; K\u00f6rpergewicht; Markierung; Monitoring; Variabilit\u00e4t; Wachstum. <br>\n Age; sex; habitat; individual; fawn; body weight; earmarking; monitoring; variability; body growth. \n<\/p><center><button onclick=\"window.location.href = 'https:\/\/www.sauerlaender-verlag.com\/CMS\/uploads\/media\/_02__Rehnus_6282.pdf';\">Download<\/button><\/center><hr class=\"wp-block-separator\"\/><p style=\"text-align:center\"><strong>DOI Number 10.23765\/afjz0002012<\/strong><\/p><strong>Zur Ph\u00e4nologie des Buchenprachtk\u00e4fers Agrilus viridis L. (Col., Buprestidae) in S\u00fcddeutschland<\/strong><br> \n CLAUS BR\u00dcCK-DYCKHOFF, RALF PETERCORD und REINHARD SCHOPF \n Band 188, Heft 9-10, pp 176-185 <br>\n <strong>KEY WORDS \u2013 SCHLAGW\u00d6RTER <\/strong> <br>\n Fallenfang; Aktivit\u00e4tsdichte; Flugkurven; Schw\u00e4rmverhalten; Temperatursummen; Latenz; Fangbaum; Entwicklungsdauer; Fagus sylvatica. <br>\n Trap catch; activity density; flight curves; swarming; day degrees; latency; trap tree; development time; beech splendour beetle; European beech. \n<\/p><center><button onclick=\"window.location.href = 'https:\/\/www.sauerlaender-verlag.com\/CMS\/uploads\/media\/_03__Brueck_6284.pdf';\">Download<\/button><\/center><hr class=\"wp-block-separator\"\/><p style=\"text-align:center\"><strong>DOI Number 10.23765\/afjz0002013<\/strong><\/p><strong>Visuelle Wahrnehmung und sprachliche Beurteilung von Holzoberfl\u00e4chen durch Endverbraucher \u2013 Relevante Begrifflichkeiten untersucht am Beispiel von Kiefernholz-Dielenb\u00f6den<\/strong> <br>\n ANDREAS MANUEL, R. LEONHART, O. BROMAN und G. BECKER <br>\n Band 188, Heft 9-10, pp 186-196 <br>\n <strong>KEY WORDS \u2013 SCHLAGW\u00d6RTER <\/strong> <br>\n Wahrnehmung; Dielenb\u00f6den; Pinus sylvestris; Endverbraucher; Pr\u00e4ferenzen. <br>\n Perception; wood; floors; Pinus sylvestris; consumers; preferences. \n<\/p><center><button onclick=\"window.location.href = 'https:\/\/www.sauerlaender-verlag.com\/CMS\/uploads\/media\/_04__Manuel_6285.pdf';\">Download<\/button><\/center><hr class=\"wp-block-separator\"\/><p style=\"text-align:center\"><strong>DOI Number 10.23765\/afjz0002014<\/strong><\/p><strong>Beeinflussen h\/d-Wert und Standortsbonit\u00e4t das Auftreten von Schaftrissen an Fichten (Picea abies L. Karst)?<\/strong> <br>\n MARTIN KOHLER, JAN KIEHNE, JENS BORCHERS und J\u00dcRGEN BAUHUS <br>\n Band 188, Heft 11-12, pp 197-209 <br>\n <strong>KEY WORDS \u2013 SCHLAGW\u00d6RTER <\/strong> <br>\n Fichte; Schaftrisse; Trockenrisse; h\/d-Wert; Standort; Z-Baum. <br>\n Norway spruce; stem cracks; h\/d ratio; site index; future crop tree. \n<\/p><center><button onclick=\"window.location.href = 'https:\/\/www.sauerlaender-verlag.com\/CMS\/uploads\/media\/_01__Kohler_6286.pdf';\">Download<\/button><\/center><hr class=\"wp-block-separator\"\/><p style=\"text-align:center\"><strong>DOI Number 10.23765\/afjz0002015<\/strong><\/p><strong>Analysen mit DNS-Genmarkern an Uralteichen in verschiedenen Regionen Deutschlands<\/strong> <br>\n LUDGER LEINEMANN, BERNHARD HOSIUS, FRITZ BERGMANN, WOLFGANG ARENH\u00d6VEL, MARTIN ROGGE, WOLFGANG VOTH und OLIVER GAILING <br>\n Band 188, Heft 11-12, pp 210-221 <br>\n <strong>KEY WORDS \u2013 SCHLAGW\u00d6RTER <\/strong> <br>\n Querucs; Mikrosatelliten; Haplotypen; Artdifferenzierung; r\u00e4umlich-genetische Strukturen. <br>Querucs; microsatellites; haplotypes; species differentia tion; spatial genetic structure. \n<\/p><center><button onclick=\"window.location.href = 'https:\/\/www.sauerlaender-verlag.com\/CMS\/uploads\/media\/_02__Leinemann_6287.pdf';\">Download<\/button><\/center><hr class=\"wp-block-separator\"\/><p style=\"text-align:center\"><strong>DOI Number 10.23765\/afjz0002016<\/strong><\/p><strong>Vergleichende Betrachtung der Metallionenfreisetzung konventioneller und alternativer Jagdschrote in einem Perkolationsversuch<\/strong> <br>\n JULIAN F\u00c4TH und AXEL G\u00d6TTLEIN <br>\n Band 188, Heft 11-12, pp 222-232 <br>\n <strong>KEY WORDS \u2013 SCHLAGW\u00d6RTER <\/strong> <br>\n Schrotmunition; \u00d6kotoxizit\u00e4t; Schwermetalle; Zink; Nickel; Kupfer; Blei; Zinn; Antimon; Wismut; Wolfram. <br>\n Shotgun ammunition; ecotoxicity; heavy metals; zinc; nickel; copper; lead; tin; antimony; bismuth; tungsten. \n<\/p><center><button onclick=\"window.location.href = 'https:\/\/www.sauerlaender-verlag.com\/CMS\/uploads\/media\/_03__F\u00e4th_6288.pdf';\">Download<\/button><\/center><\/div>","protected":false},"excerpt":{"rendered":"<p>J. D. Sauerl\u00e4nder\u2019s Verlag Hier finden Sie in absteigender Reihenfolge die mit einer DOI-Nummer versehenen Artikel aus Here you will find starting with N\u00b0 1 the articles with a DOI-number published in ALLGEMEINE FORST UND JAGDZEITUNG German Journal of Forest &hellip; <a href=\"https:\/\/www.sauerlaender-verlag.com\/en\/doi-afjz-2017\/\">Continue reading <span class=\"meta-nav\">&rarr;<\/span><\/a><\/p>\n","protected":false},"author":1,"featured_media":0,"parent":0,"menu_order":0,"comment_status":"closed","ping_status":"closed","template":"","meta":{"footnotes":""},"class_list":["post-1901","page","type-page","status-publish","hentry"],"translation":{"provider":"WPGlobus","version":"3.0.0","language":"en","enabled_languages":["de","en"],"languages":{"de":{"title":true,"content":true,"excerpt":false},"en":{"title":false,"content":false,"excerpt":false}}},"_links":{"self":[{"href":"https:\/\/www.sauerlaender-verlag.com\/en\/wp-json\/wp\/v2\/pages\/1901","targetHints":{"allow":["GET"]}}],"collection":[{"href":"https:\/\/www.sauerlaender-verlag.com\/en\/wp-json\/wp\/v2\/pages"}],"about":[{"href":"https:\/\/www.sauerlaender-verlag.com\/en\/wp-json\/wp\/v2\/types\/page"}],"author":[{"embeddable":true,"href":"https:\/\/www.sauerlaender-verlag.com\/en\/wp-json\/wp\/v2\/users\/1"}],"replies":[{"embeddable":true,"href":"https:\/\/www.sauerlaender-verlag.com\/en\/wp-json\/wp\/v2\/comments?post=1901"}],"version-history":[{"count":58,"href":"https:\/\/www.sauerlaender-verlag.com\/en\/wp-json\/wp\/v2\/pages\/1901\/revisions"}],"predecessor-version":[{"id":3781,"href":"https:\/\/www.sauerlaender-verlag.com\/en\/wp-json\/wp\/v2\/pages\/1901\/revisions\/3781"}],"wp:attachment":[{"href":"https:\/\/www.sauerlaender-verlag.com\/en\/wp-json\/wp\/v2\/media?parent=1901"}],"curies":[{"name":"wp","href":"https:\/\/api.w.org\/{rel}","templated":true}]}}