{"id":19,"date":"2013-09-27T13:16:50","date_gmt":"2013-09-27T11:16:50","guid":{"rendered":"http:\/\/www.sauerlaender-verlag.com\/wordpress\/?page_id=19"},"modified":"2025-04-28T19:46:51","modified_gmt":"2025-04-28T17:46:51","slug":"ueber-den-verlag","status":"publish","type":"page","link":"https:\/\/www.sauerlaender-verlag.com\/en\/ueber-den-verlag\/","title":{"rendered":"\u00dcber den Verlag"},"content":{"rendered":"<p>J.D. Sauerl\u00e4nder&#8217;s Verlag, Ihr Fachverlag f\u00fcr Forstwissenschaft, Forstgenetik und Klassische Philologie mit einer mehr als 375-j\u00e4hrigen Firmengeschichte.<\/p>\n<p>Ein kleines und feines St\u00fcck Buchdrucker- und Verlagstradition mit Sinn f\u00fcr Qualit\u00e4t, Kontinuit\u00e4t und Dienst am Kunden.<\/p>\n<p>Stephanie J. Aulbach-Stankovic<br \/>\nVerleger<\/p>\n","protected":false},"excerpt":{"rendered":"<p>J.D. Sauerl\u00e4nder&#8217;s Verlag, Ihr Fachverlag f\u00fcr Forstwissenschaft, Forstgenetik und Klassische Philologie mit einer mehr als 375-j\u00e4hrigen Firmengeschichte. Ein kleines und feines St\u00fcck Buchdrucker- und Verlagstradition mit Sinn f\u00fcr Qualit\u00e4t, Kontinuit\u00e4t und Dienst am Kunden. Stephanie J. Aulbach-Stankovic Verleger<\/p>\n","protected":false},"author":1,"featured_media":0,"parent":0,"menu_order":1,"comment_status":"closed","ping_status":"closed","template":"","meta":{"footnotes":""},"class_list":["post-19","page","type-page","status-publish","hentry"],"translation":{"provider":"WPGlobus","version":"3.0.0","language":"en","enabled_languages":["de","en"],"languages":{"de":{"title":true,"content":true,"excerpt":false},"en":{"title":true,"content":true,"excerpt":false}}},"_links":{"self":[{"href":"https:\/\/www.sauerlaender-verlag.com\/en\/wp-json\/wp\/v2\/pages\/19","targetHints":{"allow":["GET"]}}],"collection":[{"href":"https:\/\/www.sauerlaender-verlag.com\/en\/wp-json\/wp\/v2\/pages"}],"about":[{"href":"https:\/\/www.sauerlaender-verlag.com\/en\/wp-json\/wp\/v2\/types\/page"}],"author":[{"embeddable":true,"href":"https:\/\/www.sauerlaender-verlag.com\/en\/wp-json\/wp\/v2\/users\/1"}],"replies":[{"embeddable":true,"href":"https:\/\/www.sauerlaender-verlag.com\/en\/wp-json\/wp\/v2\/comments?post=19"}],"version-history":[{"count":3,"href":"https:\/\/www.sauerlaender-verlag.com\/en\/wp-json\/wp\/v2\/pages\/19\/revisions"}],"predecessor-version":[{"id":3560,"href":"https:\/\/www.sauerlaender-verlag.com\/en\/wp-json\/wp\/v2\/pages\/19\/revisions\/3560"}],"wp:attachment":[{"href":"https:\/\/www.sauerlaender-verlag.com\/en\/wp-json\/wp\/v2\/media?parent=19"}],"curies":[{"name":"wp","href":"https:\/\/api.w.org\/{rel}","templated":true}]}}